{"id":83104,"date":"2023-09-23T08:08:16","date_gmt":"2023-09-23T06:08:16","guid":{"rendered":"https:\/\/fysiolab.dk\/product\/innerfor-til-nextep-contour-walker-stoevler\/"},"modified":"2025-12-18T09:21:24","modified_gmt":"2025-12-18T08:21:24","slug":"innerfor-til-nextep-contour-walker-stoevler","status":"publish","type":"product","link":"https:\/\/fysiolab.dk\/no\/product\/innerfor-til-nextep-contour-walker-stoevler\/","title":{"rendered":"Innerfor til Nextep Contour Walker-st\u00f8vler"},"content":{"rendered":"<p>Innerf\u00f4r til Nextep Contour Walker-st\u00f8vler n\u00e5r det gamle har blitt slitt og brukt. Passer b\u00e5de Contour og ContourII <\/p>\n<p>F\u00f4ret passer til disse st\u00f8vlene:<\/p>\n<p><a href=\"https:\/\/fysiolab.dk\/no\/product\/procare-nextep-contour-rullatorstoevel\/\">https:\/\/fysiolab.dk\/product\/procare-nextep-contour-walker-stoevle\/<\/a><\/p>\n<p><a href=\"https:\/\/fysiolab.dk\/no\/product\/procare-nextep-contour-ii-walker-stoevel\/\">https:\/\/fysiolab.dk\/product\/procare-nextep-contour-ii-walker-stoevle\/<\/a><\/p>\n<p><strong>St\u00f8rrelser (kj\u00f8p tilsvarende den st\u00f8rrelsen Walker-st\u00f8vel du har)<\/strong><\/p>\n<p><strong>Liten<\/strong><\/p>\n<p><strong>Medium  <\/strong><\/p>\n<p><strong>Stor  <\/strong><\/p>\n","protected":false},"excerpt":{"rendered":"<p><strong>Innerf\u00f4r til Nextep Contour Walker-st\u00f8vler n\u00e5r det gamle har blitt slitt og brukt.  <\/strong><\/p>\n","protected":false},"featured_media":99676,"comment_status":"closed","ping_status":"closed","template":"","meta":{"_acf_changed":false},"product_brand":[3091],"product_cat":[1933,2081,2035],"product_tag":[2173,2264],"class_list":{"0":"post-83104","1":"product","2":"type-product","3":"status-publish","4":"has-post-thumbnail","6":"product_brand-donjoy","7":"product_cat-skinner-og-stoetteskinner","8":"product_cat-tilbehoer","9":"product_cat-walkerstoevler-og-tilbehoer","10":"product_tag-donjoy-no","11":"product_tag-procare-no","13":"first","14":"instock","15":"taxable","16":"shipping-taxable","17":"purchasable","18":"product-type-variable"},"acf":[],"_links":{"self":[{"href":"https:\/\/fysiolab.dk\/no\/wp-json\/wp\/v2\/product\/83104","targetHints":{"allow":["GET"]}}],"collection":[{"href":"https:\/\/fysiolab.dk\/no\/wp-json\/wp\/v2\/product"}],"about":[{"href":"https:\/\/fysiolab.dk\/no\/wp-json\/wp\/v2\/types\/product"}],"replies":[{"embeddable":true,"href":"https:\/\/fysiolab.dk\/no\/wp-json\/wp\/v2\/comments?post=83104"}],"wp:featuredmedia":[{"embeddable":true,"href":"https:\/\/fysiolab.dk\/no\/wp-json\/wp\/v2\/media\/99676"}],"wp:attachment":[{"href":"https:\/\/fysiolab.dk\/no\/wp-json\/wp\/v2\/media?parent=83104"}],"wp:term":[{"taxonomy":"product_brand","embeddable":true,"href":"https:\/\/fysiolab.dk\/no\/wp-json\/wp\/v2\/product_brand?post=83104"},{"taxonomy":"product_cat","embeddable":true,"href":"https:\/\/fysiolab.dk\/no\/wp-json\/wp\/v2\/product_cat?post=83104"},{"taxonomy":"product_tag","embeddable":true,"href":"https:\/\/fysiolab.dk\/no\/wp-json\/wp\/v2\/product_tag?post=83104"}],"curies":[{"name":"wp","href":"https:\/\/api.w.org\/{rel}","templated":true}]}}