{"id":83121,"date":"2023-07-16T14:33:41","date_gmt":"2023-07-16T12:33:41","guid":{"rendered":"https:\/\/fysiolab.dk\/product\/donjoy-scapulax-skulderstoette\/"},"modified":"2025-12-18T09:21:25","modified_gmt":"2025-12-18T08:21:25","slug":"donjoy-scapulax-skulderstoette","status":"publish","type":"product","link":"https:\/\/fysiolab.dk\/no\/product\/donjoy-scapulax-skulderstoette\/","title":{"rendered":"DonJoy ScapuLax skulderst\u00f8tte"},"content":{"rendered":"<p>DonJoy ScapuLax skulderbandasje st\u00f8tter og stabiliserer skulderleddet. Bandasjen er utformet for \u00e5 gi anatomisk st\u00f8tte rundt det store skulderleddet og stabilisere skulderbladet og dets muskulatur. Bandasjen tillater fortsatt bevegelse av leddet, slik at du kan bruke den til hverdagsaktiviteter og sport.  <strong>  Bandasjen kan brukes til b\u00e5de h\u00f8yre og venstre arm.<\/strong><\/p>\n<p><strong>St\u00f8rrelsesguide<\/strong><\/p>\n<p><strong>M\u00e5l omkretsen der overarmen\/biceps er st\u00f8rst<\/strong><\/p>\n<p><a href=\"https:\/\/dev.fysiolab.dk\/wp-content\/uploads\/2025\/05\/A5.png\"><img fetchpriority=\"high\" decoding=\"async\" class=\"alignnone size-medium wp-image-202393402\" src=\"https:\/\/dev.fysiolab.dk\/wp-content\/uploads\/2025\/05\/A5-300x169.png\" alt=\"\" width=\"300\" height=\"169\" title=\"\"><\/a><\/p>\n<p><strong>Omkrets Str.  <\/strong><\/p>\n<p><strong>20-22 cm XXS<\/strong><\/p>\n<p><strong>22-24 cm XS<\/strong><\/p>\n<p><strong>24-26 cm S<\/strong><\/p>\n<p><strong>26-29 cm M<\/strong><\/p>\n<p><strong>29-32 cm L<\/strong><\/p>\n<p><strong>32-36 cm XL<\/strong><\/p>\n<p><strong>36-40 cm XXL<\/strong><\/p>\n<p><strong>Fordeler og funksjoner<\/p>\n<p><\/strong>Anatomisk 3D-strikkdesign som gir effektiv og m\u00e5lrettet kompresjon og st\u00f8tte. Skulderleddpute som gir ekstra stabilitet i skulderleddet og forbedret propriosepsjon. Justerbare, elastiske stropper rundt brystet for \u00e5 holde den p\u00e5 plass.  <\/p>\n<p>- Passer til b\u00e5de venstre og h\u00f8yre skulder<\/p>\n<p>- Inneholder ikke naturlig lateks<\/p>\n<p>- Lett \u00e5 rengj\u00f8re, kan vaskes i maskin<\/p>\n<p><iframe title=\"DonJoy ScapuLax Fitting\" width=\"800\" height=\"450\" src=\"https:\/\/www.youtube.com\/embed\/tDZpnaxcOQk?feature=oembed\" frameborder=\"0\" allow=\"accelerometer; autoplay; clipboard-write; encrypted-media; gyroscope; picture-in-picture; web-share\" referrerpolicy=\"strict-origin-when-cross-origin\" allowfullscreen><\/iframe><\/p>\n","protected":false},"excerpt":{"rendered":"<p><strong>Skinnen er utformet for \u00e5 gi anatomisk st\u00f8tte rundt det store skulderleddet og stabilitet i skulderbladet og dets muskulatur. Skinnen tillater fortsatt bevegelse av leddet, slik at du kan bruke den til hverdagsaktiviteter og idrett.  Bandasjen kan brukes til b\u00e5de h\u00f8yre og venstre arm.  <\/strong><\/p>\n<p>https:\/\/www.youtube.com\/watch?v=MMEmvSHeyX0<\/p>\n","protected":false},"featured_media":83134,"comment_status":"closed","ping_status":"closed","template":"","meta":{"_acf_changed":false},"product_brand":[3091],"product_cat":[2249,2250,1938,2125,2269,2251,1937,1970,1933,2118],"product_tag":[2173],"class_list":{"0":"post-83121","1":"product","2":"type-product","3":"status-publish","4":"has-post-thumbnail","6":"product_brand-donjoy","7":"product_cat-avklemmingssyndrom","8":"product_cat-bicepsruptur-no","9":"product_cat-donjoy-no","10":"product_cat-donjoy-skulderstoette","11":"product_cat-forstuet-skulder","12":"product_cat-instabilitet-ustabil-skulder-skuldersmerter-no","13":"product_cat-merkevarer","14":"product_cat-padel-no","15":"product_cat-skinner-og-stoetteskinner","16":"product_cat-skulder-no","17":"product_tag-donjoy-no","19":"first","20":"instock","21":"taxable","22":"shipping-taxable","23":"purchasable","24":"product-type-variable"},"acf":[],"_links":{"self":[{"href":"https:\/\/fysiolab.dk\/no\/wp-json\/wp\/v2\/product\/83121","targetHints":{"allow":["GET"]}}],"collection":[{"href":"https:\/\/fysiolab.dk\/no\/wp-json\/wp\/v2\/product"}],"about":[{"href":"https:\/\/fysiolab.dk\/no\/wp-json\/wp\/v2\/types\/product"}],"replies":[{"embeddable":true,"href":"https:\/\/fysiolab.dk\/no\/wp-json\/wp\/v2\/comments?post=83121"}],"wp:featuredmedia":[{"embeddable":true,"href":"https:\/\/fysiolab.dk\/no\/wp-json\/wp\/v2\/media\/83134"}],"wp:attachment":[{"href":"https:\/\/fysiolab.dk\/no\/wp-json\/wp\/v2\/media?parent=83121"}],"wp:term":[{"taxonomy":"product_brand","embeddable":true,"href":"https:\/\/fysiolab.dk\/no\/wp-json\/wp\/v2\/product_brand?post=83121"},{"taxonomy":"product_cat","embeddable":true,"href":"https:\/\/fysiolab.dk\/no\/wp-json\/wp\/v2\/product_cat?post=83121"},{"taxonomy":"product_tag","embeddable":true,"href":"https:\/\/fysiolab.dk\/no\/wp-json\/wp\/v2\/product_tag?post=83121"}],"curies":[{"name":"wp","href":"https:\/\/api.w.org\/{rel}","templated":true}]}}