{"id":83125,"date":"2023-09-22T18:50:28","date_gmt":"2023-09-22T16:50:28","guid":{"rendered":"https:\/\/fysiolab.dk\/product\/donjoy-polyform-haandleddsskinne\/"},"modified":"2025-12-18T09:21:24","modified_gmt":"2025-12-18T08:21:24","slug":"donjoy-polyform-haandleddsskinne","status":"publish","type":"product","link":"https:\/\/fysiolab.dk\/no\/product\/donjoy-polyform-haandleddsskinne\/","title":{"rendered":"DonJoy Polyform h\u00e5ndleddsskinne"},"content":{"rendered":"<p>DonJoy Polyform H\u00e5ndleddsskinne anbefales til immobilisering av h\u00e5nd, h\u00e5ndledd og tommel ved rematoid artritt eller etter brudd. Skinnen kan ogs\u00e5 brukes til \u00e5 redusere fleksjonsspastisitet i h\u00e5nden og fingrene. Skinnen passer til b\u00e5de h\u00f8yre og venstre h\u00e5nd  <\/p>\n<p><strong>St\u00f8rrelsesguide  <\/strong><\/p>\n<p><strong>M\u00e5l omkretsen p\u00e5 h\u00e5ndleddet der det er minst<\/strong><\/p>\n<p><a href=\"https:\/\/dev.fysiolab.dk\/wp-content\/uploads\/2025\/05\/H2.png\"><img fetchpriority=\"high\" decoding=\"async\" class=\"alignnone size-medium wp-image-202392805\" src=\"https:\/\/dev.fysiolab.dk\/wp-content\/uploads\/2025\/05\/H2-300x169.png\" alt=\"\" width=\"300\" height=\"169\" title=\"\"><\/a><\/p>\n<p><strong>Omkrets Str<\/strong><\/p>\n<p><strong>11-14 cm XS<\/strong><\/p>\n<p><strong>14-16 cm S<\/strong><\/p>\n<p><strong>16-19 cm M<\/strong><\/p>\n<p><strong>19-21 cm L<\/strong><\/p>\n<p><strong>21-24 cm XL<\/strong><\/p>\n","protected":false},"excerpt":{"rendered":"<p><strong>DonJoy Polyform H\u00e5ndleddsskinne anbefales til immobilisering av h\u00e5nd, h\u00e5ndledd og tommel ved rematoid artritt eller etter brudd. Skinnen kan ogs\u00e5 brukes til \u00e5 redusere fleksjonsspastisitet i h\u00e5nden og fingrene. Skinnen passer til b\u00e5de h\u00f8yre og venstre h\u00e5nd  <\/strong><\/p>\n<p>https:\/\/www.youtube.com\/watch?v=uT1ZaBnbLiI<\/p>\n","protected":false},"featured_media":83146,"comment_status":"closed","ping_status":"closed","template":"","meta":{"_acf_changed":false},"product_brand":[3091],"product_cat":[2071,2042,1938,2048,2040,1937,1933],"product_tag":[2173],"class_list":{"0":"post-83125","1":"product","2":"type-product","3":"status-publish","4":"has-post-thumbnail","6":"product_brand-donjoy","7":"product_cat-artrose-i-haandleddet","8":"product_cat-brudd-i-haandleddet","9":"product_cat-donjoy-no","10":"product_cat-donjoy-haandleddstoette","11":"product_cat-haand-og-haandleddsskinne","12":"product_cat-merkevarer","13":"product_cat-skinner-og-stoetteskinner","14":"product_tag-donjoy-no","16":"first","17":"instock","18":"taxable","19":"shipping-taxable","20":"purchasable","21":"product-type-variable"},"acf":[],"_links":{"self":[{"href":"https:\/\/fysiolab.dk\/no\/wp-json\/wp\/v2\/product\/83125","targetHints":{"allow":["GET"]}}],"collection":[{"href":"https:\/\/fysiolab.dk\/no\/wp-json\/wp\/v2\/product"}],"about":[{"href":"https:\/\/fysiolab.dk\/no\/wp-json\/wp\/v2\/types\/product"}],"replies":[{"embeddable":true,"href":"https:\/\/fysiolab.dk\/no\/wp-json\/wp\/v2\/comments?post=83125"}],"wp:featuredmedia":[{"embeddable":true,"href":"https:\/\/fysiolab.dk\/no\/wp-json\/wp\/v2\/media\/83146"}],"wp:attachment":[{"href":"https:\/\/fysiolab.dk\/no\/wp-json\/wp\/v2\/media?parent=83125"}],"wp:term":[{"taxonomy":"product_brand","embeddable":true,"href":"https:\/\/fysiolab.dk\/no\/wp-json\/wp\/v2\/product_brand?post=83125"},{"taxonomy":"product_cat","embeddable":true,"href":"https:\/\/fysiolab.dk\/no\/wp-json\/wp\/v2\/product_cat?post=83125"},{"taxonomy":"product_tag","embeddable":true,"href":"https:\/\/fysiolab.dk\/no\/wp-json\/wp\/v2\/product_tag?post=83125"}],"curies":[{"name":"wp","href":"https:\/\/api.w.org\/{rel}","templated":true}]}}