{"id":83145,"date":"2023-07-16T14:33:17","date_gmt":"2023-07-16T12:33:17","guid":{"rendered":"https:\/\/fysiolab.dk\/product\/donjoy-malleoforce-plus-ankelstoette\/"},"modified":"2025-12-18T09:21:25","modified_gmt":"2025-12-18T08:21:25","slug":"donjoy-malleoforce-plus-ankelstoette","status":"publish","type":"product","link":"https:\/\/fysiolab.dk\/no\/product\/donjoy-malleoforce-plus-ankelstoette\/","title":{"rendered":"DonJoy Malleoforce plus ankelst\u00f8tte"},"content":{"rendered":"<p>Malleoforce plus er det nyeste tilskuddet til den popul\u00e6re Force-serien. Skinnen er designet i anatomisk strikk som gir kompresjon og st\u00f8tte, og sammen med de 2 p\u00e5 begge sider av leddet s\u00f8rger den for stabilitet over ankelleddet. Skinnen har en ekstra justerbar stropp som kan vikles rundt leddet og forsterkes som en 8-spenne. Dette gir \u00f8kt propriosepsjon og nevrofeedback til leddet, noe som anbefales i den akutte fasen etter en skade. Den anbefales ogs\u00e5 ved moderate til sterke artrosesmerter.      <strong>Kan brukes til b\u00e5de venstre og h\u00f8yre<\/strong><\/p>\n<p><strong>St\u00f8rrelsesguide  <\/strong><\/p>\n<p><strong>M\u00e5l omkretsen av ankelen over knokene (malleoli)<\/strong><\/p>\n<p><a href=\"https:\/\/dev.fysiolab.dk\/wp-content\/uploads\/2025\/05\/F3.png\"><img fetchpriority=\"high\" decoding=\"async\" class=\"alignnone size-medium wp-image-202393097\" src=\"https:\/\/dev.fysiolab.dk\/wp-content\/uploads\/2025\/05\/F3-300x169.png\" alt=\"\" width=\"300\" height=\"169\" title=\"\"><\/a><\/p>\n<p><strong>Omkrets St\u00f8rrelse<\/strong><\/p>\n<p><strong>17-19 cm XS<\/strong><\/p>\n<p><strong>19-21 cm S<\/strong><\/p>\n<p><strong>21-23 cm M<\/strong><\/p>\n<p><strong>23-25 cm L<\/strong><\/p>\n<p><strong>25-27 cm XL<\/strong><\/p>\n<p><strong>27-29 cm XXL<\/strong><\/p>\n<p>Denne bandasjen er en ny og forbedret versjon av den gamle forceline-serien<\/p>\n<p><iframe title=\"Opm\u00e5lingsvejledning ankel FysioLab\" width=\"800\" height=\"450\" src=\"https:\/\/www.youtube.com\/embed\/rkUnY8rnXpY?feature=oembed\" frameborder=\"0\" allow=\"accelerometer; autoplay; clipboard-write; encrypted-media; gyroscope; picture-in-picture; web-share\" referrerpolicy=\"strict-origin-when-cross-origin\" allowfullscreen><\/iframe><\/p>\n","protected":false},"excerpt":{"rendered":"<p><strong>Malleoforce plus er det nyeste tilskuddet til den popul\u00e6re Force-serien. Skinnen er designet i anatomisk strikk som gir kompresjon og st\u00f8tte, og sammen med de 2 p\u00e5 begge sider av leddet s\u00f8rger den for stabilitet over ankelleddet. Bandasjen har en ekstra justerbar stropp som kan vikles rundt leddet og forsterkes som en 8-spenne.  <\/strong><\/p>\n","protected":false},"featured_media":83155,"comment_status":"closed","ping_status":"closed","template":"","meta":{"_acf_changed":false},"product_brand":[],"product_cat":[2262,2074,1992,2182,2076,2181,1938,2203,2912,1937,1933,2077],"product_tag":[2173],"class_list":{"0":"post-83145","1":"product","2":"type-product","3":"status-publish","4":"has-post-thumbnail","6":"product_cat-akutte-smerter-i-ankelen","7":"product_cat-ankelforstuing","8":"product_cat-ankelskinne","9":"product_cat-ankelskinner-for-haandball","10":"product_cat-ankelvridning","11":"product_cat-artrose-i-ankelleddet","12":"product_cat-donjoy-no","13":"product_cat-donjoy-ankelstoette","14":"product_cat-forceline-no","15":"product_cat-merkevarer","16":"product_cat-skinner-og-stoetteskinner","17":"product_cat-ustabil-ankel-no","18":"product_tag-donjoy-no","20":"first","21":"instock","22":"taxable","23":"shipping-taxable","24":"purchasable","25":"product-type-variable"},"acf":[],"_links":{"self":[{"href":"https:\/\/fysiolab.dk\/no\/wp-json\/wp\/v2\/product\/83145","targetHints":{"allow":["GET"]}}],"collection":[{"href":"https:\/\/fysiolab.dk\/no\/wp-json\/wp\/v2\/product"}],"about":[{"href":"https:\/\/fysiolab.dk\/no\/wp-json\/wp\/v2\/types\/product"}],"replies":[{"embeddable":true,"href":"https:\/\/fysiolab.dk\/no\/wp-json\/wp\/v2\/comments?post=83145"}],"wp:featuredmedia":[{"embeddable":true,"href":"https:\/\/fysiolab.dk\/no\/wp-json\/wp\/v2\/media\/83155"}],"wp:attachment":[{"href":"https:\/\/fysiolab.dk\/no\/wp-json\/wp\/v2\/media?parent=83145"}],"wp:term":[{"taxonomy":"product_brand","embeddable":true,"href":"https:\/\/fysiolab.dk\/no\/wp-json\/wp\/v2\/product_brand?post=83145"},{"taxonomy":"product_cat","embeddable":true,"href":"https:\/\/fysiolab.dk\/no\/wp-json\/wp\/v2\/product_cat?post=83145"},{"taxonomy":"product_tag","embeddable":true,"href":"https:\/\/fysiolab.dk\/no\/wp-json\/wp\/v2\/product_tag?post=83145"}],"curies":[{"name":"wp","href":"https:\/\/api.w.org\/{rel}","templated":true}]}}