{"id":83158,"date":"2023-07-16T14:32:00","date_gmt":"2023-07-16T12:32:00","guid":{"rendered":"https:\/\/fysiolab.dk\/product\/elektroder-av-karbongummi\/"},"modified":"2025-12-18T09:21:27","modified_gmt":"2025-12-18T08:21:27","slug":"elektroder-av-karbongummi","status":"publish","type":"product","link":"https:\/\/fysiolab.dk\/no\/product\/elektroder-av-karbongummi\/","title":{"rendered":"Elektroder av karbongummi"},"content":{"rendered":"<p>Gjenbrukbare elektroder av karbongummi. Brukes med gel og\/eller tape. Finnes i f\u00f8lgende st\u00f8rrelser: <strong>4,5&#215;5 cm<\/strong>, <strong>4&#215;6 cm, 5&#215;9 cm, 6&#215;8 cm og 8&#215;12 cm<\/strong>.  <\/p>\n<p><strong>Selges enkeltvis.<\/strong><\/p>\n<p>V\u00e6r oppmerksom p\u00e5 at disse kablene m\u00e5 brukes til bruk av karbongummielektroder. Kablene passer til Compex Sp. 2.0 og 4.0 og Fit 3.0 <\/p>\n<p><a href=\"https:\/\/fysiolab.dk\/no\/product\/kabler-for-bruk-med-elektroder-av-karbongummi\/\">Kabler for bruk av elektroder av karbongummi<\/a><\/p>\n","protected":false},"excerpt":{"rendered":"<p><strong>Genanvendelig kulgummi elektroder. Bruges sammen med gel og\/eller tape. F\u00e5s i f\u00f8lgende str.. <\/strong><\/p>\n<p><strong>4,5&#215;5 cm  <\/strong><\/p>\n<p><strong>4&#215;6 cm  <\/strong><\/p>\n<p><strong>5&#215;9 cm<\/strong><\/p>\n<p><strong>6&#215;8 cm<\/strong><\/p>\n<p><strong>8&#215;12 cm.  <\/strong><\/p>\n<p><strong>Selges enkeltvis.  <\/strong><\/p>\n","protected":false},"featured_media":83167,"comment_status":"closed","ping_status":"closed","template":"","meta":{"_acf_changed":false},"product_brand":[3103],"product_cat":[1982,1950,2507],"product_tag":[2612],"class_list":{"0":"post-83158","1":"product","2":"type-product","3":"status-publish","4":"has-post-thumbnail","6":"product_brand-chattanooga","7":"product_cat-compex-elektroder-no","8":"product_cat-elektroterapi","9":"product_cat-tilbehoer-no","10":"product_tag-chattanooga-no","12":"first","13":"instock","14":"taxable","15":"shipping-taxable","16":"purchasable","17":"product-type-variable"},"acf":[],"_links":{"self":[{"href":"https:\/\/fysiolab.dk\/no\/wp-json\/wp\/v2\/product\/83158","targetHints":{"allow":["GET"]}}],"collection":[{"href":"https:\/\/fysiolab.dk\/no\/wp-json\/wp\/v2\/product"}],"about":[{"href":"https:\/\/fysiolab.dk\/no\/wp-json\/wp\/v2\/types\/product"}],"replies":[{"embeddable":true,"href":"https:\/\/fysiolab.dk\/no\/wp-json\/wp\/v2\/comments?post=83158"}],"wp:featuredmedia":[{"embeddable":true,"href":"https:\/\/fysiolab.dk\/no\/wp-json\/wp\/v2\/media\/83167"}],"wp:attachment":[{"href":"https:\/\/fysiolab.dk\/no\/wp-json\/wp\/v2\/media?parent=83158"}],"wp:term":[{"taxonomy":"product_brand","embeddable":true,"href":"https:\/\/fysiolab.dk\/no\/wp-json\/wp\/v2\/product_brand?post=83158"},{"taxonomy":"product_cat","embeddable":true,"href":"https:\/\/fysiolab.dk\/no\/wp-json\/wp\/v2\/product_cat?post=83158"},{"taxonomy":"product_tag","embeddable":true,"href":"https:\/\/fysiolab.dk\/no\/wp-json\/wp\/v2\/product_tag?post=83158"}],"curies":[{"name":"wp","href":"https:\/\/api.w.org\/{rel}","templated":true}]}}