{"id":83159,"date":"2023-07-16T14:33:17","date_gmt":"2023-07-16T12:33:17","guid":{"rendered":"https:\/\/fysiolab.dk\/product\/donjoy-malleoforce-ankelstoette\/"},"modified":"2025-12-18T09:21:25","modified_gmt":"2025-12-18T08:21:25","slug":"donjoy-malleoforce-ankelstoette","status":"publish","type":"product","link":"https:\/\/fysiolab.dk\/no\/product\/donjoy-malleoforce-ankelstoette\/","title":{"rendered":"DonJoy Malleoforce ankelst\u00f8tte"},"content":{"rendered":"<p>Malleoforce er det nyeste tilskuddet til den popul\u00e6re Force-serien. Bandasjen er strikket i et behagelig og elastisk materiale som gir kompresjon og st\u00f8tte til ankelleddet. Bandasjen har 2 puter rundt ankelknoklene (malleolene) som gir avlastning og sikrer bevegelighet og stabilitet i leddet. Anbefales ved akutte ankelsmerter, ankelartrose og ustabil\/instabil ankel.     <strong>Kan brukes p\u00e5 b\u00e5de h\u00f8yre og venstre fot<\/strong><\/p>\n<p><a href=\"https:\/\/fysiolab.dk\/no\/product\/donjoy-malleoforce-plus-ankelstoette\/\"><strong>Skinnen er ogs\u00e5 tilgjengelig i en plussmodell som inkluderer en stropp for \u00f8kt ankelst\u00f8tte DonJoy Malleoforce plus - tilgjengelig her!<\/strong><\/a><\/p>\n<p><strong>St\u00f8rrelsesguide  <\/strong><\/p>\n<p><strong>M\u00e5l omkretsen av ankelen over knokene (malleoli)<\/strong><\/p>\n<p><a href=\"https:\/\/dev.fysiolab.dk\/wp-content\/uploads\/2025\/05\/F3.png\"><img fetchpriority=\"high\" decoding=\"async\" class=\"alignnone size-medium wp-image-202393097\" src=\"https:\/\/dev.fysiolab.dk\/wp-content\/uploads\/2025\/05\/F3-300x169.png\" alt=\"\" width=\"300\" height=\"169\" title=\"\"><\/a><\/p>\n<p><strong>Omkrets St\u00f8rrelse<\/strong><\/p>\n<p><strong>17-19 cm XS<\/strong><\/p>\n<p><strong>19-21 cm S<\/strong><\/p>\n<p><strong>21-23 cm M<\/strong><\/p>\n<p><strong>23-25 cm L<\/strong><\/p>\n<p><strong>25-27 cm XL<\/strong><\/p>\n<p><strong>27-29 cm XXL<\/strong><\/p>\n<p>Denne bandasjen er en ny og forbedret versjon av den gamle forceline-serien<\/p>\n<p><iframe title=\"Opm\u00e5lingsvejledning ankel FysioLab\" width=\"800\" height=\"450\" src=\"https:\/\/www.youtube.com\/embed\/rkUnY8rnXpY?feature=oembed\" frameborder=\"0\" allow=\"accelerometer; autoplay; clipboard-write; encrypted-media; gyroscope; picture-in-picture; web-share\" referrerpolicy=\"strict-origin-when-cross-origin\" allowfullscreen><\/iframe><\/p>\n<p>&nbsp;<\/p>\n<p>&nbsp;<\/p>\n","protected":false},"excerpt":{"rendered":"<p><strong>Malleoforce er det nyeste tilskuddet til den popul\u00e6re Force-serien. Bandasjen er strikket i et behagelig og t\u00f8yelig materiale som gir kompresjon og st\u00f8tte til ankelleddet. Bandasjen har 2 puter rundt ankelknoklene (malleolene) som gir avlastning og sikrer bevegelighet og stabilitet i leddet. Anbefales ved akutte ankelsmerter, ankelartrose og ustabil\/instabil ankel.   <\/strong><\/p>\n","protected":false},"featured_media":83172,"comment_status":"closed","ping_status":"closed","template":"","meta":{"_acf_changed":false},"product_brand":[],"product_cat":[2074,1992,2076,2181,1938,2203,2912,1937,1933,2077],"product_tag":[2173],"class_list":{"0":"post-83159","1":"product","2":"type-product","3":"status-publish","4":"has-post-thumbnail","6":"product_cat-ankelforstuing","7":"product_cat-ankelskinne","8":"product_cat-ankelvridning","9":"product_cat-artrose-i-ankelleddet","10":"product_cat-donjoy-no","11":"product_cat-donjoy-ankelstoette","12":"product_cat-forceline-no","13":"product_cat-merkevarer","14":"product_cat-skinner-og-stoetteskinner","15":"product_cat-ustabil-ankel-no","16":"product_tag-donjoy-no","18":"first","19":"instock","20":"taxable","21":"shipping-taxable","22":"purchasable","23":"product-type-variable"},"acf":[],"_links":{"self":[{"href":"https:\/\/fysiolab.dk\/no\/wp-json\/wp\/v2\/product\/83159","targetHints":{"allow":["GET"]}}],"collection":[{"href":"https:\/\/fysiolab.dk\/no\/wp-json\/wp\/v2\/product"}],"about":[{"href":"https:\/\/fysiolab.dk\/no\/wp-json\/wp\/v2\/types\/product"}],"replies":[{"embeddable":true,"href":"https:\/\/fysiolab.dk\/no\/wp-json\/wp\/v2\/comments?post=83159"}],"wp:featuredmedia":[{"embeddable":true,"href":"https:\/\/fysiolab.dk\/no\/wp-json\/wp\/v2\/media\/83172"}],"wp:attachment":[{"href":"https:\/\/fysiolab.dk\/no\/wp-json\/wp\/v2\/media?parent=83159"}],"wp:term":[{"taxonomy":"product_brand","embeddable":true,"href":"https:\/\/fysiolab.dk\/no\/wp-json\/wp\/v2\/product_brand?post=83159"},{"taxonomy":"product_cat","embeddable":true,"href":"https:\/\/fysiolab.dk\/no\/wp-json\/wp\/v2\/product_cat?post=83159"},{"taxonomy":"product_tag","embeddable":true,"href":"https:\/\/fysiolab.dk\/no\/wp-json\/wp\/v2\/product_tag?post=83159"}],"curies":[{"name":"wp","href":"https:\/\/api.w.org\/{rel}","templated":true}]}}