{"id":83176,"date":"2023-07-16T14:32:00","date_gmt":"2023-07-16T12:32:00","guid":{"rendered":"https:\/\/fysiolab.dk\/product\/sissel-akupressurmatte\/"},"modified":"2025-12-18T09:21:27","modified_gmt":"2025-12-18T08:21:27","slug":"sissel-akupressurmatte","status":"publish","type":"product","link":"https:\/\/fysiolab.dk\/no\/product\/sissel-akupressurmatte\/","title":{"rendered":"Sissel akupressurmatte"},"content":{"rendered":"<p>Sissel akupressurmatte bruker den gamle akupunkturteknikken og akupressur for \u00e5 lindre smerter og \u00f8ke blodgjennomstr\u00f8mningen i rygg, nakke, rumpe og ben. De 1,5 cm lange piggene stimulerer kroppen til \u00e5 \u00f8ke blodgjennomstr\u00f8mningen for \u00e5 fjerne avfallsstoffer og \u00f8ke vevets egne helingsmekanismer. <\/p>\n<p><strong>Farge: Bl\u00e5<\/strong><\/p>\n<p><strong>Dimensjoner: 40x60cm<\/strong><\/p>\n<p><iframe title=\"SISSEL Acupressur Mat\" width=\"800\" height=\"450\" src=\"https:\/\/www.youtube.com\/embed\/SodOFVz_oY0?feature=oembed\" frameborder=\"0\" allow=\"accelerometer; autoplay; clipboard-write; encrypted-media; gyroscope; picture-in-picture; web-share\" referrerpolicy=\"strict-origin-when-cross-origin\" allowfullscreen><\/iframe><\/p>\n","protected":false},"excerpt":{"rendered":"<p><strong>Sissel akupressurmatte bruker den gamle akupunkturteknikken og akupressur for \u00e5 lindre smerter og \u00f8ke blodgjennomstr\u00f8mningen i rygg, nakke, rumpe og ben. De 1,5 cm lange piggene stimulerer kroppen til \u00e5 \u00f8ke blodgjennomstr\u00f8mningen for \u00e5 fjerne avfallsstoffer og \u00f8ke vevets egne helingsmekanismer.   <\/strong><\/p>\n","protected":false},"featured_media":83179,"comment_status":"closed","ping_status":"closed","template":"","meta":{"_acf_changed":false},"product_brand":[3126],"product_cat":[2710,2020,1948,2027,1937,2518,2558],"product_tag":[2521],"class_list":{"0":"post-83176","1":"product","2":"type-product","3":"status-publish","4":"has-post-thumbnail","6":"product_brand-sissel","7":"product_cat-akupunkturnaaler-og-tilbehoer","8":"product_cat-julegaveideer-no","9":"product_cat-klinikk","10":"product_cat-massasjeutstyr","11":"product_cat-merkevarer","12":"product_cat-sissel-no","13":"product_cat-sissel-massasje","14":"product_tag-sissel-no","16":"first","17":"instock","18":"taxable","19":"shipping-taxable","20":"purchasable","21":"product-type-simple"},"acf":[],"_links":{"self":[{"href":"https:\/\/fysiolab.dk\/no\/wp-json\/wp\/v2\/product\/83176","targetHints":{"allow":["GET"]}}],"collection":[{"href":"https:\/\/fysiolab.dk\/no\/wp-json\/wp\/v2\/product"}],"about":[{"href":"https:\/\/fysiolab.dk\/no\/wp-json\/wp\/v2\/types\/product"}],"replies":[{"embeddable":true,"href":"https:\/\/fysiolab.dk\/no\/wp-json\/wp\/v2\/comments?post=83176"}],"wp:featuredmedia":[{"embeddable":true,"href":"https:\/\/fysiolab.dk\/no\/wp-json\/wp\/v2\/media\/83179"}],"wp:attachment":[{"href":"https:\/\/fysiolab.dk\/no\/wp-json\/wp\/v2\/media?parent=83176"}],"wp:term":[{"taxonomy":"product_brand","embeddable":true,"href":"https:\/\/fysiolab.dk\/no\/wp-json\/wp\/v2\/product_brand?post=83176"},{"taxonomy":"product_cat","embeddable":true,"href":"https:\/\/fysiolab.dk\/no\/wp-json\/wp\/v2\/product_cat?post=83176"},{"taxonomy":"product_tag","embeddable":true,"href":"https:\/\/fysiolab.dk\/no\/wp-json\/wp\/v2\/product_tag?post=83176"}],"curies":[{"name":"wp","href":"https:\/\/api.w.org\/{rel}","templated":true}]}}