{"id":83177,"date":"2023-07-16T14:32:51","date_gmt":"2023-07-16T12:32:51","guid":{"rendered":"https:\/\/fysiolab.dk\/product\/donjoy-genuforce-knebandasje\/"},"modified":"2025-12-18T09:21:26","modified_gmt":"2025-12-18T08:21:26","slug":"donjoy-genuforce-knebandasje","status":"publish","type":"product","link":"https:\/\/fysiolab.dk\/no\/product\/donjoy-genuforce-knebandasje\/","title":{"rendered":"DonJoy Genuforce knebandasje"},"content":{"rendered":"<p>Genuforce er det nyeste tilskuddet til den popul\u00e6re Force-serien. Genuforce-knest\u00f8tten kjennetegnes av anatomisk strikk som gir optimal passform og st\u00f8tte til kneet. Skinnen har en elastisk pute rundt knesk\u00e5len som gir \u00f8kt kompresjon og f\u00f8lger knesk\u00e5len under bevegelse. Denne puten gir lindring av artrose-symptomer og st\u00f8tter knesk\u00e5len. Skinnen har ogs\u00e5 2 fleksible sidest\u00f8tter som stabiliserer kneleddet.    <\/p>\n<p><a href=\"https:\/\/fysiolab.dk\/no\/product\/donjoy-genuforce-xpert-knebandasje\/\"><strong>Her finner du ogs\u00e5 den ekstra sterke DonJoy GenuForce Xpert med hengselleddet for ekstra st\u00f8tte!  <\/strong><\/a><\/p>\n<p><strong>St\u00f8rrelsesguide  <\/strong><\/p>\n<p><strong>M\u00e5l l\u00e5rets omkrets 15 cm over midten av knesk\u00e5len og der hvor leggen er st\u00f8rst<\/strong><\/p>\n<p><a href=\"https:\/\/dev.fysiolab.dk\/wp-content\/uploads\/2025\/05\/Billede1.jpg\"><img fetchpriority=\"high\" decoding=\"async\" class=\"alignnone wp-image-202393828\" src=\"https:\/\/dev.fysiolab.dk\/wp-content\/uploads\/2025\/05\/Billede1-267x300.jpg\" alt=\"\" width=\"217\" height=\"244\" title=\"\"><\/a><\/p>\n<p><strong>Rundt l\u00e5rene Rundt l\u00e5rene  Legg Str<\/strong><\/p>\n<p><strong>37-40 cm 25-28 cm XS<\/strong><\/p>\n<p><strong>40-43 cm 28-31 cm S<\/strong><\/p>\n<p><strong>43-46 cm 31-34 cm M<\/strong><\/p>\n<p><strong>46-49 cm 34-37 cm L<\/strong><\/p>\n<p><strong>49-52 cm 37-40 cm XL<\/strong><\/p>\n<p><strong>52-55 cm 40-43 cm XXL<\/strong><\/p>\n<p><strong>55-58 cm 43-46 cm XXXL<\/strong><\/p>\n<p><strong>Modell med ekstra l\u00e5rbredde  <\/strong><\/p>\n<p><strong>52-55 cm 37-40 cm L bredde<\/strong><\/p>\n<p><strong>55-58 cm 40-43 cm XL bred<\/strong><\/p>\n<p><strong>58-62 cm 43-46 cm XXL bred<\/strong><\/p>\n<p><strong>62-65 cm 46-49 cm XXXL bred  <\/strong><\/p>\n<p><iframe title=\"Opm\u00e5lingsvejledning DonJoy kn\u00e6skinne\" width=\"800\" height=\"450\" src=\"https:\/\/www.youtube.com\/embed\/xFbVX8Hcvuo?feature=oembed\" frameborder=\"0\" allow=\"accelerometer; autoplay; clipboard-write; encrypted-media; gyroscope; picture-in-picture; web-share\" referrerpolicy=\"strict-origin-when-cross-origin\" allowfullscreen><\/iframe><\/p>\n<p>Denne bandasjen er en ny og forbedret versjon av den gamle forcelinen.<\/p>\n<p><strong>Indikasjoner for bruk<\/strong><\/p>\n<p>- St\u00f8tte og kompresjon etter akutte og kroniske kneskader og mild kneartrose<\/p>\n<p>- Patellofemorale smerter (knesmerter)<\/p>\n<p>- Mild ustabilitet i kneet<\/p>\n<p>- Forebygging av skader<\/p>\n<p><strong>Fordeler og funksjoner<\/strong><\/p>\n<p>- Proprioceptiv og nevromuskul\u00e6r stimulering ved hjelp av kompresjon <\/p>\n<p>- Anatomisk formet knepute i silikon for \u00f8kt patellastabilitet, massasjeeffekt og forbedret propriosepsjon<\/p>\n<p>- Fleksible bilaterale laterale stivere som gir medial og lateral st\u00f8tte<\/p>\n<p>- Anatomisk formet knepute i silikon<\/p>\n<p>- Fleksible bilaterale sidest\u00f8tter<\/p>\n","protected":false},"excerpt":{"rendered":"<p><strong>Genuforce knebandasje kjennetegnes av anatomisk strikk som gir optimal passform og st\u00f8tte til kneet. Skinnen har en elastisk pute rundt knesk\u00e5len som gir \u00f8kt kompresjon og f\u00f8lger knesk\u00e5len under bevegelse. Denne puten gir lindring av artrose-symptomer og st\u00f8tter knesk\u00e5len. Korsetten har ogs\u00e5 2 fleksible sidest\u00f8tter som stabiliserer kneleddet.   <\/strong><\/p>\n","protected":false},"featured_media":83193,"comment_status":"closed","ping_status":"closed","template":"","meta":{"_acf_changed":false},"product_brand":[],"product_cat":[1981,2287,1938,1977,2912,1974,1978,1975,1979,1937,1976,1970,1933],"product_tag":[2173],"class_list":{"0":"post-83177","1":"product","2":"type-product","3":"status-publish","4":"has-post-thumbnail","6":"product_cat-artrose-menisk-bruskskade","7":"product_cat-bakerens-cyste","8":"product_cat-donjoy-no","9":"product_cat-donjoy-knestoette","10":"product_cat-forceline-no","11":"product_cat-forstuet-kne","12":"product_cat-knestoetter","13":"product_cat-lett-ustabilitet-ustabil","14":"product_cat-menisk-no","15":"product_cat-merkevarer","16":"product_cat-overbelastning-no","17":"product_cat-padel-no","18":"product_cat-skinner-og-stoetteskinner","19":"product_tag-donjoy-no","21":"first","22":"instock","23":"featured","24":"taxable","25":"shipping-taxable","26":"purchasable","27":"product-type-variable"},"acf":[],"_links":{"self":[{"href":"https:\/\/fysiolab.dk\/no\/wp-json\/wp\/v2\/product\/83177","targetHints":{"allow":["GET"]}}],"collection":[{"href":"https:\/\/fysiolab.dk\/no\/wp-json\/wp\/v2\/product"}],"about":[{"href":"https:\/\/fysiolab.dk\/no\/wp-json\/wp\/v2\/types\/product"}],"replies":[{"embeddable":true,"href":"https:\/\/fysiolab.dk\/no\/wp-json\/wp\/v2\/comments?post=83177"}],"wp:featuredmedia":[{"embeddable":true,"href":"https:\/\/fysiolab.dk\/no\/wp-json\/wp\/v2\/media\/83193"}],"wp:attachment":[{"href":"https:\/\/fysiolab.dk\/no\/wp-json\/wp\/v2\/media?parent=83177"}],"wp:term":[{"taxonomy":"product_brand","embeddable":true,"href":"https:\/\/fysiolab.dk\/no\/wp-json\/wp\/v2\/product_brand?post=83177"},{"taxonomy":"product_cat","embeddable":true,"href":"https:\/\/fysiolab.dk\/no\/wp-json\/wp\/v2\/product_cat?post=83177"},{"taxonomy":"product_tag","embeddable":true,"href":"https:\/\/fysiolab.dk\/no\/wp-json\/wp\/v2\/product_tag?post=83177"}],"curies":[{"name":"wp","href":"https:\/\/api.w.org\/{rel}","templated":true}]}}