{"id":83197,"date":"2023-07-16T14:32:24","date_gmt":"2023-07-16T12:32:24","guid":{"rendered":"https:\/\/fysiolab.dk\/product\/donjoy-manuforce-haandleddstoette\/"},"modified":"2025-12-18T09:21:26","modified_gmt":"2025-12-18T08:21:26","slug":"donjoy-manuforce-haandleddstoette","status":"publish","type":"product","link":"https:\/\/fysiolab.dk\/no\/product\/donjoy-manuforce-haandleddstoette\/","title":{"rendered":"DonJoy Manuforce h\u00e5ndleddst\u00f8tte"},"content":{"rendered":"<p>Manuforce er det nyeste tilskuddet til den popul\u00e6re Force-serien. Bandasjen er laget av et mykt og behagelig strikket stoff som sikrer god passform og komfort.  ManuForce er designet med en avtakbar, formbar h\u00e5ndflatest\u00f8tte og en avtakbar, justerbar stropp for kompresjon, st\u00f8tte og stabilisering av h\u00e5ndleddet.  <strong>Bandasjen er tilgjengelig i en h\u00f8yre- og en venstremodell<\/strong><\/p>\n<p><strong>Denne bandasjen er en ny og forbedret versjon av den gamle forceline-serien<\/strong><\/p>\n<p><strong>Indikasjoner for bruk<\/strong><\/p>\n<p>- St\u00f8tte og kompresjon etter mild h\u00e5ndleddsskade og mild artrose i h\u00e5ndleddet<\/p>\n<p>- Mild belastning\/forstuing av h\u00e5ndleddet<\/p>\n<p>- Senebetennelse i h\u00e5ndleddet og mild tenosynovitt<\/p>\n<p>- Instabilitet i h\u00e5ndleddet<\/p>\n<p>- Karpaltunnelsyndrom<\/p>\n<p>- Forebygging av skader<\/p>\n<p><strong>Fordeler og funksjoner<\/strong><\/p>\n<p>- Proprioceptiv og nevromuskul\u00e6r stimulering ved hjelp av kompresjon <\/p>\n<p>- Avtakbar og formbar h\u00e5ndleddst\u00f8tte for ekstra stabilitet og st\u00f8tte<\/p>\n<p>- Avtakbar og justerbar stropp for \u00e5 kontrollere graden av stabilisering og kompresjon<\/p>\n<p>- Anatomisk formet silikonpute for ulnaris styloidea gir st\u00f8tte og trykkavlastning<\/p>\n<p><strong>St\u00f8rrelsesguide<\/strong><\/p>\n<p><strong>M\u00e5l omkretsen av h\u00e5ndleddet  <\/strong><\/p>\n<p><a href=\"https:\/\/dev.fysiolab.dk\/wp-content\/uploads\/2025\/05\/H2.png\"><img fetchpriority=\"high\" decoding=\"async\" class=\"alignnone size-medium wp-image-202392805\" src=\"https:\/\/dev.fysiolab.dk\/wp-content\/uploads\/2025\/05\/H2-300x169.png\" alt=\"\" width=\"300\" height=\"169\" title=\"\"><\/a><\/p>\n<p><strong>Omkrets St\u00f8rrelse<\/strong><\/p>\n<p><strong>13-14,5 cm XS<\/strong><\/p>\n<p><strong>14,5-16 cm S<\/strong><\/p>\n<p><strong>16-17,5 cm M<\/strong><\/p>\n<p><strong>17,5-19 cm L<\/strong><\/p>\n<p><strong>19-20,5 cm XL<\/strong><\/p>\n<p><strong>20,5-22 cm XXL<\/strong><\/p>\n<p><iframe title=\"Monteringsvejledning af DonJoy Manuforce h\u00e5ndledsbandage\" width=\"800\" height=\"450\" src=\"https:\/\/www.youtube.com\/embed\/EQdgg4slm0Q?feature=oembed\" frameborder=\"0\" allow=\"accelerometer; autoplay; clipboard-write; encrypted-media; gyroscope; picture-in-picture; web-share\" referrerpolicy=\"strict-origin-when-cross-origin\" allowfullscreen><\/iframe><\/p>\n<p><iframe title=\"Opm\u00e5lingsvejledning til h\u00e5ndled\" width=\"800\" height=\"450\" src=\"https:\/\/www.youtube.com\/embed\/uT1ZaBnbLiI?feature=oembed\" frameborder=\"0\" allow=\"accelerometer; autoplay; clipboard-write; encrypted-media; gyroscope; picture-in-picture; web-share\" referrerpolicy=\"strict-origin-when-cross-origin\" allowfullscreen><\/iframe><\/p>\n","protected":false},"excerpt":{"rendered":"<p><strong>Manuforce er det nyeste tilskuddet til den popul\u00e6re Force-serien. Bandasjen er laget av et mykt og behagelig strikket stoff som sikrer god passform og komfort.  ManuForce er designet med en avtakbar, formbar h\u00e5ndflatest\u00f8tte og en avtakbar, justerbar stropp for kompresjon, st\u00f8tte og stabilisering av h\u00e5ndleddet. Bandasjen er tilgjengelig i en h\u00f8yre- og en venstremodell<\/strong><\/p>\n","protected":false},"featured_media":83212,"comment_status":"closed","ping_status":"closed","template":"","meta":{"_acf_changed":false},"product_brand":[],"product_cat":[2071,1938,2048,2912,2043,2040,1937,2067,2070,1933],"product_tag":[2173],"class_list":{"0":"post-83197","1":"product","2":"type-product","3":"status-publish","4":"has-post-thumbnail","6":"product_cat-artrose-i-haandleddet","7":"product_cat-donjoy-no","8":"product_cat-donjoy-haandleddstoette","9":"product_cat-forceline-no","10":"product_cat-forstuing-og-overbelastning-av-haandleddet","11":"product_cat-haand-og-haandleddsskinne","12":"product_cat-merkevarer","13":"product_cat-senebetennelse","14":"product_cat-senebetennelse-i-haandleddet","15":"product_cat-skinner-og-stoetteskinner","16":"product_tag-donjoy-no","18":"first","19":"instock","20":"taxable","21":"shipping-taxable","22":"purchasable","23":"product-type-variable"},"acf":[],"_links":{"self":[{"href":"https:\/\/fysiolab.dk\/no\/wp-json\/wp\/v2\/product\/83197","targetHints":{"allow":["GET"]}}],"collection":[{"href":"https:\/\/fysiolab.dk\/no\/wp-json\/wp\/v2\/product"}],"about":[{"href":"https:\/\/fysiolab.dk\/no\/wp-json\/wp\/v2\/types\/product"}],"replies":[{"embeddable":true,"href":"https:\/\/fysiolab.dk\/no\/wp-json\/wp\/v2\/comments?post=83197"}],"wp:featuredmedia":[{"embeddable":true,"href":"https:\/\/fysiolab.dk\/no\/wp-json\/wp\/v2\/media\/83212"}],"wp:attachment":[{"href":"https:\/\/fysiolab.dk\/no\/wp-json\/wp\/v2\/media?parent=83197"}],"wp:term":[{"taxonomy":"product_brand","embeddable":true,"href":"https:\/\/fysiolab.dk\/no\/wp-json\/wp\/v2\/product_brand?post=83197"},{"taxonomy":"product_cat","embeddable":true,"href":"https:\/\/fysiolab.dk\/no\/wp-json\/wp\/v2\/product_cat?post=83197"},{"taxonomy":"product_tag","embeddable":true,"href":"https:\/\/fysiolab.dk\/no\/wp-json\/wp\/v2\/product_tag?post=83197"}],"curies":[{"name":"wp","href":"https:\/\/api.w.org\/{rel}","templated":true}]}}