{"id":83199,"date":"2023-07-16T14:27:10","date_gmt":"2023-07-16T12:27:10","guid":{"rendered":"https:\/\/fysiolab.dk\/product\/spenco-ironman-performance-gel-haelkopp\/"},"modified":"2025-12-18T09:21:27","modified_gmt":"2025-12-18T08:21:27","slug":"spenco-ironman-performance-gel-haelkopp","status":"publish","type":"product","link":"https:\/\/fysiolab.dk\/no\/product\/spenco-ironman-performance-gel-haelkopp\/","title":{"rendered":"Spenco Ironman Performance gel-h\u00e6lkopp"},"content":{"rendered":"<p>Spenco Ironman Performance Gel Heel bidrar til \u00e5 gi ekstra st\u00f8tdemping og stabilitet rundt h\u00e6len. H\u00e6lkoppen absorberer trykk og gir demping der h\u00e6len trenger det mest, og kan brukes til \u00e5 lindre problemer med h\u00e6lspore. Den sklisikre designen holder Spenco Performance Gel Heel Cup p\u00e5 plass i skoen.  <\/p>\n<p><strong>Selges i par. Tilgjengelig i str. S\/M skost\u00f8rrelse 36-40 og i str. M\/L skost\u00f8rrelse.     40-48<\/strong><\/p>\n<p>Rengj\u00f8res lett under lunkent vann.<\/p>\n","protected":false},"excerpt":{"rendered":"<p>Spenco Ironman Performance Gel-h\u00e6l bidrar til ekstra st\u00f8tdemping og stabilitet rundt h\u00e6len. Selges i par. Tilgjengelig for kvinner i str. S\/M og for menn i str. M\/L.    <\/p>\n","protected":false},"featured_media":83219,"comment_status":"closed","ping_status":"closed","template":"","meta":{"_acf_changed":false},"product_brand":[3140],"product_cat":[1992,1996,2588,2718,1948,1937,2003,1933,1994,1995],"product_tag":[3142],"class_list":{"0":"post-83199","1":"product","2":"type-product","3":"status-publish","4":"has-post-thumbnail","6":"product_brand-spenco","7":"product_cat-ankelskinne","8":"product_cat-haelspore-no","9":"product_cat-innersaaler","10":"product_cat-ironman-no","11":"product_cat-klinikk","12":"product_cat-merkevarer","13":"product_cat-saaler-og-fotpleie","14":"product_cat-skinner-og-stoetteskinner","15":"product_cat-sko-og-saaler-no","16":"product_cat-smerter-i-haelen","17":"product_tag-a-serve","19":"first","20":"instock","21":"taxable","22":"shipping-taxable","23":"purchasable","24":"product-type-variable"},"acf":[],"_links":{"self":[{"href":"https:\/\/fysiolab.dk\/no\/wp-json\/wp\/v2\/product\/83199","targetHints":{"allow":["GET"]}}],"collection":[{"href":"https:\/\/fysiolab.dk\/no\/wp-json\/wp\/v2\/product"}],"about":[{"href":"https:\/\/fysiolab.dk\/no\/wp-json\/wp\/v2\/types\/product"}],"replies":[{"embeddable":true,"href":"https:\/\/fysiolab.dk\/no\/wp-json\/wp\/v2\/comments?post=83199"}],"wp:featuredmedia":[{"embeddable":true,"href":"https:\/\/fysiolab.dk\/no\/wp-json\/wp\/v2\/media\/83219"}],"wp:attachment":[{"href":"https:\/\/fysiolab.dk\/no\/wp-json\/wp\/v2\/media?parent=83199"}],"wp:term":[{"taxonomy":"product_brand","embeddable":true,"href":"https:\/\/fysiolab.dk\/no\/wp-json\/wp\/v2\/product_brand?post=83199"},{"taxonomy":"product_cat","embeddable":true,"href":"https:\/\/fysiolab.dk\/no\/wp-json\/wp\/v2\/product_cat?post=83199"},{"taxonomy":"product_tag","embeddable":true,"href":"https:\/\/fysiolab.dk\/no\/wp-json\/wp\/v2\/product_tag?post=83199"}],"curies":[{"name":"wp","href":"https:\/\/api.w.org\/{rel}","templated":true}]}}