{"id":83216,"date":"2023-07-16T14:32:01","date_gmt":"2023-07-16T12:32:01","guid":{"rendered":"https:\/\/fysiolab.dk\/product\/donjoy-epiforce-albuestoette\/"},"modified":"2025-12-18T09:21:26","modified_gmt":"2025-12-18T08:21:26","slug":"donjoy-epiforce-albuestoette","status":"publish","type":"product","link":"https:\/\/fysiolab.dk\/no\/product\/donjoy-epiforce-albuestoette\/","title":{"rendered":"DonJoy Epiforce albuest\u00f8tte"},"content":{"rendered":"<p>Epiforce albuebandasje er det nyeste tilskuddet til den popul\u00e6re Force-serien. Bandasjen er laget av en behagelig anatomisk og behagelig elastisk strikk med to epikondylputer som gir \u00f8kt st\u00f8tte og kompresjon over omr\u00e5det der tennis- og golfalbuen treffer. Bandasjen leveres med en elastisk stropp som kan flyttes for \u00e5 gi \u00f8kt kompresjon og smertelindring der det er n\u00f8dvendig.  <\/p>\n<p><a href=\"https:\/\/fysiolab.dk\/no\/product\/donjoy-albuestoette-epiforce-strong\/\"><strong>Her finner du ogs\u00e5 den lille og effektive DonJoy EpiForce Strong, designet for presis kompresjon over smerte!<\/strong><\/a><\/p>\n<p><strong>St\u00f8rrelsesguide<\/strong><\/p>\n<p><strong>M\u00e5l omkretsen av albuen n\u00e5r armen holdes i 90 grader  <\/strong><\/p>\n<p><a href=\"https:\/\/dev.fysiolab.dk\/wp-content\/uploads\/2025\/05\/A1.png\"><img decoding=\"async\" class=\"alignnone size-medium wp-image-202393397\" src=\"https:\/\/dev.fysiolab.dk\/wp-content\/uploads\/2025\/05\/A1-300x154.png\" alt=\"\" width=\"300\" height=\"154\" title=\"\"><\/a><\/p>\n<p><strong>Omkrets Str<\/strong><\/p>\n<p><strong>19-22 cm XS<\/strong><\/p>\n<p><strong>22-25 cm S<\/strong><\/p>\n<p><strong>25-28 cm M<\/strong><\/p>\n<p><strong>28-31 cm L<\/strong><\/p>\n<p><strong>31-34 cm XL<\/strong><\/p>\n<p><strong>34-37 cm XXL<\/strong><\/p>\n<p>Denne bandasjen er en ny og forbedret versjon av den gamle forceline-serien<\/p>\n<p><iframe title=\"Monteringsvideo af DonJoy Epiforce albuebandage\" width=\"800\" height=\"450\" src=\"https:\/\/www.youtube.com\/embed\/reLEPidHSHU?feature=oembed\" frameborder=\"0\" allow=\"accelerometer; autoplay; clipboard-write; encrypted-media; gyroscope; picture-in-picture; web-share\" referrerpolicy=\"strict-origin-when-cross-origin\" allowfullscreen><\/iframe><\/p>\n<p><strong>Indikasjoner for bruk<\/strong><\/p>\n<ul>\n<li>St\u00f8tte og kompresjon etter albueleddsskade<\/li>\n<li>Forstuing og strekk i albuen<\/li>\n<li>Medial og lateral epikondylitt (golf- og tennisalbue)<\/li>\n<li>Tendinopatier<\/li>\n<li>Irritert slimhinne<\/li>\n<\/ul>\n<p><strong>Fordeler og funksjoner<\/strong><\/p>\n<ul>\n<li>Proprioceptiv og nevromuskul\u00e6r stimulering ved hjelp av kompresjon <\/li>\n<li>Anatomisk formede epikondylputer i silikon for \u00f8kt st\u00f8tte og trykkavlastning<\/li>\n<li>Avtakbar og justerbar stropp for \u00e5 kontrollere graden av stabilitet og kompresjon rundt armen<\/li>\n<\/ul>\n<p><iframe title=\"Opm\u00e5lingsvejledning til albueomkreds FysioLab\" width=\"800\" height=\"450\" src=\"https:\/\/www.youtube.com\/embed\/qP0Xealw_jo?feature=oembed\" frameborder=\"0\" allow=\"accelerometer; autoplay; clipboard-write; encrypted-media; gyroscope; picture-in-picture; web-share\" referrerpolicy=\"strict-origin-when-cross-origin\" allowfullscreen><\/iframe><\/p>\n<p>&nbsp;<\/p>\n","protected":false},"excerpt":{"rendered":"<p><strong>Epiforce albuebandasje er det nyeste tilskuddet til den popul\u00e6re Force-serien. Bandasjen er laget av en behagelig anatomisk og behagelig elastisk strikk med to epikondylputer som gir \u00f8kt st\u00f8tte og kompresjon over omr\u00e5det der tennis- og golfalbuen treffer. Bandasjen leveres med en elastisk stropp som kan flyttes for \u00e5 gi \u00f8kt kompresjon og smertelindring der det er n\u00f8dvendig.  <\/strong><\/p>\n","protected":false},"featured_media":83227,"comment_status":"closed","ping_status":"closed","template":"","meta":{"_acf_changed":false},"product_brand":[],"product_cat":[1932,1938,1939,2912,1935,1937,1936,1933,1934],"product_tag":[2173],"class_list":{"0":"post-83216","1":"product","2":"type-product","3":"status-publish","4":"has-post-thumbnail","6":"product_cat-albue-no","7":"product_cat-donjoy-no","8":"product_cat-donjoy-albuestoette","9":"product_cat-forceline-no","10":"product_cat-golfalbue-no","11":"product_cat-merkevarer","12":"product_cat-musens-arm","13":"product_cat-skinner-og-stoetteskinner","14":"product_cat-tennisalbue-no","15":"product_tag-donjoy-no","17":"first","18":"instock","19":"taxable","20":"shipping-taxable","21":"purchasable","22":"product-type-variable"},"acf":[],"_links":{"self":[{"href":"https:\/\/fysiolab.dk\/no\/wp-json\/wp\/v2\/product\/83216","targetHints":{"allow":["GET"]}}],"collection":[{"href":"https:\/\/fysiolab.dk\/no\/wp-json\/wp\/v2\/product"}],"about":[{"href":"https:\/\/fysiolab.dk\/no\/wp-json\/wp\/v2\/types\/product"}],"replies":[{"embeddable":true,"href":"https:\/\/fysiolab.dk\/no\/wp-json\/wp\/v2\/comments?post=83216"}],"wp:featuredmedia":[{"embeddable":true,"href":"https:\/\/fysiolab.dk\/no\/wp-json\/wp\/v2\/media\/83227"}],"wp:attachment":[{"href":"https:\/\/fysiolab.dk\/no\/wp-json\/wp\/v2\/media?parent=83216"}],"wp:term":[{"taxonomy":"product_brand","embeddable":true,"href":"https:\/\/fysiolab.dk\/no\/wp-json\/wp\/v2\/product_brand?post=83216"},{"taxonomy":"product_cat","embeddable":true,"href":"https:\/\/fysiolab.dk\/no\/wp-json\/wp\/v2\/product_cat?post=83216"},{"taxonomy":"product_tag","embeddable":true,"href":"https:\/\/fysiolab.dk\/no\/wp-json\/wp\/v2\/product_tag?post=83216"}],"curies":[{"name":"wp","href":"https:\/\/api.w.org\/{rel}","templated":true}]}}