{"id":83234,"date":"2023-07-16T14:25:51","date_gmt":"2023-07-16T12:25:51","guid":{"rendered":"https:\/\/fysiolab.dk\/product\/thera-band-stabilitetstrener\/"},"modified":"2025-12-18T09:21:28","modified_gmt":"2025-12-18T08:21:28","slug":"thera-band-stabilitetstrener","status":"publish","type":"product","link":"https:\/\/fysiolab.dk\/no\/product\/thera-band-stabilitetstrener\/","title":{"rendered":"Thera-Band Stabilitetstrener"},"content":{"rendered":"<h3 data-start=\"75\" data-end=\"111\"><strong data-start=\"78\" data-end=\"111\">Thera-Band Stabilitetstrener<\/strong><\/h3>\n<p data-start=\"113\" data-end=\"421\">Thera-Band Stability Trainer er et effektivt verkt\u00f8y for funksjonell trening og rehabilitering som styrker stabilitet og balanse i hele kroppen. Treneren aktiverer og utfordrer musklene rundt ankel, fot, kne, hofte og rygg, noe som gj\u00f8r den ideell for forebygging, rehabilitering og prestasjonstrening. <\/p>\n<p data-start=\"423\" data-end=\"488\">Den er tilgjengelig i tre motstandsniv\u00e5er, fargekodet for enkel tilpasning:<\/p>\n<ul data-start=\"489\" data-end=\"670\">\n<li data-start=\"489\" data-end=\"547\">\n<p data-start=\"491\" data-end=\"547\">Gr\u00f8nn - lettest, egnet for nybegynnere og rehabilitering<\/p>\n<\/li>\n<li data-start=\"548\" data-end=\"607\">\n<p data-start=\"550\" data-end=\"607\">Bl\u00e5 - moderat, for funksjonell trening og balanse\u00f8velser<\/p>\n<\/li>\n<li data-start=\"608\" data-end=\"670\">\n<p data-start=\"610\" data-end=\"670\">Svart - hardest, for avansert stabilitetstrening og styrke<\/p>\n<\/li>\n<\/ul>\n<hr data-start=\"672\" data-end=\"675\">\n<h3 data-start=\"677\" data-end=\"692\"><strong data-start=\"681\" data-end=\"692\">Fordeler og fordeler<\/strong><\/h3>\n<ul data-start=\"693\" data-end=\"890\">\n<li data-start=\"693\" data-end=\"740\">\n<p data-start=\"695\" data-end=\"740\">Trener stabilitet og balanse i hele kroppen<\/p>\n<\/li>\n<li data-start=\"741\" data-end=\"795\">\n<p data-start=\"743\" data-end=\"795\">Ideell for ankel-, fot-, kne-, hofte- og ryggtrening<\/p>\n<\/li>\n<li data-start=\"796\" data-end=\"854\">\n<p data-start=\"798\" data-end=\"854\">Tilgjengelig i tre motstandsniv\u00e5er for individuell progresjon<\/p>\n<\/li>\n<li data-start=\"855\" data-end=\"890\">\n<p data-start=\"857\" data-end=\"890\">Kompakt, lett og enkel \u00e5 oppbevare<\/p>\n<\/li>\n<\/ul>\n<hr data-start=\"892\" data-end=\"895\">\n<p data-start=\"897\" data-end=\"1042\">Thera-Band Stability Trainer er perfekt for klinikk, hjemmebruk eller idrett der fokus er p\u00e5 funksjonell styrke, balanse og skadeforebygging.<\/p>\n","protected":false},"excerpt":{"rendered":"<p><strong>Thera-Band Stability Trainer forbedrer balansen og stabiliteten i ankel, fot, kne, hofte og rygg. Finnes i tre motstandsniv\u00e5er (gr\u00f8nn, bl\u00e5, svart) og egner seg for rehabilitering, funksjonell trening og idrett. <\/strong><\/p>\n","protected":false},"featured_media":97926,"comment_status":"closed","ping_status":"closed","template":"","meta":{"_acf_changed":false},"product_brand":[],"product_cat":[1946,1949,1948,1937,2719,1945],"product_tag":[2720],"class_list":{"0":"post-83234","1":"product","2":"type-product","3":"status-publish","4":"has-post-thumbnail","6":"product_cat-balanse","7":"product_cat-balansetrening","8":"product_cat-klinikk","9":"product_cat-merkevarer","10":"product_cat-thera-band-no","11":"product_cat-treningsutstyr","12":"product_tag-thera-band-no","14":"first","15":"instock","16":"taxable","17":"shipping-taxable","18":"purchasable","19":"product-type-variable"},"acf":[],"_links":{"self":[{"href":"https:\/\/fysiolab.dk\/no\/wp-json\/wp\/v2\/product\/83234","targetHints":{"allow":["GET"]}}],"collection":[{"href":"https:\/\/fysiolab.dk\/no\/wp-json\/wp\/v2\/product"}],"about":[{"href":"https:\/\/fysiolab.dk\/no\/wp-json\/wp\/v2\/types\/product"}],"replies":[{"embeddable":true,"href":"https:\/\/fysiolab.dk\/no\/wp-json\/wp\/v2\/comments?post=83234"}],"wp:featuredmedia":[{"embeddable":true,"href":"https:\/\/fysiolab.dk\/no\/wp-json\/wp\/v2\/media\/97926"}],"wp:attachment":[{"href":"https:\/\/fysiolab.dk\/no\/wp-json\/wp\/v2\/media?parent=83234"}],"wp:term":[{"taxonomy":"product_brand","embeddable":true,"href":"https:\/\/fysiolab.dk\/no\/wp-json\/wp\/v2\/product_brand?post=83234"},{"taxonomy":"product_cat","embeddable":true,"href":"https:\/\/fysiolab.dk\/no\/wp-json\/wp\/v2\/product_cat?post=83234"},{"taxonomy":"product_tag","embeddable":true,"href":"https:\/\/fysiolab.dk\/no\/wp-json\/wp\/v2\/product_tag?post=83234"}],"curies":[{"name":"wp","href":"https:\/\/api.w.org\/{rel}","templated":true}]}}