{"id":83243,"date":"2023-07-16T14:26:21","date_gmt":"2023-07-16T12:26:21","guid":{"rendered":"https:\/\/fysiolab.dk\/product\/thera-band-slange-rull-75-m\/"},"modified":"2025-12-18T09:21:27","modified_gmt":"2025-12-18T08:21:27","slug":"thera-band-slange-rull-75-m","status":"publish","type":"product","link":"https:\/\/fysiolab.dk\/no\/product\/thera-band-slange-rull-75-m\/","title":{"rendered":"Thera-Band Tubing-rull 7,5 m"},"content":{"rendered":"<h2 data-start=\"128\" data-end=\"158\"><strong data-start=\"131\" data-end=\"158\">Thera-Band-slange 7,5 m<\/strong><\/h2>\n<p data-start=\"160\" data-end=\"453\">Thera-Band Tubing 7,5 m er et allsidig og fleksibelt treningsverkt\u00f8y for styrke-, balanse- og rehabiliterings\u00f8velser. Den slitesterke, lateksfrie slangen gir mulighet for m\u00e5lrettet trening av b\u00e5de overkropp og ben, og kan brukes med eller uten tilbeh\u00f8r som h\u00e5ndtak, d\u00f8rankre eller hjelpestropper. <\/p>\n<p data-start=\"455\" data-end=\"692\">Slangen er 7,5 meter lang og kan kappes i alle lengder for \u00e5 passe til ulike \u00f8velser og motstandsniv\u00e5er. Den er perfekt for hjemmebruk, klinikker og idrettsanlegg der det er behov for effektiv og funksjonell trening. <\/p>\n<p data-start=\"455\" data-end=\"692\"><strong>Her finner du tilbeh\u00f8r til Tubing-strikken:<\/strong><\/p>\n<ul>\n<li data-start=\"455\" data-end=\"692\"><a href=\"https:\/\/fysiolab.dk\/no\/product\/thera-band-tilbehoerssett\/\"><strong>Thera-Band tilbeh\u00f8rssett<\/strong><\/a><\/li>\n<li data-start=\"455\" data-end=\"692\"><a href=\"https:\/\/fysiolab.dk\/no\/product\/thera-band-doeranker\/\"><strong>Thera-Band d\u00f8ranker  <\/strong><\/a><\/li>\n<li data-start=\"455\" data-end=\"692\"><a href=\"https:\/\/fysiolab.dk\/no\/product\/thera-band-ankelstropp-sett\/\"><strong>Thera-Band ankelstropp (sett)<\/strong><\/a><\/li>\n<li data-start=\"455\" data-end=\"692\"><a href=\"https:\/\/fysiolab.dk\/no\/product\/thera-band-haandgrep-sett\/\"><strong>Thera-Band h\u00e5ndgrep (sett)<\/strong><\/a><\/li>\n<\/ul>\n<hr data-start=\"694\" data-end=\"697\">\n<h3 data-start=\"699\" data-end=\"714\"><strong data-start=\"703\" data-end=\"714\">Fordeler og fordeler<\/strong><\/h3>\n<ul data-start=\"715\" data-end=\"950\">\n<li data-start=\"715\" data-end=\"755\">\n<p data-start=\"717\" data-end=\"755\">Fleksibel og slitesterk lateksfri slange<\/p>\n<\/li>\n<li data-start=\"756\" data-end=\"829\">\n<p data-start=\"758\" data-end=\"829\">Kan brukes sammen med Thera-Band-tilbeh\u00f8r (h\u00e5ndtak, d\u00f8ranker, hjelpestropper)<\/p>\n<\/li>\n<li data-start=\"830\" data-end=\"890\">\n<p data-start=\"832\" data-end=\"890\">Perfekt for styrke, rehabilitering og funksjonell trening<\/p>\n<\/li>\n<li data-start=\"891\" data-end=\"950\">\n<p data-start=\"893\" data-end=\"950\">Kan kappes til \u00f8nsket lengde for individuell tilpasning<\/p>\n<\/li>\n<\/ul>\n<hr data-start=\"952\" data-end=\"955\">\n<h3 data-start=\"957\" data-end=\"983\"><strong data-start=\"961\" data-end=\"983\">Farger og motstand<\/strong><\/h3>\n<div class=\"_tableContainer_1rjym_1\">\n<div class=\"group _tableWrapper_1rjym_13 flex w-fit flex-col-reverse\" tabindex=\"-1\">\n<table class=\"w-fit min-w-(--thread-content-width)\" data-start=\"984\" data-end=\"1370\">\n<thead data-start=\"984\" data-end=\"1019\">\n<tr data-start=\"984\" data-end=\"1019\">\n<th data-start=\"984\" data-end=\"992\" data-col-size=\"sm\">Farge<\/th>\n<th data-start=\"992\" data-end=\"1009\" data-col-size=\"sm\">Motstand (ca.)<\/th>\n<th data-start=\"1009\" data-end=\"1019\" data-col-size=\"sm\">Motstandsniv\u00e5<\/th>\n<\/tr>\n<\/thead>\n<tbody data-start=\"1056\" data-end=\"1370\">\n<tr data-start=\"1056\" data-end=\"1110\">\n<td data-start=\"1056\" data-end=\"1062\" data-col-size=\"sm\">Gul<\/td>\n<td data-start=\"1062\" data-end=\"1068\" data-col-size=\"sm\">Lettvekt<\/td>\n<td data-start=\"1068\" data-end=\"1110\" data-col-size=\"sm\">Egnet for mobilitet og rehabilitering<\/td>\n<\/tr>\n<tr data-start=\"1111\" data-end=\"1159\">\n<td data-start=\"1111\" data-end=\"1117\" data-col-size=\"sm\">R\u00f8d i fargen<\/td>\n<td data-start=\"1117\" data-end=\"1131\" data-col-size=\"sm\">Lett\/moderat<\/td>\n<td data-start=\"1131\" data-end=\"1159\" data-col-size=\"sm\">Generell styrketrening<\/td>\n<\/tr>\n<tr data-start=\"1160\" data-end=\"1213\">\n<td data-start=\"1160\" data-end=\"1167\" data-col-size=\"sm\">Gr\u00f8nn<\/td>\n<td data-start=\"1167\" data-end=\"1177\" data-col-size=\"sm\">Moderat<\/td>\n<td data-start=\"1177\" data-end=\"1213\" data-col-size=\"sm\">Funksjonell trening og stabilitet<\/td>\n<\/tr>\n<tr data-start=\"1214\" data-end=\"1268\">\n<td data-start=\"1214\" data-end=\"1220\" data-col-size=\"sm\">Bl\u00e5 farge<\/td>\n<td data-start=\"1220\" data-end=\"1235\" data-col-size=\"sm\">Moderat\/hard<\/td>\n<td data-start=\"1235\" data-end=\"1268\" data-col-size=\"sm\">Styrke- og prestasjonstrening<\/td>\n<\/tr>\n<tr data-start=\"1269\" data-end=\"1310\">\n<td data-start=\"1269\" data-end=\"1276\" data-col-size=\"sm\">Svart farge<\/td>\n<td data-start=\"1276\" data-end=\"1283\" data-col-size=\"sm\">T\u00f8ff<\/td>\n<td data-start=\"1283\" data-end=\"1310\" data-col-size=\"sm\">Avansert styrketrening<\/td>\n<\/tr>\n<tr data-start=\"1311\" data-end=\"1370\">\n<td data-start=\"1311\" data-end=\"1318\" data-col-size=\"sm\">S\u00f8lvfarget<\/td>\n<td data-start=\"1318\" data-end=\"1332\" data-col-size=\"sm\">Ekstra hard<\/td>\n<td data-start=\"1332\" data-end=\"1370\" data-col-size=\"sm\">Maksimal belastning, idrettsut\u00f8vere<\/td>\n<\/tr>\n<\/tbody>\n<\/table>\n<\/div>\n<\/div>\n<p data-start=\"1372\" data-end=\"1462\"><em data-start=\"1372\" data-end=\"1460\">(Motstandsverdier m\u00e5lt ved 100 % forlengelse - n\u00e5r slangen er strukket til dobbel lengde).<\/em><\/p>\n<hr data-start=\"1464\" data-end=\"1467\">\n<h3 data-start=\"1469\" data-end=\"1492\"><strong data-start=\"1473\" data-end=\"1492\">Spesifikasjoner<\/strong><\/h3>\n<ul data-start=\"1493\" data-end=\"1651\">\n<li data-start=\"1493\" data-end=\"1542\">\n<p data-start=\"1495\" data-end=\"1542\">Lengde: 7,5 m (kan kappes til \u00f8nsket lengde)<\/p>\n<\/li>\n<li data-start=\"1543\" data-end=\"1577\">\n<p data-start=\"1545\" data-end=\"1577\">Materiale: Lateksfri elastomer<\/p>\n<\/li>\n<li data-start=\"1578\" data-end=\"1608\">\n<p data-start=\"1580\" data-end=\"1608\">Fargekodet motstandssystem<\/p>\n<\/li>\n<li data-start=\"1609\" data-end=\"1651\">\n<p data-start=\"1611\" data-end=\"1651\">Egnet for b\u00e5de hjemmebruk og klinikkbruk<\/p>\n<\/li>\n<\/ul>\n<hr data-start=\"1653\" data-end=\"1656\">\n<p data-start=\"1658\" data-end=\"1849\">Thera-Band Tubing 7,5 m er et fleksibelt og funksjonelt treningsverkt\u00f8y som gir uendelige muligheter for styrke- og rehabiliterings\u00f8velser med n\u00f8yaktig kontroll over belastning og motstand.<\/p>\n","protected":false},"excerpt":{"rendered":"<p><strong>Thera-Band Tubing 7,5 m er et fleksibelt og slitesterkt treningsverkt\u00f8y for styrke, balanse og rehabilitering. Finnes i seks farger med ulik motstand, og kan kombineres med h\u00e5ndtak, d\u00f8rankre og hjelpestropper for maksimal variasjon. <\/strong><\/p>\n","protected":false},"featured_media":83258,"comment_status":"closed","ping_status":"closed","template":"","meta":{"_acf_changed":false},"product_brand":[],"product_cat":[1948,1937,2719,2215,2217,1945],"product_tag":[2720],"class_list":{"0":"post-83243","1":"product","2":"type-product","3":"status-publish","4":"has-post-thumbnail","6":"product_cat-klinikk","7":"product_cat-merkevarer","8":"product_cat-thera-band-no","9":"product_cat-treningsbaand","10":"product_cat-treningsbaand-no","11":"product_cat-treningsutstyr","12":"product_tag-thera-band-no","14":"first","15":"instock","16":"taxable","17":"shipping-taxable","18":"purchasable","19":"product-type-variable"},"acf":[],"_links":{"self":[{"href":"https:\/\/fysiolab.dk\/no\/wp-json\/wp\/v2\/product\/83243","targetHints":{"allow":["GET"]}}],"collection":[{"href":"https:\/\/fysiolab.dk\/no\/wp-json\/wp\/v2\/product"}],"about":[{"href":"https:\/\/fysiolab.dk\/no\/wp-json\/wp\/v2\/types\/product"}],"replies":[{"embeddable":true,"href":"https:\/\/fysiolab.dk\/no\/wp-json\/wp\/v2\/comments?post=83243"}],"wp:featuredmedia":[{"embeddable":true,"href":"https:\/\/fysiolab.dk\/no\/wp-json\/wp\/v2\/media\/83258"}],"wp:attachment":[{"href":"https:\/\/fysiolab.dk\/no\/wp-json\/wp\/v2\/media?parent=83243"}],"wp:term":[{"taxonomy":"product_brand","embeddable":true,"href":"https:\/\/fysiolab.dk\/no\/wp-json\/wp\/v2\/product_brand?post=83243"},{"taxonomy":"product_cat","embeddable":true,"href":"https:\/\/fysiolab.dk\/no\/wp-json\/wp\/v2\/product_cat?post=83243"},{"taxonomy":"product_tag","embeddable":true,"href":"https:\/\/fysiolab.dk\/no\/wp-json\/wp\/v2\/product_tag?post=83243"}],"curies":[{"name":"wp","href":"https:\/\/api.w.org\/{rel}","templated":true}]}}