{"id":83244,"date":"2023-07-16T14:25:28","date_gmt":"2023-07-16T12:25:28","guid":{"rendered":"https:\/\/fysiolab.dk\/product\/thera-band-55-m-x-15-cm-treningsbaand\/"},"modified":"2025-12-18T09:21:28","modified_gmt":"2025-12-18T08:21:28","slug":"thera-band-55-m-x-15-cm-treningsbaand","status":"publish","type":"product","link":"https:\/\/fysiolab.dk\/no\/product\/thera-band-55-m-x-15-cm-treningsbaand\/","title":{"rendered":"Thera-Band 5,5 m x 15 cm treningsb\u00e5nd"},"content":{"rendered":"<h3 data-start=\"89\" data-end=\"136\"><strong data-start=\"92\" data-end=\"136\">Thera-Band treningsb\u00e5nd 5,5 m x 15 cm<\/strong><\/h3>\n<p data-start=\"138\" data-end=\"399\">Thera-Band Training Elastic 5,5 m x 15 cm er et allsidig og slitesterkt elastisk b\u00e5nd utviklet for styrke-, rehabiliterings- og funksjonell trening. Det brede elastiske b\u00e5ndet sikrer en jevn og stabil motstand gjennom hele bevegelsen og kan brukes til b\u00e5de overkropps- og bein\u00f8velser. <\/p>\n<p data-start=\"401\" data-end=\"582\">Den lange lengden gj\u00f8r at du kan tilpasse strikken til ulike \u00f8velser, og den kan kombineres med h\u00e5ndtak, d\u00f8rankre eller hjelpestropper for enda flere treningsmuligheter.<\/p>\n<p data-start=\"455\" data-end=\"692\"><strong>Her finner du tilbeh\u00f8r til Tubing-strikken:<\/strong><\/p>\n<ul>\n<li data-start=\"455\" data-end=\"692\"><a href=\"https:\/\/fysiolab.dk\/no\/product\/thera-band-tilbehoerssett\/\"><strong>Thera-Band tilbeh\u00f8rssett<\/strong><\/a><\/li>\n<li data-start=\"455\" data-end=\"692\"><a href=\"https:\/\/fysiolab.dk\/no\/product\/thera-band-doeranker\/\"><strong>Thera-Band d\u00f8ranker  <\/strong><\/a><\/li>\n<li data-start=\"455\" data-end=\"692\"><a href=\"https:\/\/fysiolab.dk\/no\/product\/thera-band-ankelstropp-sett\/\"><strong>Thera-Band ankelstropp (sett)<\/strong><\/a><\/li>\n<li data-start=\"455\" data-end=\"692\"><a href=\"https:\/\/fysiolab.dk\/no\/product\/thera-band-haandgrep-sett\/\"><strong>Thera-Band h\u00e5ndgrep (sett)<\/strong><\/a><\/li>\n<\/ul>\n<p><strong>Du finner ogs\u00e5 f\u00f8lgende lengder her:<\/strong><\/p>\n<ul>\n<li><a href=\"https:\/\/fysiolab.dk\/no\/product\/thera-band-455-m-x-15-cm-treningsbaand\/\"><strong>Thera-Band 47,5mx15cm Treningsb\u00e5nd  <\/strong><\/a><\/li>\n<li><a href=\"https:\/\/fysiolab.dk\/no\/product\/thera-band-latex-fri-treningsstrikk-229-m\/\"><strong>Thera-Band Latex-frie treningsb\u00e5nd 22m<\/strong><\/a><\/li>\n<\/ul>\n<hr data-start=\"584\" data-end=\"587\">\n<h3 data-start=\"589\" data-end=\"604\"><strong data-start=\"593\" data-end=\"604\">Fordeler og fordeler<\/strong><\/h3>\n<ul data-start=\"605\" data-end=\"796\">\n<li data-start=\"605\" data-end=\"649\">\n<p data-start=\"607\" data-end=\"649\">Bred strikk for stabil og jevn motstand<\/p>\n<\/li>\n<li data-start=\"650\" data-end=\"695\">\n<p data-start=\"652\" data-end=\"695\">Lang lengde gj\u00f8r det mulig \u00e5 tilpasse \u00f8velsene etter behov<\/p>\n<\/li>\n<li data-start=\"696\" data-end=\"757\">\n<p data-start=\"698\" data-end=\"757\">Egnet for styrketrening, funksjonell trening og rehabilitering<\/p>\n<\/li>\n<li data-start=\"758\" data-end=\"796\">\n<p data-start=\"760\" data-end=\"796\">Kan brukes med Thera-Band-tilbeh\u00f8r<\/p>\n<\/li>\n<\/ul>\n<hr data-start=\"798\" data-end=\"801\">\n<h3 data-start=\"803\" data-end=\"829\"><strong data-start=\"807\" data-end=\"829\">Farger og motstand<\/strong><\/h3>\n<div class=\"_tableContainer_1rjym_1\">\n<div class=\"group _tableWrapper_1rjym_13 flex w-fit flex-col-reverse\" tabindex=\"-1\">\n<table class=\"w-fit min-w-(--thread-content-width)\" data-start=\"830\" data-end=\"1286\">\n<thead data-start=\"830\" data-end=\"865\">\n<tr data-start=\"830\" data-end=\"865\">\n<th data-start=\"830\" data-end=\"838\" data-col-size=\"sm\">Farge<\/th>\n<th data-start=\"838\" data-end=\"855\" data-col-size=\"sm\">Motstand (ca.)<\/th>\n<th data-start=\"855\" data-end=\"865\" data-col-size=\"sm\">Motstandsniv\u00e5<\/th>\n<\/tr>\n<\/thead>\n<tbody data-start=\"902\" data-end=\"1286\">\n<tr data-start=\"902\" data-end=\"951\">\n<td data-start=\"902\" data-end=\"910\" data-col-size=\"sm\">Beige farge<\/td>\n<td data-start=\"910\" data-end=\"922\" data-col-size=\"sm\">Sv\u00e6rt lett i vekt<\/td>\n<td data-start=\"922\" data-end=\"951\" data-col-size=\"sm\">Mobilitet og rehabilitering<\/td>\n<\/tr>\n<tr data-start=\"952\" data-end=\"998\">\n<td data-start=\"952\" data-end=\"958\" data-col-size=\"sm\">Gul<\/td>\n<td data-start=\"958\" data-end=\"964\" data-col-size=\"sm\">Lettvekt<\/td>\n<td data-start=\"964\" data-end=\"998\" data-col-size=\"sm\">Nybegynner- og mobilitetstrening<\/td>\n<\/tr>\n<tr data-start=\"999\" data-end=\"1047\">\n<td data-start=\"999\" data-end=\"1005\" data-col-size=\"sm\">R\u00f8d i fargen<\/td>\n<td data-start=\"1005\" data-end=\"1019\" data-col-size=\"sm\">Lett\/moderat<\/td>\n<td data-start=\"1019\" data-end=\"1047\" data-col-size=\"sm\">Generell styrketrening<\/td>\n<\/tr>\n<tr data-start=\"1048\" data-end=\"1101\">\n<td data-start=\"1048\" data-end=\"1055\" data-col-size=\"sm\">Gr\u00f8nn<\/td>\n<td data-start=\"1055\" data-end=\"1065\" data-col-size=\"sm\">Moderat<\/td>\n<td data-start=\"1065\" data-end=\"1101\" data-col-size=\"sm\">Funksjonell trening og stabilitet<\/td>\n<\/tr>\n<tr data-start=\"1102\" data-end=\"1148\">\n<td data-start=\"1102\" data-end=\"1108\" data-col-size=\"sm\">Bl\u00e5 farge<\/td>\n<td data-start=\"1108\" data-end=\"1123\" data-col-size=\"sm\">Moderat\/hard<\/td>\n<td data-start=\"1123\" data-end=\"1148\" data-col-size=\"sm\">Styrke og ytelse<\/td>\n<\/tr>\n<tr data-start=\"1149\" data-end=\"1190\">\n<td data-start=\"1149\" data-end=\"1156\" data-col-size=\"sm\">Svart farge<\/td>\n<td data-start=\"1156\" data-end=\"1163\" data-col-size=\"sm\">T\u00f8ff<\/td>\n<td data-start=\"1163\" data-end=\"1190\" data-col-size=\"sm\">Avansert styrketrening<\/td>\n<\/tr>\n<tr data-start=\"1191\" data-end=\"1235\">\n<td data-start=\"1191\" data-end=\"1198\" data-col-size=\"sm\">S\u00f8lvfarget<\/td>\n<td data-start=\"1198\" data-end=\"1212\" data-col-size=\"sm\">Ekstra hard<\/td>\n<td data-start=\"1212\" data-end=\"1235\" data-col-size=\"sm\">Maksimal belastning<\/td>\n<\/tr>\n<tr data-start=\"1236\" data-end=\"1286\">\n<td data-start=\"1236\" data-end=\"1243\" data-col-size=\"sm\">Gull<\/td>\n<td data-start=\"1243\" data-end=\"1256\" data-col-size=\"sm\">Veldig t\u00f8ft<\/td>\n<td data-start=\"1256\" data-end=\"1286\" data-col-size=\"sm\">Toppniv\u00e5 og toppidrettsut\u00f8vere<\/td>\n<\/tr>\n<\/tbody>\n<\/table>\n<\/div>\n<\/div>\n<p data-start=\"1288\" data-end=\"1382\"><em data-start=\"1288\" data-end=\"1380\">(Motstandsverdiene m\u00e5les ved 100 % t\u00f8yning - n\u00e5r strikken er strukket til dobbel lengde).<\/em><\/p>\n<hr data-start=\"1384\" data-end=\"1387\">\n<h3 data-start=\"1389\" data-end=\"1412\"><strong data-start=\"1393\" data-end=\"1412\">Spesifikasjoner<\/strong><\/h3>\n<ul data-start=\"1413\" data-end=\"1558\">\n<li data-start=\"1413\" data-end=\"1430\">\n<p data-start=\"1415\" data-end=\"1430\">Lengde: 5,5 m<\/p>\n<\/li>\n<li data-start=\"1431\" data-end=\"1448\">\n<p data-start=\"1433\" data-end=\"1448\">Bredde: 15 cm<\/p>\n<\/li>\n<li data-start=\"1449\" data-end=\"1483\">\n<p data-start=\"1451\" data-end=\"1483\">Materiale: Lateksfri elastomer<\/p>\n<\/li>\n<li data-start=\"1484\" data-end=\"1514\">\n<p data-start=\"1486\" data-end=\"1514\">Fargekodet motstandssystem<\/p>\n<\/li>\n<li data-start=\"1515\" data-end=\"1558\">\n<p data-start=\"1517\" data-end=\"1558\">Perfekt for klinikk, sport og hjemmebruk<\/p>\n<\/li>\n<\/ul>\n<p>&nbsp;<\/p>\n","protected":false},"excerpt":{"rendered":"<p><strong>Thera-Band Training Elastic 5,5 m x 15 cm er et bredt og slitesterkt elastisk b\u00e5nd for styrke, funksjonell trening og rehabilitering. Finnes i \u00e5tte farger med ulik motstand og kan kombineres med Thera-Band-tilbeh\u00f8r. <\/strong><\/p>\n","protected":false},"featured_media":83260,"comment_status":"closed","ping_status":"closed","template":"","meta":{"_acf_changed":false},"product_brand":[],"product_cat":[1948,1937,2719,2215,2217,1945],"product_tag":[2720],"class_list":{"0":"post-83244","1":"product","2":"type-product","3":"status-publish","4":"has-post-thumbnail","6":"product_cat-klinikk","7":"product_cat-merkevarer","8":"product_cat-thera-band-no","9":"product_cat-treningsbaand","10":"product_cat-treningsbaand-no","11":"product_cat-treningsutstyr","12":"product_tag-thera-band-no","14":"first","15":"instock","16":"taxable","17":"shipping-taxable","18":"purchasable","19":"product-type-variable"},"acf":[],"_links":{"self":[{"href":"https:\/\/fysiolab.dk\/no\/wp-json\/wp\/v2\/product\/83244","targetHints":{"allow":["GET"]}}],"collection":[{"href":"https:\/\/fysiolab.dk\/no\/wp-json\/wp\/v2\/product"}],"about":[{"href":"https:\/\/fysiolab.dk\/no\/wp-json\/wp\/v2\/types\/product"}],"replies":[{"embeddable":true,"href":"https:\/\/fysiolab.dk\/no\/wp-json\/wp\/v2\/comments?post=83244"}],"wp:featuredmedia":[{"embeddable":true,"href":"https:\/\/fysiolab.dk\/no\/wp-json\/wp\/v2\/media\/83260"}],"wp:attachment":[{"href":"https:\/\/fysiolab.dk\/no\/wp-json\/wp\/v2\/media?parent=83244"}],"wp:term":[{"taxonomy":"product_brand","embeddable":true,"href":"https:\/\/fysiolab.dk\/no\/wp-json\/wp\/v2\/product_brand?post=83244"},{"taxonomy":"product_cat","embeddable":true,"href":"https:\/\/fysiolab.dk\/no\/wp-json\/wp\/v2\/product_cat?post=83244"},{"taxonomy":"product_tag","embeddable":true,"href":"https:\/\/fysiolab.dk\/no\/wp-json\/wp\/v2\/product_tag?post=83244"}],"curies":[{"name":"wp","href":"https:\/\/api.w.org\/{rel}","templated":true}]}}