{"id":83261,"date":"2023-07-16T14:26:20","date_gmt":"2023-07-16T12:26:20","guid":{"rendered":"https:\/\/fysiolab.dk\/product\/thera-band-slangerull-305-m\/"},"modified":"2025-12-18T09:21:28","modified_gmt":"2025-12-18T08:21:28","slug":"thera-band-slangerull-305-m","status":"publish","type":"product","link":"https:\/\/fysiolab.dk\/no\/product\/thera-band-slangerull-305-m\/","title":{"rendered":"Thera-Band Tubing-rull 30,5 m"},"content":{"rendered":"<h3 data-start=\"129\" data-end=\"160\"><strong data-start=\"132\" data-end=\"160\">Thera-Band-slange 30,5 m<\/strong><\/h3>\n<p data-start=\"162\" data-end=\"480\">Thera-Band Tubing 30,5 m er et profesjonelt og allsidig treningsverkt\u00f8y som gir mulighet for m\u00e5lrettet styrke-, balanse- og rehabiliteringstrening. Den lange slangen kan klippes til \u00f8nsket lengde, noe som gj\u00f8r den ideell for klinikker, treningssentre og hjemmebruk der fleksibilitet og variasjon er viktig. <\/p>\n<p data-start=\"482\" data-end=\"751\">Den slitesterke, lateksfrie slangen kan kombineres med Thera-Band-tilbeh\u00f8r som h\u00e5ndtak, d\u00f8rforankringer og hjelpestropper for \u00e5 tilpasse \u00f8velsene. Slangen er fargekodet etter motstand, noe som gj\u00f8r det enkelt \u00e5 velge riktig belastning for trening og rehabilitering. <\/p>\n<p data-start=\"455\" data-end=\"692\"><strong>Her finner du tilbeh\u00f8r til Tubing-strikken:<\/strong><\/p>\n<ul>\n<li data-start=\"455\" data-end=\"692\"><a href=\"https:\/\/fysiolab.dk\/no\/product\/thera-band-tilbehoerssett\/\"><strong>Thera-Band tilbeh\u00f8rssett<\/strong><\/a><\/li>\n<li data-start=\"455\" data-end=\"692\"><a href=\"https:\/\/fysiolab.dk\/no\/product\/thera-band-doeranker\/\"><strong>Thera-Band d\u00f8ranker  <\/strong><\/a><\/li>\n<li data-start=\"455\" data-end=\"692\"><a href=\"https:\/\/fysiolab.dk\/no\/product\/thera-band-ankelstropp-sett\/\"><strong>Thera-Band ankelstropp (sett)<\/strong><\/a><\/li>\n<li data-start=\"455\" data-end=\"692\"><a href=\"https:\/\/fysiolab.dk\/no\/product\/thera-band-haandgrep-sett\/\"><strong>Thera-Band h\u00e5ndgrep (sett)<\/strong><\/a><\/li>\n<\/ul>\n<hr data-start=\"753\" data-end=\"756\">\n<h3 data-start=\"758\" data-end=\"773\"><strong data-start=\"762\" data-end=\"773\">Fordeler og fordeler<\/strong><\/h3>\n<ul data-start=\"774\" data-end=\"1057\">\n<li data-start=\"774\" data-end=\"837\">\n<p data-start=\"776\" data-end=\"837\">Lang og fleksibel slange som kan kappes til \u00f8nsket lengde<\/p>\n<\/li>\n<li data-start=\"838\" data-end=\"887\">\n<p data-start=\"840\" data-end=\"887\">Lateksfritt materiale - allergivennlig og slitesterkt<\/p>\n<\/li>\n<li data-start=\"888\" data-end=\"941\">\n<p data-start=\"890\" data-end=\"941\">Kan brukes med h\u00e5ndtak, d\u00f8rforankringer og hjelpestropper<\/p>\n<\/li>\n<li data-start=\"942\" data-end=\"1002\">\n<p data-start=\"944\" data-end=\"1002\">Perfekt for styrke, rehabilitering og funksjonell trening<\/p>\n<\/li>\n<li data-start=\"1003\" data-end=\"1057\">\n<p data-start=\"1005\" data-end=\"1057\">Fargekodet motstandssystem for enkel treningskontroll<\/p>\n<\/li>\n<\/ul>\n<hr data-start=\"1059\" data-end=\"1062\">\n<h3 data-start=\"1064\" data-end=\"1090\"><strong data-start=\"1068\" data-end=\"1090\">Farger og motstand<\/strong><\/h3>\n<div class=\"_tableContainer_1rjym_1\">\n<div class=\"group _tableWrapper_1rjym_13 flex w-fit flex-col-reverse\" tabindex=\"-1\">\n<table class=\"w-fit min-w-(--thread-content-width)\" data-start=\"1091\" data-end=\"1464\">\n<thead data-start=\"1091\" data-end=\"1126\">\n<tr data-start=\"1091\" data-end=\"1126\">\n<th data-start=\"1091\" data-end=\"1099\" data-col-size=\"sm\">Farge<\/th>\n<th data-start=\"1099\" data-end=\"1116\" data-col-size=\"sm\">Motstand (ca.)<\/th>\n<th data-start=\"1116\" data-end=\"1126\" data-col-size=\"sm\">Motstandsniv\u00e5<\/th>\n<\/tr>\n<\/thead>\n<tbody data-start=\"1163\" data-end=\"1464\">\n<tr data-start=\"1163\" data-end=\"1204\">\n<td data-start=\"1163\" data-end=\"1169\" data-col-size=\"sm\">Gul<\/td>\n<td data-start=\"1169\" data-end=\"1175\" data-col-size=\"sm\">Lettvekt<\/td>\n<td data-start=\"1175\" data-end=\"1204\" data-col-size=\"sm\">Mobilitet og rehabilitering<\/td>\n<\/tr>\n<tr data-start=\"1205\" data-end=\"1253\">\n<td data-start=\"1205\" data-end=\"1211\" data-col-size=\"sm\">R\u00f8d i fargen<\/td>\n<td data-start=\"1211\" data-end=\"1225\" data-col-size=\"sm\">Lett\/moderat<\/td>\n<td data-start=\"1225\" data-end=\"1253\" data-col-size=\"sm\">Generell styrketrening<\/td>\n<\/tr>\n<tr data-start=\"1254\" data-end=\"1307\">\n<td data-start=\"1254\" data-end=\"1261\" data-col-size=\"sm\">Gr\u00f8nn<\/td>\n<td data-start=\"1261\" data-end=\"1271\" data-col-size=\"sm\">Moderat<\/td>\n<td data-start=\"1271\" data-end=\"1307\" data-col-size=\"sm\">Funksjonell trening og stabilitet<\/td>\n<\/tr>\n<tr data-start=\"1308\" data-end=\"1362\">\n<td data-start=\"1308\" data-end=\"1314\" data-col-size=\"sm\">Bl\u00e5 farge<\/td>\n<td data-start=\"1314\" data-end=\"1329\" data-col-size=\"sm\">Moderat\/hard<\/td>\n<td data-start=\"1329\" data-end=\"1362\" data-col-size=\"sm\">Styrke- og prestasjonstrening<\/td>\n<\/tr>\n<tr data-start=\"1363\" data-end=\"1404\">\n<td data-start=\"1363\" data-end=\"1370\" data-col-size=\"sm\">Svart farge<\/td>\n<td data-start=\"1370\" data-end=\"1377\" data-col-size=\"sm\">T\u00f8ff<\/td>\n<td data-start=\"1377\" data-end=\"1404\" data-col-size=\"sm\">Avansert styrketrening<\/td>\n<\/tr>\n<tr data-start=\"1405\" data-end=\"1464\">\n<td data-start=\"1405\" data-end=\"1412\" data-col-size=\"sm\">S\u00f8lvfarget<\/td>\n<td data-start=\"1412\" data-end=\"1426\" data-col-size=\"sm\">Ekstra hard<\/td>\n<td data-start=\"1426\" data-end=\"1464\" data-col-size=\"sm\">Maksimal belastning, idrettsut\u00f8vere<\/td>\n<\/tr>\n<\/tbody>\n<\/table>\n<\/div>\n<\/div>\n<p data-start=\"1466\" data-end=\"1556\"><em data-start=\"1466\" data-end=\"1554\">(Motstandsverdier m\u00e5lt ved 100 % forlengelse - n\u00e5r slangen er strukket til dobbel lengde).<\/em><\/p>\n<hr data-start=\"1558\" data-end=\"1561\">\n<h3 data-start=\"1563\" data-end=\"1586\"><strong data-start=\"1567\" data-end=\"1586\">Spesifikasjoner<\/strong><\/h3>\n<ul data-start=\"1587\" data-end=\"1751\">\n<li data-start=\"1587\" data-end=\"1637\">\n<p data-start=\"1589\" data-end=\"1637\">Lengde: 30,5 m (kan kappes til \u00f8nsket lengde)<\/p>\n<\/li>\n<li data-start=\"1638\" data-end=\"1672\">\n<p data-start=\"1640\" data-end=\"1672\">Materiale: Lateksfri elastomer<\/p>\n<\/li>\n<li data-start=\"1673\" data-end=\"1703\">\n<p data-start=\"1675\" data-end=\"1703\">Fargekodet motstandssystem<\/p>\n<\/li>\n<li data-start=\"1704\" data-end=\"1751\">\n<p data-start=\"1706\" data-end=\"1751\">Egnet for klinikk, hjemmetrening og sport<\/p>\n<\/li>\n<\/ul>\n<hr data-start=\"1753\" data-end=\"1756\">\n<p data-start=\"1758\" data-end=\"1922\">Thera-Band Tubing 30,5 m gir maksimal fleksibilitet og variasjon i treningen, og er et ideelt verkt\u00f8y for b\u00e5de funksjonell trening og profesjonell rehabilitering.<\/p>\n","protected":false},"excerpt":{"rendered":"<p><strong>Thera-Band Tubing 30,5 m er et langt og fleksibelt treningsverkt\u00f8y for styrke, balanse og rehabilitering. Finnes i seks farger med ulik motstand, og kan kombineres med h\u00e5ndtak, d\u00f8rankre og hjelpestropper for maksimal variasjon. <\/strong><\/p>\n","protected":false},"featured_media":97895,"comment_status":"closed","ping_status":"closed","template":"","meta":{"_acf_changed":false},"product_brand":[],"product_cat":[1948,1937,2719,2215,2217,1945],"product_tag":[2720],"class_list":{"0":"post-83261","1":"product","2":"type-product","3":"status-publish","4":"has-post-thumbnail","6":"product_cat-klinikk","7":"product_cat-merkevarer","8":"product_cat-thera-band-no","9":"product_cat-treningsbaand","10":"product_cat-treningsbaand-no","11":"product_cat-treningsutstyr","12":"product_tag-thera-band-no","14":"first","15":"instock","16":"taxable","17":"shipping-taxable","18":"purchasable","19":"product-type-variable"},"acf":[],"_links":{"self":[{"href":"https:\/\/fysiolab.dk\/no\/wp-json\/wp\/v2\/product\/83261","targetHints":{"allow":["GET"]}}],"collection":[{"href":"https:\/\/fysiolab.dk\/no\/wp-json\/wp\/v2\/product"}],"about":[{"href":"https:\/\/fysiolab.dk\/no\/wp-json\/wp\/v2\/types\/product"}],"replies":[{"embeddable":true,"href":"https:\/\/fysiolab.dk\/no\/wp-json\/wp\/v2\/comments?post=83261"}],"wp:featuredmedia":[{"embeddable":true,"href":"https:\/\/fysiolab.dk\/no\/wp-json\/wp\/v2\/media\/97895"}],"wp:attachment":[{"href":"https:\/\/fysiolab.dk\/no\/wp-json\/wp\/v2\/media?parent=83261"}],"wp:term":[{"taxonomy":"product_brand","embeddable":true,"href":"https:\/\/fysiolab.dk\/no\/wp-json\/wp\/v2\/product_brand?post=83261"},{"taxonomy":"product_cat","embeddable":true,"href":"https:\/\/fysiolab.dk\/no\/wp-json\/wp\/v2\/product_cat?post=83261"},{"taxonomy":"product_tag","embeddable":true,"href":"https:\/\/fysiolab.dk\/no\/wp-json\/wp\/v2\/product_tag?post=83261"}],"curies":[{"name":"wp","href":"https:\/\/api.w.org\/{rel}","templated":true}]}}