{"id":83262,"date":"2023-07-16T14:25:27","date_gmt":"2023-07-16T12:25:27","guid":{"rendered":"https:\/\/fysiolab.dk\/product\/thera-band-455-m-x-15-cm-treningsbaand\/"},"modified":"2025-12-18T09:21:28","modified_gmt":"2025-12-18T08:21:28","slug":"thera-band-455-m-x-15-cm-treningsbaand","status":"publish","type":"product","link":"https:\/\/fysiolab.dk\/no\/product\/thera-band-455-m-x-15-cm-treningsbaand\/","title":{"rendered":"Thera-Band 47,5 m x 15 cm treningsb\u00e5nd"},"content":{"rendered":"<h3 data-start=\"90\" data-end=\"138\"><strong data-start=\"93\" data-end=\"138\">Thera-Band Treningsb\u00e5nd 47,5 m x 15 cm<\/strong><\/h3>\n<p data-start=\"140\" data-end=\"424\">Thera-Band Training Elastic 47,5 m x 15 cm er et profesjonelt og allsidig elastisk b\u00e5nd som gir mulighet for m\u00e5lrettet styrke-, rehabiliterings- og funksjonell trening. Det brede elastiske b\u00e5ndet sikrer stabil og jevn motstand gjennom hele bevegelsen og kan brukes til b\u00e5de overkropps- og bein\u00f8velser. <\/p>\n<p data-start=\"426\" data-end=\"688\">Den lange lengden gj\u00f8r at strikken kan klippes til i \u00f8nsket st\u00f8rrelse, noe som gir maksimal fleksibilitet og tilpasning til ulike \u00f8velser og treningsbehov. Strikken kan ogs\u00e5 kombineres med h\u00e5ndtak, d\u00f8rankre eller hjelpestropper for ytterligere variasjon. <\/p>\n<p><strong>Du finner ogs\u00e5 f\u00f8lgende lengder her:<\/strong><\/p>\n<ul>\n<li><a href=\"https:\/\/fysiolab.dk\/no\/product\/thera-band-55-m-x-15-cm-treningsbaand\/\"><b>Thera-Band 5,5 m x 15 cm treningsb\u00e5nd  <\/b><\/a><\/li>\n<li><a href=\"https:\/\/fysiolab.dk\/no\/product\/thera-band-latex-fri-treningsstrikk-229-m\/\"><strong>Thera-Band Latex-frie treningsb\u00e5nd 22m<\/strong><\/a><\/li>\n<\/ul>\n<hr data-start=\"690\" data-end=\"693\">\n<h3 data-start=\"695\" data-end=\"710\"><strong data-start=\"699\" data-end=\"710\">Fordeler og fordeler<\/strong><\/h3>\n<ul data-start=\"711\" data-end=\"950\">\n<li data-start=\"711\" data-end=\"755\">\n<p data-start=\"713\" data-end=\"755\">Bred strikk for stabil og jevn motstand<\/p>\n<\/li>\n<li data-start=\"756\" data-end=\"820\">\n<p data-start=\"758\" data-end=\"820\">Sv\u00e6rt lang lengde som kan tilpasses \u00f8velser etter behov<\/p>\n<\/li>\n<li data-start=\"821\" data-end=\"882\">\n<p data-start=\"823\" data-end=\"882\">Egnet for styrketrening, funksjonell trening og rehabilitering<\/p>\n<\/li>\n<li data-start=\"883\" data-end=\"950\">\n<p data-start=\"885\" data-end=\"950\">Kan brukes med Thera-Band-tilbeh\u00f8r for flere treningsalternativer<\/p>\n<\/li>\n<\/ul>\n<hr data-start=\"952\" data-end=\"955\">\n<h3 data-start=\"957\" data-end=\"983\"><strong data-start=\"961\" data-end=\"983\">Farger og motstand<\/strong><\/h3>\n<div class=\"_tableContainer_1rjym_1\">\n<div class=\"group _tableWrapper_1rjym_13 flex w-fit flex-col-reverse\" tabindex=\"-1\">\n<table class=\"w-fit min-w-(--thread-content-width)\" data-start=\"984\" data-end=\"1440\">\n<thead data-start=\"984\" data-end=\"1019\">\n<tr data-start=\"984\" data-end=\"1019\">\n<th data-start=\"984\" data-end=\"992\" data-col-size=\"sm\">Farge<\/th>\n<th data-start=\"992\" data-end=\"1009\" data-col-size=\"sm\">Motstand (ca.)<\/th>\n<th data-start=\"1009\" data-end=\"1019\" data-col-size=\"sm\">Motstandsniv\u00e5<\/th>\n<\/tr>\n<\/thead>\n<tbody data-start=\"1056\" data-end=\"1440\">\n<tr data-start=\"1056\" data-end=\"1105\">\n<td data-start=\"1056\" data-end=\"1064\" data-col-size=\"sm\">Beige farge<\/td>\n<td data-start=\"1064\" data-end=\"1076\" data-col-size=\"sm\">Sv\u00e6rt lett i vekt<\/td>\n<td data-start=\"1076\" data-end=\"1105\" data-col-size=\"sm\">Mobilitet og rehabilitering<\/td>\n<\/tr>\n<tr data-start=\"1106\" data-end=\"1152\">\n<td data-start=\"1106\" data-end=\"1112\" data-col-size=\"sm\">Gul<\/td>\n<td data-start=\"1112\" data-end=\"1118\" data-col-size=\"sm\">Lettvekt<\/td>\n<td data-start=\"1118\" data-end=\"1152\" data-col-size=\"sm\">Nybegynner- og mobilitetstrening<\/td>\n<\/tr>\n<tr data-start=\"1153\" data-end=\"1201\">\n<td data-start=\"1153\" data-end=\"1159\" data-col-size=\"sm\">R\u00f8d i fargen<\/td>\n<td data-start=\"1159\" data-end=\"1173\" data-col-size=\"sm\">Lett\/moderat<\/td>\n<td data-start=\"1173\" data-end=\"1201\" data-col-size=\"sm\">Generell styrketrening<\/td>\n<\/tr>\n<tr data-start=\"1202\" data-end=\"1255\">\n<td data-start=\"1202\" data-end=\"1209\" data-col-size=\"sm\">Gr\u00f8nn<\/td>\n<td data-start=\"1209\" data-end=\"1219\" data-col-size=\"sm\">Moderat<\/td>\n<td data-start=\"1219\" data-end=\"1255\" data-col-size=\"sm\">Funksjonell trening og stabilitet<\/td>\n<\/tr>\n<tr data-start=\"1256\" data-end=\"1302\">\n<td data-start=\"1256\" data-end=\"1262\" data-col-size=\"sm\">Bl\u00e5 farge<\/td>\n<td data-start=\"1262\" data-end=\"1277\" data-col-size=\"sm\">Moderat\/hard<\/td>\n<td data-start=\"1277\" data-end=\"1302\" data-col-size=\"sm\">Styrke og ytelse<\/td>\n<\/tr>\n<tr data-start=\"1303\" data-end=\"1344\">\n<td data-start=\"1303\" data-end=\"1310\" data-col-size=\"sm\">Svart farge<\/td>\n<td data-start=\"1310\" data-end=\"1317\" data-col-size=\"sm\">T\u00f8ff<\/td>\n<td data-start=\"1317\" data-end=\"1344\" data-col-size=\"sm\">Avansert styrketrening<\/td>\n<\/tr>\n<tr data-start=\"1345\" data-end=\"1389\">\n<td data-start=\"1345\" data-end=\"1352\" data-col-size=\"sm\">S\u00f8lvfarget<\/td>\n<td data-start=\"1352\" data-end=\"1366\" data-col-size=\"sm\">Ekstra hard<\/td>\n<td data-start=\"1366\" data-end=\"1389\" data-col-size=\"sm\">Maksimal belastning<\/td>\n<\/tr>\n<tr data-start=\"1390\" data-end=\"1440\">\n<td data-start=\"1390\" data-end=\"1397\" data-col-size=\"sm\">Gull<\/td>\n<td data-start=\"1397\" data-end=\"1410\" data-col-size=\"sm\">Veldig t\u00f8ft<\/td>\n<td data-start=\"1410\" data-end=\"1440\" data-col-size=\"sm\">Toppniv\u00e5 og toppidrettsut\u00f8vere<\/td>\n<\/tr>\n<\/tbody>\n<\/table>\n<\/div>\n<\/div>\n<p data-start=\"1442\" data-end=\"1536\"><em data-start=\"1442\" data-end=\"1534\">(Motstandsverdiene m\u00e5les ved 100 % t\u00f8yning - n\u00e5r strikken er strukket til dobbel lengde).<\/em><\/p>\n<hr data-start=\"1538\" data-end=\"1541\">\n<h3 data-start=\"1543\" data-end=\"1566\"><strong data-start=\"1547\" data-end=\"1566\">Spesifikasjoner<\/strong><\/h3>\n<ul data-start=\"1567\" data-end=\"1743\">\n<li data-start=\"1567\" data-end=\"1617\">\n<p data-start=\"1569\" data-end=\"1617\">Lengde: 47,5 m (kan kappes til \u00f8nsket lengde)<\/p>\n<\/li>\n<li data-start=\"1618\" data-end=\"1635\">\n<p data-start=\"1620\" data-end=\"1635\">Bredde: 15 cm<\/p>\n<\/li>\n<li data-start=\"1636\" data-end=\"1670\">\n<p data-start=\"1638\" data-end=\"1670\">Materiale: Lateksfri elastomer<\/p>\n<\/li>\n<li data-start=\"1671\" data-end=\"1701\">\n<p data-start=\"1673\" data-end=\"1701\">Fargekodet motstandssystem<\/p>\n<\/li>\n<li data-start=\"1702\" data-end=\"1743\">\n<p data-start=\"1704\" data-end=\"1743\">Ideell for klinikk, sport og hjemmebruk<\/p>\n<\/li>\n<\/ul>\n","protected":false},"excerpt":{"rendered":"<p><strong>Thera-Band Training Elastic 47,5 m x 15 cm er et bredt og langt elastisk b\u00e5nd for styrke, funksjonell trening og rehabilitering. Finnes i \u00e5tte farger med ulik motstand og kan kombineres med Thera-Band-tilbeh\u00f8r for maksimal variasjon. <\/strong><\/p>\n","protected":false},"featured_media":97978,"comment_status":"closed","ping_status":"closed","template":"","meta":{"_acf_changed":false},"product_brand":[],"product_cat":[1948,1937,2719,2215,2217,1945],"product_tag":[2720],"class_list":{"0":"post-83262","1":"product","2":"type-product","3":"status-publish","4":"has-post-thumbnail","6":"product_cat-klinikk","7":"product_cat-merkevarer","8":"product_cat-thera-band-no","9":"product_cat-treningsbaand","10":"product_cat-treningsbaand-no","11":"product_cat-treningsutstyr","12":"product_tag-thera-band-no","14":"first","15":"instock","16":"taxable","17":"shipping-taxable","18":"purchasable","19":"product-type-variable"},"acf":[],"_links":{"self":[{"href":"https:\/\/fysiolab.dk\/no\/wp-json\/wp\/v2\/product\/83262","targetHints":{"allow":["GET"]}}],"collection":[{"href":"https:\/\/fysiolab.dk\/no\/wp-json\/wp\/v2\/product"}],"about":[{"href":"https:\/\/fysiolab.dk\/no\/wp-json\/wp\/v2\/types\/product"}],"replies":[{"embeddable":true,"href":"https:\/\/fysiolab.dk\/no\/wp-json\/wp\/v2\/comments?post=83262"}],"wp:featuredmedia":[{"embeddable":true,"href":"https:\/\/fysiolab.dk\/no\/wp-json\/wp\/v2\/media\/97978"}],"wp:attachment":[{"href":"https:\/\/fysiolab.dk\/no\/wp-json\/wp\/v2\/media?parent=83262"}],"wp:term":[{"taxonomy":"product_brand","embeddable":true,"href":"https:\/\/fysiolab.dk\/no\/wp-json\/wp\/v2\/product_brand?post=83262"},{"taxonomy":"product_cat","embeddable":true,"href":"https:\/\/fysiolab.dk\/no\/wp-json\/wp\/v2\/product_cat?post=83262"},{"taxonomy":"product_tag","embeddable":true,"href":"https:\/\/fysiolab.dk\/no\/wp-json\/wp\/v2\/product_tag?post=83262"}],"curies":[{"name":"wp","href":"https:\/\/api.w.org\/{rel}","templated":true}]}}