{"id":83278,"date":"2023-07-16T14:25:26","date_gmt":"2023-07-16T12:25:26","guid":{"rendered":"https:\/\/fysiolab.dk\/product\/donjoy-wrist-wrap-haandleddsbandasje\/"},"modified":"2025-12-18T09:21:29","modified_gmt":"2025-12-18T08:21:29","slug":"donjoy-wrist-wrap-haandleddsbandasje","status":"publish","type":"product","link":"https:\/\/fysiolab.dk\/no\/product\/donjoy-wrist-wrap-haandleddsbandasje\/","title":{"rendered":"DonJoy Wrist Wrap, H\u00e5ndleddsbandasje"},"content":{"rendered":"<p><b>Produktinformasjon<\/b><\/p>\n<p>H\u00e5ndleddsbandasjen fra Donjoy er i stand til \u00e5 begrense bevegelsesutslaget p\u00e5 en hensiktsmessig m\u00e5te. Den er ogs\u00e5 egnet for sports- og arbeidsrelaterte skader. <strong>  Passer b\u00e5de til venstre og h\u00f8yre<\/strong><\/p>\n<p><b>Funksjoner og fordeler<\/b><\/p>\n<ul>\n<li>Innvendig neopren for f\u00f4r og komfort<\/li>\n<li>Utskiftbare skuminnlegg for variabel st\u00f8tte<\/li>\n<li>Ytterstoff i vevd nylon for lang holdbarhet<\/li>\n<li>Stropper for \u00e5 begrense rotasjon av bandasjen<\/li>\n<\/ul>\n<p><strong>St\u00f8rrelsesguide  <\/strong><\/p>\n<p><strong>M\u00e5l omkretsen der den er minst<\/strong><\/p>\n<p><a href=\"https:\/\/dev.fysiolab.dk\/wp-content\/uploads\/2025\/05\/H2.png\"><img fetchpriority=\"high\" decoding=\"async\" class=\"alignnone size-medium wp-image-202392805\" src=\"https:\/\/dev.fysiolab.dk\/wp-content\/uploads\/2025\/05\/H2-300x169.png\" alt=\"\" width=\"300\" height=\"169\" title=\"\"><\/a><\/p>\n<p><strong>Omkrets Str.<\/strong><\/p>\n<p><strong>12,5-15 cm S<\/strong><\/p>\n<p><strong>15-18 cm M<\/strong><\/p>\n<p><strong>18-20,5 cm L<\/strong><\/p>\n<p>&nbsp;<\/p>\n","protected":false},"excerpt":{"rendered":"<p><strong>Sterk og robust h\u00e5ndleddsbandasje fra DonJoy. Laget av neopren og behagelig \u00e5 ha p\u00e5.  Passer b\u00e5de til venstre og h\u00f8yre<\/strong><\/p>\n<p>https:\/\/www.youtube.com\/watch?v=uT1ZaBnbLiI<\/p>\n","protected":false},"featured_media":83287,"comment_status":"closed","ping_status":"closed","template":"","meta":{"_acf_changed":false},"product_brand":[],"product_cat":[2071,1938,2048,2043,2040,2265,2068,1937,1970,2067,2070,1933],"product_tag":[2173],"class_list":{"0":"post-83278","1":"product","2":"type-product","3":"status-publish","4":"has-post-thumbnail","6":"product_cat-artrose-i-haandleddet","7":"product_cat-donjoy-no","8":"product_cat-donjoy-haandleddstoette","9":"product_cat-forstuing-og-overbelastning-av-haandleddet","10":"product_cat-haand-og-haandleddsskinne","11":"product_cat-haandleddsbeskytter-for-trening","12":"product_cat-karpaltunnelsyndrom-no","13":"product_cat-merkevarer","14":"product_cat-padel-no","15":"product_cat-senebetennelse","16":"product_cat-senebetennelse-i-haandleddet","17":"product_cat-skinner-og-stoetteskinner","18":"product_tag-donjoy-no","20":"first","21":"instock","22":"taxable","23":"shipping-taxable","24":"purchasable","25":"product-type-variable"},"acf":[],"_links":{"self":[{"href":"https:\/\/fysiolab.dk\/no\/wp-json\/wp\/v2\/product\/83278","targetHints":{"allow":["GET"]}}],"collection":[{"href":"https:\/\/fysiolab.dk\/no\/wp-json\/wp\/v2\/product"}],"about":[{"href":"https:\/\/fysiolab.dk\/no\/wp-json\/wp\/v2\/types\/product"}],"replies":[{"embeddable":true,"href":"https:\/\/fysiolab.dk\/no\/wp-json\/wp\/v2\/comments?post=83278"}],"wp:featuredmedia":[{"embeddable":true,"href":"https:\/\/fysiolab.dk\/no\/wp-json\/wp\/v2\/media\/83287"}],"wp:attachment":[{"href":"https:\/\/fysiolab.dk\/no\/wp-json\/wp\/v2\/media?parent=83278"}],"wp:term":[{"taxonomy":"product_brand","embeddable":true,"href":"https:\/\/fysiolab.dk\/no\/wp-json\/wp\/v2\/product_brand?post=83278"},{"taxonomy":"product_cat","embeddable":true,"href":"https:\/\/fysiolab.dk\/no\/wp-json\/wp\/v2\/product_cat?post=83278"},{"taxonomy":"product_tag","embeddable":true,"href":"https:\/\/fysiolab.dk\/no\/wp-json\/wp\/v2\/product_tag?post=83278"}],"curies":[{"name":"wp","href":"https:\/\/api.w.org\/{rel}","templated":true}]}}