{"id":83289,"date":"2023-07-16T14:25:51","date_gmt":"2023-07-16T12:25:51","guid":{"rendered":"https:\/\/fysiolab.dk\/product\/thera-band-treningsballer\/"},"modified":"2025-12-18T09:21:28","modified_gmt":"2025-12-18T08:21:28","slug":"thera-band-treningsballer","status":"publish","type":"product","link":"https:\/\/fysiolab.dk\/no\/product\/thera-band-treningsballer\/","title":{"rendered":"Thera-Band treningsballer"},"content":{"rendered":"<h3 data-start=\"70\" data-end=\"101\"><strong data-start=\"73\" data-end=\"101\">Thera-Band treningsballer<\/strong><\/h3>\n<p data-start=\"103\" data-end=\"341\">Thera-Band Exercise Balls er allsidige og slitesterke baller som er utviklet for styrke-, balanse-, stabilitets- og bevegelighetstrening. De er ideelle for funksjonell trening, rehabilitering og hjemmebruk der variasjon og sikkerhet er viktig. <\/p>\n<p data-start=\"343\" data-end=\"430\">Ballene finnes i fire st\u00f8rrelser for \u00e5 passe til ulike kroppsh\u00f8yder og treningsbehov:<\/p>\n<ul data-start=\"431\" data-end=\"646\">\n<li data-start=\"431\" data-end=\"487\">\n<p data-start=\"433\" data-end=\"487\">Gul \u00d845 cm - egnet for barn eller mindre personer<\/p>\n<\/li>\n<li data-start=\"488\" data-end=\"537\">\n<p data-start=\"490\" data-end=\"537\">R\u00f8d \u00d855 cm - for generell styrke og stabilitet<\/p>\n<\/li>\n<li data-start=\"538\" data-end=\"583\">\n<p data-start=\"540\" data-end=\"583\">Gr\u00f8nn \u00d865 cm - for balanse- og kjerne\u00f8velser<\/p>\n<\/li>\n<li data-start=\"584\" data-end=\"646\">\n<p data-start=\"586\" data-end=\"646\">Bl\u00e5 \u00d875 cm - for avanserte stabilitets- og helkropps\u00f8velser<\/p>\n<\/li>\n<\/ul>\n<p><a href=\"https:\/\/fysiolab.dk\/no\/product\/thera-band-terapi-oevelsesballer-abs\/\"><strong>Du finner ogs\u00e5 Thera-Band Exercise Balls med ABS her!<\/strong><\/a><\/p>\n<hr data-start=\"648\" data-end=\"651\">\n<h3 data-start=\"653\" data-end=\"668\"><strong data-start=\"657\" data-end=\"668\">Fordeler og fordeler<\/strong><\/h3>\n<ul data-start=\"669\" data-end=\"853\">\n<li data-start=\"669\" data-end=\"702\">\n<p data-start=\"671\" data-end=\"702\">Slitesterkt og stabilt materiale<\/p>\n<\/li>\n<li data-start=\"703\" data-end=\"749\">\n<p data-start=\"705\" data-end=\"749\">Flere st\u00f8rrelser for individuell tilpasning<\/p>\n<\/li>\n<li data-start=\"750\" data-end=\"807\">\n<p data-start=\"752\" data-end=\"807\">Perfekt for styrke-, balanse- og rehabiliterings\u00f8velser<\/p>\n<\/li>\n<li data-start=\"808\" data-end=\"853\">\n<p data-start=\"810\" data-end=\"853\">Kan brukes p\u00e5 klinikken, p\u00e5 treningssenteret eller hjemme<\/p>\n<\/li>\n<\/ul>\n<hr data-start=\"855\" data-end=\"858\">\n<p data-start=\"860\" data-end=\"1003\">Thera-Band Exercise Balls er et profesjonelt og fleksibelt treningsverkt\u00f8y som bidrar til trygg og effektiv trening p\u00e5 alle niv\u00e5er.<\/p>\n","protected":false},"excerpt":{"rendered":"<p><strong>Thera-Band Exercise Balls er slitesterke baller for styrke-, balanse- og stabilitetstrening. Finnes i fire st\u00f8rrelser (\u00d845-75 cm) og egner seg for klinikk, funksjonell trening og hjemmebruk. <\/strong><\/p>\n","protected":false},"featured_media":83297,"comment_status":"closed","ping_status":"closed","template":"","meta":{"_acf_changed":false},"product_brand":[],"product_cat":[1948,1937,2719,2223,2225,1945],"product_tag":[2720],"class_list":{"0":"post-83289","1":"product","2":"type-product","3":"status-publish","4":"has-post-thumbnail","6":"product_cat-klinikk","7":"product_cat-merkevarer","8":"product_cat-thera-band-no","9":"product_cat-treningsballer","10":"product_cat-treningsballer-no","11":"product_cat-treningsutstyr","12":"product_tag-thera-band-no","14":"first","15":"instock","16":"taxable","17":"shipping-taxable","18":"purchasable","19":"product-type-variable"},"acf":[],"_links":{"self":[{"href":"https:\/\/fysiolab.dk\/no\/wp-json\/wp\/v2\/product\/83289","targetHints":{"allow":["GET"]}}],"collection":[{"href":"https:\/\/fysiolab.dk\/no\/wp-json\/wp\/v2\/product"}],"about":[{"href":"https:\/\/fysiolab.dk\/no\/wp-json\/wp\/v2\/types\/product"}],"replies":[{"embeddable":true,"href":"https:\/\/fysiolab.dk\/no\/wp-json\/wp\/v2\/comments?post=83289"}],"wp:featuredmedia":[{"embeddable":true,"href":"https:\/\/fysiolab.dk\/no\/wp-json\/wp\/v2\/media\/83297"}],"wp:attachment":[{"href":"https:\/\/fysiolab.dk\/no\/wp-json\/wp\/v2\/media?parent=83289"}],"wp:term":[{"taxonomy":"product_brand","embeddable":true,"href":"https:\/\/fysiolab.dk\/no\/wp-json\/wp\/v2\/product_brand?post=83289"},{"taxonomy":"product_cat","embeddable":true,"href":"https:\/\/fysiolab.dk\/no\/wp-json\/wp\/v2\/product_cat?post=83289"},{"taxonomy":"product_tag","embeddable":true,"href":"https:\/\/fysiolab.dk\/no\/wp-json\/wp\/v2\/product_tag?post=83289"}],"curies":[{"name":"wp","href":"https:\/\/api.w.org\/{rel}","templated":true}]}}