{"id":83290,"date":"2023-07-16T14:25:26","date_gmt":"2023-07-16T12:25:26","guid":{"rendered":"https:\/\/fysiolab.dk\/product\/aircast-heel-wedge-haelkile\/"},"modified":"2025-12-18T09:21:28","modified_gmt":"2025-12-18T08:21:28","slug":"aircast-heel-wedge-haelkile","status":"publish","type":"product","link":"https:\/\/fysiolab.dk\/no\/product\/aircast-heel-wedge-haelkile\/","title":{"rendered":"Aircast Heel Wedge h\u00e6lkile"},"content":{"rendered":"<p>Aricast Heel Wedge inneholder 5 h\u00e6lkiler i forskjellige st\u00f8rrelser. H\u00e6lkilene s\u00f8rger for riktig deling og avlastning etter akillesseneruptur. <\/p>\n<p>Kilene er tilgjengelige i venstre- og h\u00f8yremodeller.<\/p>\n<p><strong>St\u00f8rrelsene er S\/M\/L og XL. St\u00f8rrelsene tilsvarer st\u00f8rrelsen p\u00e5 rullatorst\u00f8velen du \u00f8nsker \u00e5 bruke dem i. <\/strong><\/p>\n<p>Kilene passer til AirCast- og DonJoy-st\u00f8vler (se lenke lenger ned i teksten)<\/p>\n<p>1 kile = 10 grader<\/p>\n<p>2 kiler = 16 grader<\/p>\n<p>3 kiler = 22 grader<\/p>\n<p>V\u00e6r oppmerksom p\u00e5 dette. Kun 3 kiler brukes om gangen.<\/p>\n<p><a href=\"https:\/\/fysiolab.dk\/product\/aircast-airselect-short\/\">Aircast Airselect kort rullator<\/a><\/p>\n<p><a href=\"https:\/\/fysiolab.dk\/product\/aircast-airselect-standard\/\">Aircast Airselect Standard Walker  <\/a><\/p>\n","protected":false},"excerpt":{"rendered":"<p><strong>H\u00e6lkile for riktig rehabilitering, behandling og deling av akillesrupturer. St\u00f8rrelsen kj\u00f8pes i henhold til st\u00f8rrelsen p\u00e5 rullatorst\u00f8velen du bruker   <\/strong><\/p>\n","protected":false},"featured_media":83300,"comment_status":"closed","ping_status":"closed","template":"","meta":{"_acf_changed":false},"product_brand":[3092],"product_cat":[2129,2130,2079,1937,1933,2081,2035],"product_tag":[2614],"class_list":{"0":"post-83290","1":"product","2":"type-product","3":"status-publish","4":"has-post-thumbnail","6":"product_brand-aircast","7":"product_cat-aircast-no","8":"product_cat-aircast-rullatorstoevler","9":"product_cat-akillesseneruptur-ruptur-av-akillessenen","10":"product_cat-merkevarer","11":"product_cat-skinner-og-stoetteskinner","12":"product_cat-tilbehoer","13":"product_cat-walkerstoevler-og-tilbehoer","14":"product_tag-aircast-no","16":"first","17":"instock","18":"taxable","19":"shipping-taxable","20":"purchasable","21":"product-type-variable"},"acf":[],"_links":{"self":[{"href":"https:\/\/fysiolab.dk\/no\/wp-json\/wp\/v2\/product\/83290","targetHints":{"allow":["GET"]}}],"collection":[{"href":"https:\/\/fysiolab.dk\/no\/wp-json\/wp\/v2\/product"}],"about":[{"href":"https:\/\/fysiolab.dk\/no\/wp-json\/wp\/v2\/types\/product"}],"replies":[{"embeddable":true,"href":"https:\/\/fysiolab.dk\/no\/wp-json\/wp\/v2\/comments?post=83290"}],"wp:featuredmedia":[{"embeddable":true,"href":"https:\/\/fysiolab.dk\/no\/wp-json\/wp\/v2\/media\/83300"}],"wp:attachment":[{"href":"https:\/\/fysiolab.dk\/no\/wp-json\/wp\/v2\/media?parent=83290"}],"wp:term":[{"taxonomy":"product_brand","embeddable":true,"href":"https:\/\/fysiolab.dk\/no\/wp-json\/wp\/v2\/product_brand?post=83290"},{"taxonomy":"product_cat","embeddable":true,"href":"https:\/\/fysiolab.dk\/no\/wp-json\/wp\/v2\/product_cat?post=83290"},{"taxonomy":"product_tag","embeddable":true,"href":"https:\/\/fysiolab.dk\/no\/wp-json\/wp\/v2\/product_tag?post=83290"}],"curies":[{"name":"wp","href":"https:\/\/api.w.org\/{rel}","templated":true}]}}