{"id":83316,"date":"2023-07-16T14:23:46","date_gmt":"2023-07-16T12:23:46","guid":{"rendered":"https:\/\/fysiolab.dk\/product\/haandtrener\/"},"modified":"2025-12-18T09:21:30","modified_gmt":"2025-12-18T08:21:30","slug":"haandtrener","status":"publish","type":"product","link":"https:\/\/fysiolab.dk\/no\/product\/haandtrener\/","title":{"rendered":"H\u00e5ndtrener"},"content":{"rendered":"<p data-start=\"0\" data-end=\"35\"><strong data-start=\"0\" data-end=\"33\">Aserve H\u00e5ndtrener Massasjeball<\/strong><\/p>\n<p data-start=\"37\" data-end=\"325\">Aserve Hand Trainer Massasjeball er et effektivt verkt\u00f8y for \u00e5 styrke hender, fingre og underarmer, samtidig som den forbedrer gripestyrken og blodsirkulasjonen. Ballen kan brukes til trening, rehabilitering og fysioterapi, men er ogs\u00e5 et praktisk verkt\u00f8y for \u00e5 redusere stress i hverdagen. <\/p>\n<p data-start=\"327\" data-end=\"667\">Ballen er tilgjengelig i fem forskjellige varianter med ulik motstand, slik at du kan velge det niv\u00e5et som passer deg: <strong data-start=\"439\" data-end=\"515\">Gul - X-Light, R\u00f8d - Light, Gr\u00f8nn - Medium, Bl\u00e5 - Heavy og Svart - X-Heavy<\/strong>. Den kompakte st\u00f8rrelsen gj\u00f8r den enkel \u00e5 bruke hjemme, p\u00e5 kontoret eller p\u00e5 farten, og det slitesterke materialet sikrer lang levetid selv ved daglig bruk. <\/p>\n<p data-start=\"669\" data-end=\"679\">Fordeler:<\/p>\n<ul data-start=\"680\" data-end=\"879\" data-is-last-node=\"\" data-is-only-node=\"\">\n<li data-start=\"680\" data-end=\"728\">\n<p data-start=\"682\" data-end=\"728\">\u00d8ker blodsirkulasjonen og fingerkoordinasjonen<\/p>\n<\/li>\n<li data-start=\"729\" data-end=\"770\">\n<p data-start=\"731\" data-end=\"770\">Forbedrer gripestyrken og h\u00e5ndfunksjonen<\/p>\n<\/li>\n<li data-start=\"771\" data-end=\"825\">\n<p data-start=\"773\" data-end=\"825\">Egnet for trening, rehabilitering og avslapning<\/p>\n<\/li>\n<li data-start=\"826\" data-end=\"879\" data-is-last-node=\"\">\n<p data-start=\"828\" data-end=\"879\" data-is-last-node=\"\">Tilgjengelig i forskjellige motstander for \u00e5 passe alle niv\u00e5er<\/p>\n<\/li>\n<\/ul>\n","protected":false},"excerpt":{"rendered":"<p><strong>Aserve Hand Trainer Massasjeball styrker hender, fingre og underarmer samtidig som den forbedrer gripestyrken og blodsirkulasjonen. Tilgjengelig i fem ulike motstander. Perfekt for trening, rehabilitering og stressreduksjon.  <\/strong><\/p>\n","protected":false},"featured_media":83326,"comment_status":"closed","ping_status":"closed","template":"","meta":{"_acf_changed":false},"product_brand":[],"product_cat":[2391,2221,2237,2238,1948,1937,1945],"product_tag":[2392],"class_list":{"0":"post-83316","1":"product","2":"type-product","3":"status-publish","4":"has-post-thumbnail","6":"product_cat-a-serve-no","7":"product_cat-annet-treningsutstyr","8":"product_cat-haand-og-fingertrening","9":"product_cat-haand-og-fingertrening-no","10":"product_cat-klinikk","11":"product_cat-merkevarer","12":"product_cat-treningsutstyr","13":"product_tag-aserve-no","15":"first","16":"instock","17":"taxable","18":"shipping-taxable","19":"purchasable","20":"product-type-variable"},"acf":[],"_links":{"self":[{"href":"https:\/\/fysiolab.dk\/no\/wp-json\/wp\/v2\/product\/83316","targetHints":{"allow":["GET"]}}],"collection":[{"href":"https:\/\/fysiolab.dk\/no\/wp-json\/wp\/v2\/product"}],"about":[{"href":"https:\/\/fysiolab.dk\/no\/wp-json\/wp\/v2\/types\/product"}],"replies":[{"embeddable":true,"href":"https:\/\/fysiolab.dk\/no\/wp-json\/wp\/v2\/comments?post=83316"}],"wp:featuredmedia":[{"embeddable":true,"href":"https:\/\/fysiolab.dk\/no\/wp-json\/wp\/v2\/media\/83326"}],"wp:attachment":[{"href":"https:\/\/fysiolab.dk\/no\/wp-json\/wp\/v2\/media?parent=83316"}],"wp:term":[{"taxonomy":"product_brand","embeddable":true,"href":"https:\/\/fysiolab.dk\/no\/wp-json\/wp\/v2\/product_brand?post=83316"},{"taxonomy":"product_cat","embeddable":true,"href":"https:\/\/fysiolab.dk\/no\/wp-json\/wp\/v2\/product_cat?post=83316"},{"taxonomy":"product_tag","embeddable":true,"href":"https:\/\/fysiolab.dk\/no\/wp-json\/wp\/v2\/product_tag?post=83316"}],"curies":[{"name":"wp","href":"https:\/\/api.w.org\/{rel}","templated":true}]}}