{"id":83328,"date":"2023-07-16T14:24:37","date_gmt":"2023-07-16T12:24:37","guid":{"rendered":"https:\/\/fysiolab.dk\/product\/latexfri-slange-75-m\/"},"modified":"2025-12-18T09:21:29","modified_gmt":"2025-12-18T08:21:29","slug":"latexfri-slange-75-m","status":"publish","type":"product","link":"https:\/\/fysiolab.dk\/no\/product\/latexfri-slange-75-m\/","title":{"rendered":"Latexfri slange 7,5 m"},"content":{"rendered":"<h3 data-start=\"80\" data-end=\"112\"><strong data-start=\"84\" data-end=\"110\">Aserve Latex-fri slange<\/strong><\/h3>\n<p data-start=\"113\" data-end=\"400\">Aserve Latex-Free Tubing er en robust treningsstrikk av h\u00f8y kvalitet som er utviklet for b\u00e5de rehabilitering og styrketrening. Den runde profilen gir jevn motstand gjennom hele bevegelsen, og det lateksfrie materialet gj\u00f8r den ideell for personer med lateksallergi eller til bruk i kliniske milj\u00f8er. <\/p>\n<p data-start=\"402\" data-end=\"593\">Strikken er fleksibel, slitesterk og enkel \u00e5 klippe til i lengden, noe som gj\u00f8r den egnet til b\u00e5de individuell og profesjonell bruk. Perfekt for styrke-, bevegelighets- og stabilitetstrening. <\/p>\n<p data-start=\"595\" data-end=\"620\"><strong data-start=\"595\" data-end=\"618\">Farger og motstandskraft:<\/strong><\/p>\n<ul data-start=\"621\" data-end=\"707\">\n<li data-start=\"621\" data-end=\"638\">\n<p data-start=\"623\" data-end=\"638\">Gul - X-Light<\/p>\n<\/li>\n<li data-start=\"639\" data-end=\"655\">\n<p data-start=\"641\" data-end=\"655\">Gr\u00f8nn - Lys<\/p>\n<\/li>\n<li data-start=\"656\" data-end=\"672\">\n<p data-start=\"658\" data-end=\"672\">R\u00f8d - Medium<\/p>\n<\/li>\n<li data-start=\"673\" data-end=\"688\">\n<p data-start=\"675\" data-end=\"688\">Bl\u00e5 - Tung<\/p>\n<\/li>\n<li data-start=\"689\" data-end=\"707\">\n<p data-start=\"691\" data-end=\"707\">Svart - X-Tung<\/p>\n<\/li>\n<\/ul>\n<p data-start=\"709\" data-end=\"726\"><strong data-start=\"709\" data-end=\"724\">Funksjoner:<\/strong><\/p>\n<ul data-start=\"727\" data-end=\"939\">\n<li data-start=\"727\" data-end=\"756\">\n<p data-start=\"729\" data-end=\"756\">Lateksfri og allergivennlig<\/p>\n<\/li>\n<li data-start=\"757\" data-end=\"790\">\n<p data-start=\"759\" data-end=\"790\">Jevn og kontrollert motstand<\/p>\n<\/li>\n<li data-start=\"791\" data-end=\"844\">\n<p data-start=\"793\" data-end=\"844\">Egnet for rehabilitering, fysioterapi og trening<\/p>\n<\/li>\n<li data-start=\"845\" data-end=\"883\">\n<p data-start=\"847\" data-end=\"883\">Kan brukes b\u00e5de hjemme og p\u00e5 klinikk<\/p>\n<\/li>\n<li data-start=\"884\" data-end=\"939\">\n<p data-start=\"886\" data-end=\"939\">Leveres i ruller som er enkle \u00e5 klippe til i lengden<\/p>\n<\/li>\n<\/ul>\n","protected":false},"excerpt":{"rendered":"<p><strong>Aserve Latex-Free Tubing er en slitesterk og allergivennlig treningsstrikk som er perfekt for styrke-, bevegelighets- og rehabiliterings\u00f8velser. Tilgjengelig i fem motstandsniv\u00e5er fra X-Light til X-Heavy. <\/strong><\/p>\n","protected":false},"featured_media":99541,"comment_status":"closed","ping_status":"closed","template":"","meta":{"_acf_changed":false},"product_brand":[],"product_cat":[2391,1948,1937,2215,2217,1945],"product_tag":[2392],"class_list":{"0":"post-83328","1":"product","2":"type-product","3":"status-publish","4":"has-post-thumbnail","6":"product_cat-a-serve-no","7":"product_cat-klinikk","8":"product_cat-merkevarer","9":"product_cat-treningsbaand","10":"product_cat-treningsbaand-no","11":"product_cat-treningsutstyr","12":"product_tag-aserve-no","14":"first","15":"instock","16":"taxable","17":"shipping-taxable","18":"purchasable","19":"product-type-variable"},"acf":[],"_links":{"self":[{"href":"https:\/\/fysiolab.dk\/no\/wp-json\/wp\/v2\/product\/83328","targetHints":{"allow":["GET"]}}],"collection":[{"href":"https:\/\/fysiolab.dk\/no\/wp-json\/wp\/v2\/product"}],"about":[{"href":"https:\/\/fysiolab.dk\/no\/wp-json\/wp\/v2\/types\/product"}],"replies":[{"embeddable":true,"href":"https:\/\/fysiolab.dk\/no\/wp-json\/wp\/v2\/comments?post=83328"}],"wp:featuredmedia":[{"embeddable":true,"href":"https:\/\/fysiolab.dk\/no\/wp-json\/wp\/v2\/media\/99541"}],"wp:attachment":[{"href":"https:\/\/fysiolab.dk\/no\/wp-json\/wp\/v2\/media?parent=83328"}],"wp:term":[{"taxonomy":"product_brand","embeddable":true,"href":"https:\/\/fysiolab.dk\/no\/wp-json\/wp\/v2\/product_brand?post=83328"},{"taxonomy":"product_cat","embeddable":true,"href":"https:\/\/fysiolab.dk\/no\/wp-json\/wp\/v2\/product_cat?post=83328"},{"taxonomy":"product_tag","embeddable":true,"href":"https:\/\/fysiolab.dk\/no\/wp-json\/wp\/v2\/product_tag?post=83328"}],"curies":[{"name":"wp","href":"https:\/\/api.w.org\/{rel}","templated":true}]}}