{"id":83339,"date":"2023-07-16T14:24:12","date_gmt":"2023-07-16T12:24:12","guid":{"rendered":"https:\/\/fysiolab.dk\/product\/lateksfri-slange-30-m\/"},"modified":"2025-12-18T09:21:29","modified_gmt":"2025-12-18T08:21:29","slug":"lateksfri-slange-30-m","status":"publish","type":"product","link":"https:\/\/fysiolab.dk\/no\/product\/lateksfri-slange-30-m\/","title":{"rendered":"Lateksfri slange 30 m"},"content":{"rendered":"<p><b>Lateksfri slange 30 m  <\/b><\/p>\n<p>Effektiv og enkel \u00e5 bruke til rehabilitering.<\/p>\n<p>Pakken p\u00e5 7,5 meter er ideell for hjemmebrukere og andre som har et mindre forbruk.<\/p>\n<p>Finnes ogs\u00e5 i 30 m-pakker, ideelt for klinikker og andre storbrukere som treningssentre, foreninger, skoler, idrettsklubber, sykehus, sykehjem m.m. Finnes i 5 forskjellige farger som indikerer graden av motstand\/hardhet.<\/p>\n<p><b>Fargekoder  <\/b><\/p>\n<p><strong>Gul - x-lys<\/strong><\/p>\n<p><strong>Gr\u00f8nn - lys<\/strong><\/p>\n<p><strong>R\u00f8d - medium<\/strong><\/p>\n<p><strong>Bl\u00e5 - Tung<\/strong><\/p>\n<p><strong>Svart - x-Tung<\/strong><\/p>\n","protected":false},"excerpt":{"rendered":"<p>Lateksfri slange 30 m Effektiv og enkel \u00e5 bruke til rehabilitering. Pakken p\u00e5 7,5 meter er ideell for hjemmebrukere og andre som har et mindre forbruk. Finnes ogs\u00e5 i 30 m-pakker, ideelt for klinikker og andre storbrukere som treningssentre, foreninger, skoler, idrettsklubber, sykehus, sykehjem m.m. Finnes i 5 forskjellige farger som indikerer graden av motstand\/hardhet. [&hellip;]<\/p>\n","protected":false},"featured_media":83346,"comment_status":"closed","ping_status":"closed","template":"","meta":{"_acf_changed":false},"product_brand":[],"product_cat":[2391,1948,1937,2215,2217,1945],"product_tag":[2392],"class_list":{"0":"post-83339","1":"product","2":"type-product","3":"status-publish","4":"has-post-thumbnail","6":"product_cat-a-serve-no","7":"product_cat-klinikk","8":"product_cat-merkevarer","9":"product_cat-treningsbaand","10":"product_cat-treningsbaand-no","11":"product_cat-treningsutstyr","12":"product_tag-aserve-no","14":"first","15":"instock","16":"taxable","17":"shipping-taxable","18":"purchasable","19":"product-type-variable"},"acf":[],"_links":{"self":[{"href":"https:\/\/fysiolab.dk\/no\/wp-json\/wp\/v2\/product\/83339","targetHints":{"allow":["GET"]}}],"collection":[{"href":"https:\/\/fysiolab.dk\/no\/wp-json\/wp\/v2\/product"}],"about":[{"href":"https:\/\/fysiolab.dk\/no\/wp-json\/wp\/v2\/types\/product"}],"replies":[{"embeddable":true,"href":"https:\/\/fysiolab.dk\/no\/wp-json\/wp\/v2\/comments?post=83339"}],"wp:featuredmedia":[{"embeddable":true,"href":"https:\/\/fysiolab.dk\/no\/wp-json\/wp\/v2\/media\/83346"}],"wp:attachment":[{"href":"https:\/\/fysiolab.dk\/no\/wp-json\/wp\/v2\/media?parent=83339"}],"wp:term":[{"taxonomy":"product_brand","embeddable":true,"href":"https:\/\/fysiolab.dk\/no\/wp-json\/wp\/v2\/product_brand?post=83339"},{"taxonomy":"product_cat","embeddable":true,"href":"https:\/\/fysiolab.dk\/no\/wp-json\/wp\/v2\/product_cat?post=83339"},{"taxonomy":"product_tag","embeddable":true,"href":"https:\/\/fysiolab.dk\/no\/wp-json\/wp\/v2\/product_tag?post=83339"}],"curies":[{"name":"wp","href":"https:\/\/api.w.org\/{rel}","templated":true}]}}