{"id":83348,"date":"2023-07-16T14:24:11","date_gmt":"2023-07-16T12:24:11","guid":{"rendered":"https:\/\/fysiolab.dk\/product\/lateksfrie-treningsbaand-55-m\/"},"modified":"2025-12-18T09:21:29","modified_gmt":"2025-12-18T08:21:29","slug":"lateksfrie-treningsbaand-55-m","status":"publish","type":"product","link":"https:\/\/fysiolab.dk\/no\/product\/lateksfrie-treningsbaand-55-m\/","title":{"rendered":"Lateksfrie treningsb\u00e5nd 5,5 m"},"content":{"rendered":"<p><b>Lateksfrie treningsb\u00e5nd<\/b><\/p>\n<p>Effektive og brukervennlige for rehabilitering, komfortable treningsb\u00e5nd for trening hjemme eller p\u00e5 treningssenteret. Latexfri strikk av h\u00f8y kvalitet for ekstra holdbarhet og sk\u00e5nsom trening. Finnes i mange forskjellige styrker!  <\/p>\n<p><b>Gult X-lys<\/b><\/p>\n<p>Den gule x-light treningsstrikk er den letteste og mildeste modellen i serien. Strikken kan brukes p\u00e5 omr\u00e5der som har v\u00e6rt skadet eller p\u00e5 ledd og muskler som b\u00f8r sk\u00e5nes for overbelastning. <\/p>\n<p><b>Gr\u00f8nt lys<\/b><\/p>\n<p>Den gr\u00f8nne treningsstrikkstrikken ligger i den letteste enden av sortimentet. Strikken kan brukes p\u00e5 omr\u00e5der som har v\u00e6rt skadet, ledd og muskler som b\u00f8r sk\u00e5nes for overbelastning eller til sk\u00e5nsom trening av \u00f8mme og utrente omr\u00e5der. <\/p>\n<p><b>R\u00f8d medium<\/b><\/p>\n<p>Treningselastikken Red Medium ligger i midten av hardhetsskalaen. Den egner seg godt til mild rehabilitering av store muskelgrupper og generell ledd- og muskeltrening. Training Elastic Red Medium er den mest allsidige og egner seg til mange forskjellige typer trening.  <\/p>\n<p><b>Kraftig bl\u00e5<\/b><\/p>\n<p>Det bl\u00e5, tunge treningsb\u00e5ndet ligger i midten av hardhetsskalaen. Elastikken egner seg godt til rehabilitering av store muskelgrupper og generell trening av ledd og muskler. Blue Heavy Elastic Band er sv\u00e6rt allsidig og egner seg til mange forskjellige typer trening.  <\/p>\n<p><b>Svart X-tung<\/b><\/p>\n<p>Det svarte x-heavy-motstandsb\u00e5ndet ligger i den harde enden av hardhetsskalaen. Det egner seg godt til trening av store muskelgrupper og krevende \u00f8velser. Det svarte x-heavy-motstandsb\u00e5ndet er mye brukt til generell styrketrening for hele kroppen.  <\/p>\n<p><b>Gr\u00e5 XX-tung<\/b><\/p>\n<p>Treningselastikken grey special heavy ligger i den harde enden av hardhetsskalaen. Den egner seg godt til trening av store muskelgrupper og krevende \u00f8velser. Det gr\u00e5, tunge motstandsb\u00e5ndet brukes til krevende kjernetrening og generell styrketrening for hele kroppen.  <\/p>\n<p><b>Lilla XXX-tung  <\/b><\/p>\n<p>Det fiolette, supertunge treningsb\u00e5ndet er det t\u00f8ffeste b\u00e5ndet i serien. Strikken er fenomenal til trening av store muskelgrupper og krevende \u00f8velser. Treningsstrikk gr\u00e5 special heavy brukes til krevende kjernetrening og styrketrening for de st\u00f8rste musklene  <\/p>\n","protected":false},"excerpt":{"rendered":"<p>Lateksfrie treningsb\u00e5nd Effektive og brukervennlige for rehabilitering, komfortable treningsb\u00e5nd for trening hjemme eller p\u00e5 treningssenteret. Latexfri strikk av h\u00f8y kvalitet for ekstra holdbarhet og sk\u00e5nsom trening. Finnes i mange forskjellige styrker! Gult X-lys Den gule x-light treningsstrikk er den letteste og mildeste modellen i serien. Strikken kan brukes p\u00e5 omr\u00e5der som har v\u00e6rt skadet eller [&hellip;]<\/p>\n","protected":false},"featured_media":83364,"comment_status":"closed","ping_status":"closed","template":"","meta":{"_acf_changed":false},"product_brand":[],"product_cat":[2391,1948,1937,2215,2217,1945],"product_tag":[2392],"class_list":{"0":"post-83348","1":"product","2":"type-product","3":"status-publish","4":"has-post-thumbnail","6":"product_cat-a-serve-no","7":"product_cat-klinikk","8":"product_cat-merkevarer","9":"product_cat-treningsbaand","10":"product_cat-treningsbaand-no","11":"product_cat-treningsutstyr","12":"product_tag-aserve-no","14":"first","15":"instock","16":"taxable","17":"shipping-taxable","18":"purchasable","19":"product-type-variable"},"acf":[],"_links":{"self":[{"href":"https:\/\/fysiolab.dk\/no\/wp-json\/wp\/v2\/product\/83348","targetHints":{"allow":["GET"]}}],"collection":[{"href":"https:\/\/fysiolab.dk\/no\/wp-json\/wp\/v2\/product"}],"about":[{"href":"https:\/\/fysiolab.dk\/no\/wp-json\/wp\/v2\/types\/product"}],"replies":[{"embeddable":true,"href":"https:\/\/fysiolab.dk\/no\/wp-json\/wp\/v2\/comments?post=83348"}],"wp:featuredmedia":[{"embeddable":true,"href":"https:\/\/fysiolab.dk\/no\/wp-json\/wp\/v2\/media\/83364"}],"wp:attachment":[{"href":"https:\/\/fysiolab.dk\/no\/wp-json\/wp\/v2\/media?parent=83348"}],"wp:term":[{"taxonomy":"product_brand","embeddable":true,"href":"https:\/\/fysiolab.dk\/no\/wp-json\/wp\/v2\/product_brand?post=83348"},{"taxonomy":"product_cat","embeddable":true,"href":"https:\/\/fysiolab.dk\/no\/wp-json\/wp\/v2\/product_cat?post=83348"},{"taxonomy":"product_tag","embeddable":true,"href":"https:\/\/fysiolab.dk\/no\/wp-json\/wp\/v2\/product_tag?post=83348"}],"curies":[{"name":"wp","href":"https:\/\/api.w.org\/{rel}","templated":true}]}}