{"id":83366,"date":"2023-07-16T14:23:22","date_gmt":"2023-07-16T12:23:22","guid":{"rendered":"https:\/\/fysiolab.dk\/product\/compex-knebandasje-for-smertelindring\/"},"modified":"2025-12-18T09:21:30","modified_gmt":"2025-12-18T08:21:30","slug":"compex-knebandasje-for-smertelindring","status":"publish","type":"product","link":"https:\/\/fysiolab.dk\/no\/product\/compex-knebandasje-for-smertelindring\/","title":{"rendered":"Compex knebandasje for smertelindring"},"content":{"rendered":"<p>Compex knebandasje for smertelindring gir st\u00f8tte og kompresjon til kneleddet og knesk\u00e5len. Knest\u00f8tten er utviklet for \u00e5 behandle kneet med b\u00e5de varme og TENS-smertelindring. TENS-funksjonen hjelper ogs\u00e5 mot kroniske smerter, vedvarende smerter og smerter i forbindelse med leddgikt. Bruk ber\u00f8ringsskjermen til \u00e5 velge program, intensitet og varmeniv\u00e5.    Passer til b\u00e5de h\u00f8yre og venstre kne.<\/p>\n<h3 class=\"copy-heading text-color-white\">HVA ER TENS?<\/h3>\n<p>TENS (transkutan elektrisk nervestimulering) er sm\u00e5 elektriske impulser som leveres gjennom et apparat som kan bidra til \u00e5 lindre smerte p\u00e5 to forskjellige m\u00e5ter. Ved \u00e5 stimulere sensoriske nerver produserer TENS h\u00f8ye niv\u00e5er av endorfiner for \u00e5 lindre smerter i kroppen. Den andre metoden for smertelindring, kjent som GATE-kontrollteori, g\u00e5r ut p\u00e5 \u00e5 blokkere smertesignaler til hjernen.  <\/p>\n<p>Ogs\u00e5 tilgjengelig som ryggst\u00f8tte: <a href=\"https:\/\/fysiolab.dk\/no\/product\/compex-ryggstoette-for-smertelindring\/\">Compex Back Support for smertelindring<\/a><\/p>\n<p><strong>St\u00f8rrelsesguide  <\/strong><\/p>\n<p><strong>M\u00e5l omkretsen av kneet rundt knesk\u00e5len<\/strong><\/p>\n<p><a href=\"https:\/\/dev.fysiolab.dk\/wp-content\/uploads\/2025\/05\/K3-1.png\"><img fetchpriority=\"high\" decoding=\"async\" class=\"alignnone size-medium wp-image-202393482\" src=\"https:\/\/dev.fysiolab.dk\/wp-content\/uploads\/2025\/05\/K3-1-300x169.png\" alt=\"\" width=\"300\" height=\"169\" title=\"\"><\/a><\/p>\n<p><strong>Omkrets Str  <\/strong><\/p>\n<p><strong>30-38 cm S\/M  <\/strong><\/p>\n<p><strong>38-48 cm L\/XL  <\/strong><\/p>\n","protected":false},"excerpt":{"rendered":"<p><strong>Compex knebandasje for smertelindring gir st\u00f8tte og kompresjon til kneleddet og knesk\u00e5len. Knest\u00f8tten er utviklet for \u00e5 behandle kneet med b\u00e5de varme og TENS-smertelindring. TENS-funksjonen hjelper ogs\u00e5 mot kroniske smerter, vedvarende smerter og smerter i forbindelse med leddgikt. Bruk ber\u00f8ringsskjermen til \u00e5 velge program, intensitet og varmeniv\u00e5.   <\/strong><\/p>\n<p>https:\/\/www.youtube.com\/watch?v=00TC7Jtjqs8<\/p>\n","protected":false},"featured_media":83370,"comment_status":"closed","ping_status":"closed","template":"","meta":{"_acf_changed":false},"product_brand":[],"product_cat":[1981,2013,2014,2030,2621,1978,1937,1933],"product_tag":[2019],"class_list":{"0":"post-83366","1":"product","2":"type-product","3":"status-publish","4":"has-post-thumbnail","6":"product_cat-artrose-menisk-bruskskade","7":"product_cat-compex-no-2","8":"product_cat-compex-knestoetter","9":"product_cat-compex-muskelstimulator-no-2","10":"product_cat-compex-varme-kalde-bandasjer","11":"product_cat-knestoetter","12":"product_cat-merkevarer","13":"product_cat-skinner-og-stoetteskinner","14":"product_tag-compex-no","16":"first","17":"instock","18":"taxable","19":"shipping-taxable","20":"purchasable","21":"product-type-variable"},"acf":[],"_links":{"self":[{"href":"https:\/\/fysiolab.dk\/no\/wp-json\/wp\/v2\/product\/83366","targetHints":{"allow":["GET"]}}],"collection":[{"href":"https:\/\/fysiolab.dk\/no\/wp-json\/wp\/v2\/product"}],"about":[{"href":"https:\/\/fysiolab.dk\/no\/wp-json\/wp\/v2\/types\/product"}],"replies":[{"embeddable":true,"href":"https:\/\/fysiolab.dk\/no\/wp-json\/wp\/v2\/comments?post=83366"}],"wp:featuredmedia":[{"embeddable":true,"href":"https:\/\/fysiolab.dk\/no\/wp-json\/wp\/v2\/media\/83370"}],"wp:attachment":[{"href":"https:\/\/fysiolab.dk\/no\/wp-json\/wp\/v2\/media?parent=83366"}],"wp:term":[{"taxonomy":"product_brand","embeddable":true,"href":"https:\/\/fysiolab.dk\/no\/wp-json\/wp\/v2\/product_brand?post=83366"},{"taxonomy":"product_cat","embeddable":true,"href":"https:\/\/fysiolab.dk\/no\/wp-json\/wp\/v2\/product_cat?post=83366"},{"taxonomy":"product_tag","embeddable":true,"href":"https:\/\/fysiolab.dk\/no\/wp-json\/wp\/v2\/product_tag?post=83366"}],"curies":[{"name":"wp","href":"https:\/\/api.w.org\/{rel}","templated":true}]}}