{"id":83375,"date":"2023-07-16T14:22:11","date_gmt":"2023-07-16T12:22:11","guid":{"rendered":"https:\/\/fysiolab.dk\/product\/donjoy-knee-support-spider-pad\/"},"modified":"2025-12-18T09:21:31","modified_gmt":"2025-12-18T08:21:31","slug":"donjoy-knee-support-spider-pad","status":"publish","type":"product","link":"https:\/\/fysiolab.dk\/no\/product\/donjoy-knee-support-spider-pad\/","title":{"rendered":"DonJoy Knee Support Spider Pad"},"content":{"rendered":"<p>DonJoy Spiderpad kneskinne er ideell for basketball, volleyball og h\u00e5ndball. Skinnen er fleksibel og behagelig \u00e5 ha p\u00e5, da den danner en pute rundt kneet og beskytter mot st\u00f8t. Skinnen har en lav profil for komfort under idrett og er utviklet med skum for god st\u00f8tdemping.   Passer til b\u00e5de h\u00f8yre og venstre kne<\/p>\n<p><strong>St\u00f8rrelsesguide<\/strong><\/p>\n<p><strong>M\u00e5l l\u00e5rets omkrets 15 cm over knesk\u00e5len<\/strong><\/p>\n<p><a href=\"https:\/\/dev.fysiolab.dk\/wp-content\/uploads\/2025\/05\/Billede1.jpg\"><img fetchpriority=\"high\" decoding=\"async\" class=\"alignnone size-medium wp-image-202393828\" src=\"https:\/\/dev.fysiolab.dk\/wp-content\/uploads\/2025\/05\/Billede1-267x300.jpg\" alt=\"\" width=\"267\" height=\"300\" title=\"\"><\/a><strong>Omkrets Str<\/strong><\/p>\n<p><strong>33-39 cm XS<\/strong><\/p>\n<p><strong>39-47 cm S<\/strong><\/p>\n<p><strong>47-53 cm M<\/strong><\/p>\n<p><strong>53-60 cm L<\/strong><\/p>\n<p><strong>60-67 cm XL<\/strong><\/p>\n<p><strong>67-75 cm XXL<\/strong><\/p>\n<p>&nbsp;<\/p>\n","protected":false},"excerpt":{"rendered":"<p><strong>DonJoy Spiderpad knebandasje er ideell for basketball, volleyball og h\u00e5ndball. Bandasjen er fleksibel og behagelig \u00e5 ha p\u00e5, da den danner en pute rundt kneet og beskytter mot st\u00f8t.   <\/strong><\/p>\n<p>https:\/\/www.youtube.com\/watch?v=gHZnfVzfG_k<\/p>\n","protected":false},"featured_media":83385,"comment_status":"closed","ping_status":"closed","template":"","meta":{"_acf_changed":false},"product_brand":[3091],"product_cat":[1938,1977,2489,1978,1937,1970,1933,2016],"product_tag":[2173],"class_list":{"0":"post-83375","1":"product","2":"type-product","3":"status-publish","4":"has-post-thumbnail","6":"product_brand-donjoy","7":"product_cat-donjoy-no","8":"product_cat-donjoy-knestoette","9":"product_cat-knebeskytter-for-sport","10":"product_cat-knestoetter","11":"product_cat-merkevarer","12":"product_cat-padel-no","13":"product_cat-skinner-og-stoetteskinner","14":"product_cat-uttak","15":"product_tag-donjoy-no","17":"first","18":"instock","19":"sale","20":"taxable","21":"shipping-taxable","22":"purchasable","23":"product-type-variable"},"acf":[],"_links":{"self":[{"href":"https:\/\/fysiolab.dk\/no\/wp-json\/wp\/v2\/product\/83375","targetHints":{"allow":["GET"]}}],"collection":[{"href":"https:\/\/fysiolab.dk\/no\/wp-json\/wp\/v2\/product"}],"about":[{"href":"https:\/\/fysiolab.dk\/no\/wp-json\/wp\/v2\/types\/product"}],"replies":[{"embeddable":true,"href":"https:\/\/fysiolab.dk\/no\/wp-json\/wp\/v2\/comments?post=83375"}],"wp:featuredmedia":[{"embeddable":true,"href":"https:\/\/fysiolab.dk\/no\/wp-json\/wp\/v2\/media\/83385"}],"wp:attachment":[{"href":"https:\/\/fysiolab.dk\/no\/wp-json\/wp\/v2\/media?parent=83375"}],"wp:term":[{"taxonomy":"product_brand","embeddable":true,"href":"https:\/\/fysiolab.dk\/no\/wp-json\/wp\/v2\/product_brand?post=83375"},{"taxonomy":"product_cat","embeddable":true,"href":"https:\/\/fysiolab.dk\/no\/wp-json\/wp\/v2\/product_cat?post=83375"},{"taxonomy":"product_tag","embeddable":true,"href":"https:\/\/fysiolab.dk\/no\/wp-json\/wp\/v2\/product_tag?post=83375"}],"curies":[{"name":"wp","href":"https:\/\/api.w.org\/{rel}","templated":true}]}}