{"id":83376,"date":"2023-07-16T14:22:59","date_gmt":"2023-07-16T12:22:59","guid":{"rendered":"https:\/\/fysiolab.dk\/product\/procare-xceltrax-hoey-stoevel-til-rullator\/"},"modified":"2025-12-18T09:21:31","modified_gmt":"2025-12-18T08:21:31","slug":"procare-xceltrax-hoey-stoevel-til-rullator","status":"publish","type":"product","link":"https:\/\/fysiolab.dk\/no\/product\/procare-xceltrax-hoey-stoevel-til-rullator\/","title":{"rendered":"ProCare XcelTrax h\u00f8y st\u00f8vel til rullator"},"content":{"rendered":"<p><b>ProCare XcelTrax (h\u00f8y) g\u00e5st\u00f8vel<\/b><\/p>\n<p>Gir ideell st\u00f8tte og komfort og bidrar til \u00e5 fremme tilheling hos pasienter med milde til alvorlige fot- og ankelskader. Den lette designen og den unike formst\u00f8pte ergonomiske rammen bidrar til \u00e5 redusere trykket p\u00e5 skadestedet i underbenet. St\u00f8velen har en sklisikker bunn slik at du kan bevege deg trygt etter skaden  <\/p>\n<p>Hvis du trenger et nytt f\u00f4r til st\u00f8velen din, kan du kj\u00f8pe det her: <a href=\"https:\/\/fysiolab.dk\/no\/product\/innerfor-til-procare-xceltrax-rullatorstoevel\/\">https:\/\/fysiolab.dk\/product\/inderfor-til-procare-xceltrax-walker-stoevle\/<\/a><\/p>\n<p>Polstret kan h\u00e5ndvaskes p\u00e5 30 grader<\/p>\n<p><strong>St\u00f8rrelsesguide<\/strong><\/p>\n<p><strong>Sko st\u00f8rrelse Str<\/strong><\/p>\n<p><strong>U. 36 XS<\/strong><\/p>\n<p><strong>36-39 S<\/strong><\/p>\n<p><strong>40-44 M<\/strong><\/p>\n<p><strong>44-46 L<\/strong><\/p>\n<p><strong>+46 XL<\/strong><\/p>\n<p><iframe title=\"Skost\u00f8rrelsesvejledning sko FysioLab\" width=\"800\" height=\"450\" src=\"https:\/\/www.youtube.com\/embed\/uG9ZtXDPSMM?feature=oembed\" frameborder=\"0\" allow=\"accelerometer; autoplay; clipboard-write; encrypted-media; gyroscope; picture-in-picture; web-share\" referrerpolicy=\"strict-origin-when-cross-origin\" allowfullscreen><\/iframe><\/p>\n","protected":false},"excerpt":{"rendered":"<p><strong>Gir ideell st\u00f8tte og komfort og bidrar til \u00e5 fremme tilheling hos pasienter med milde til alvorlige fot- og ankelskader. Passer b\u00e5de h\u00f8yre og venstre   <\/strong><\/p>\n","protected":false},"featured_media":83391,"comment_status":"closed","ping_status":"closed","template":"","meta":{"_acf_changed":false},"product_brand":[3139],"product_cat":[2129,2130,2079,2080,2039,1937,1933,2035],"product_tag":[2264],"class_list":{"0":"post-83376","1":"product","2":"type-product","3":"status-publish","4":"has-post-thumbnail","6":"product_brand-procare","7":"product_cat-aircast-no","8":"product_cat-aircast-rullatorstoevler","9":"product_cat-akillesseneruptur-ruptur-av-akillessenen","10":"product_cat-brudd-i-underbenet-brudd-i-tibia","11":"product_cat-brudd-og-smerter-i-foten-benbrudd-i-foten","12":"product_cat-merkevarer","13":"product_cat-skinner-og-stoetteskinner","14":"product_cat-walkerstoevler-og-tilbehoer","15":"product_tag-procare-no","17":"first","18":"instock","19":"taxable","20":"shipping-taxable","21":"purchasable","22":"product-type-variable"},"acf":[],"_links":{"self":[{"href":"https:\/\/fysiolab.dk\/no\/wp-json\/wp\/v2\/product\/83376","targetHints":{"allow":["GET"]}}],"collection":[{"href":"https:\/\/fysiolab.dk\/no\/wp-json\/wp\/v2\/product"}],"about":[{"href":"https:\/\/fysiolab.dk\/no\/wp-json\/wp\/v2\/types\/product"}],"replies":[{"embeddable":true,"href":"https:\/\/fysiolab.dk\/no\/wp-json\/wp\/v2\/comments?post=83376"}],"wp:featuredmedia":[{"embeddable":true,"href":"https:\/\/fysiolab.dk\/no\/wp-json\/wp\/v2\/media\/83391"}],"wp:attachment":[{"href":"https:\/\/fysiolab.dk\/no\/wp-json\/wp\/v2\/media?parent=83376"}],"wp:term":[{"taxonomy":"product_brand","embeddable":true,"href":"https:\/\/fysiolab.dk\/no\/wp-json\/wp\/v2\/product_brand?post=83376"},{"taxonomy":"product_cat","embeddable":true,"href":"https:\/\/fysiolab.dk\/no\/wp-json\/wp\/v2\/product_cat?post=83376"},{"taxonomy":"product_tag","embeddable":true,"href":"https:\/\/fysiolab.dk\/no\/wp-json\/wp\/v2\/product_tag?post=83376"}],"curies":[{"name":"wp","href":"https:\/\/api.w.org\/{rel}","templated":true}]}}