{"id":83397,"date":"2023-07-16T14:22:10","date_gmt":"2023-07-16T12:22:10","guid":{"rendered":"https:\/\/fysiolab.dk\/product\/donjoy-silikonhaelkopper\/"},"modified":"2025-12-18T09:21:32","modified_gmt":"2025-12-18T08:21:32","slug":"donjoy-silikonhaelkopper","status":"publish","type":"product","link":"https:\/\/fysiolab.dk\/no\/product\/donjoy-silikonhaelkopper\/","title":{"rendered":"DonJoy silikonh\u00e6lkopper"},"content":{"rendered":"<p><b>  Donjoy h\u00e6lkopp i silikon<\/b><\/p>\n<p>St\u00f8pt av myk silikon av h\u00f8y kvalitet som bidrar til \u00e5 redusere st\u00f8t- og vibrasjonsbelastningen p\u00e5 leddene og behandle plantar fasciitt, h\u00e6lspore og akillessenebetennelse. Mykere i h\u00e6lomr\u00e5det, noe som bidrar til \u00e5 redusere belastningen p\u00e5 smertef\u00f8lsomme omr\u00e5der. <\/p>\n<p><strong>Selges i par.<\/strong><\/p>\n<p><strong>St\u00f8rrelsesguide<\/strong><\/p>\n<p><strong>Bestilles i henhold til din skost\u00f8rrelse<\/strong><\/p>\n<p><strong>Sko st\u00f8rrelse Str<\/strong><\/p>\n<p><strong>&lt;34 XS<\/strong><\/p>\n<p><strong>35-40 S\/M<\/strong><\/p>\n<p><strong>41-46 L\/XL<\/strong><\/p>\n","protected":false},"excerpt":{"rendered":"<p><strong>H\u00e6lkopper i silikon bidrar til \u00e5 redusere st\u00f8t- og vibrasjonsbelastningen p\u00e5 h\u00e6len og h\u00e6lens fettpute. Anbefales ved h\u00e6lspore, plantar fasciitt og smerter i akillessenen. Selges i par    <\/strong><\/p>\n","protected":false},"featured_media":83403,"comment_status":"closed","ping_status":"closed","template":"","meta":{"_acf_changed":false},"product_brand":[],"product_cat":[1992,1938,2058,1996,1948,1937,1970,1998,2003,1933,1994],"product_tag":[2173],"class_list":{"0":"post-83397","1":"product","2":"type-product","3":"status-publish","4":"has-post-thumbnail","6":"product_cat-ankelskinne","7":"product_cat-donjoy-no","8":"product_cat-donjoy-sko-og-saaler-no","9":"product_cat-haelspore-no","10":"product_cat-klinikk","11":"product_cat-merkevarer","12":"product_cat-padel-no","13":"product_cat-plantar-facitis-no-2","14":"product_cat-saaler-og-fotpleie","15":"product_cat-skinner-og-stoetteskinner","16":"product_cat-sko-og-saaler-no","17":"product_tag-donjoy-no","19":"first","20":"instock","21":"taxable","22":"shipping-taxable","23":"purchasable","24":"product-type-variable"},"acf":[],"_links":{"self":[{"href":"https:\/\/fysiolab.dk\/no\/wp-json\/wp\/v2\/product\/83397","targetHints":{"allow":["GET"]}}],"collection":[{"href":"https:\/\/fysiolab.dk\/no\/wp-json\/wp\/v2\/product"}],"about":[{"href":"https:\/\/fysiolab.dk\/no\/wp-json\/wp\/v2\/types\/product"}],"replies":[{"embeddable":true,"href":"https:\/\/fysiolab.dk\/no\/wp-json\/wp\/v2\/comments?post=83397"}],"wp:featuredmedia":[{"embeddable":true,"href":"https:\/\/fysiolab.dk\/no\/wp-json\/wp\/v2\/media\/83403"}],"wp:attachment":[{"href":"https:\/\/fysiolab.dk\/no\/wp-json\/wp\/v2\/media?parent=83397"}],"wp:term":[{"taxonomy":"product_brand","embeddable":true,"href":"https:\/\/fysiolab.dk\/no\/wp-json\/wp\/v2\/product_brand?post=83397"},{"taxonomy":"product_cat","embeddable":true,"href":"https:\/\/fysiolab.dk\/no\/wp-json\/wp\/v2\/product_cat?post=83397"},{"taxonomy":"product_tag","embeddable":true,"href":"https:\/\/fysiolab.dk\/no\/wp-json\/wp\/v2\/product_tag?post=83397"}],"curies":[{"name":"wp","href":"https:\/\/api.w.org\/{rel}","templated":true}]}}