{"id":83398,"date":"2023-07-16T14:22:58","date_gmt":"2023-07-16T12:22:58","guid":{"rendered":"https:\/\/fysiolab.dk\/product\/procare-xceltrax-ankle-walker-stoevel\/"},"modified":"2025-12-18T09:21:31","modified_gmt":"2025-12-18T08:21:31","slug":"procare-xceltrax-ankle-walker-stoevel","status":"publish","type":"product","link":"https:\/\/fysiolab.dk\/no\/product\/procare-xceltrax-ankle-walker-stoevel\/","title":{"rendered":"ProCare XcelTrax Ankle Walker-st\u00f8vel"},"content":{"rendered":"<p>ProCare XcelTrax Ankle Walker Boot gir ideell st\u00f8tte og komfort og bidrar til \u00e5 fremme tilheling etter milde til alvorlige fot- og ankelskader. St\u00f8velen er utformet i et lettvektsmateriale, og den unike formst\u00f8pte ergonomiske rammen i st\u00f8velen bidrar til \u00e5 avlaste trykket p\u00e5 den skadde foten, ankelen eller leggen. St\u00f8velen er ogs\u00e5 utformet for \u00e5 avlaste trykket rundt malleolene. Sklisikker bunn sikrer fri bevegelse etter skade.     <strong>St\u00f8velen passer b\u00e5de til venstre og h\u00f8yre.<\/strong><\/p>\n<p>Hvis du vil ha et nytt f\u00f4r til st\u00f8velen din, kan du kj\u00f8pe det her: <a href=\"https:\/\/fysiolab.dk\/no\/product\/innerfor-til-procare-xceltrax-ankelstoevel\/\">https:\/\/fysiolab.dk\/product\/inderfor-til-procare-xceltrax-ankel-stoevle\/<\/a><\/p>\n<p>Trekket kan h\u00e5ndvaskes p\u00e5 30 grader.<\/p>\n<p><strong>St\u00f8rrelsesguide<\/strong><\/p>\n<p><strong>Sko st\u00f8rrelse Str<\/strong><\/p>\n<p><strong>U. 36 XS<\/strong><\/p>\n<p><strong>36-39 S<\/strong><\/p>\n<p><strong>40-44 M<\/strong><\/p>\n<p><strong>44-46 L<\/strong><\/p>\n<p><strong>+46 XL<\/strong><\/p>\n<p><iframe title=\"Skost\u00f8rrelsesvejledning sko FysioLab\" width=\"800\" height=\"450\" src=\"https:\/\/www.youtube.com\/embed\/uG9ZtXDPSMM?feature=oembed\" frameborder=\"0\" allow=\"accelerometer; autoplay; clipboard-write; encrypted-media; gyroscope; picture-in-picture; web-share\" referrerpolicy=\"strict-origin-when-cross-origin\" allowfullscreen><\/iframe><\/p>\n","protected":false},"excerpt":{"rendered":"<p><strong>ProCare XcelTrax Ankle Walker Boot gir ideell st\u00f8tte og komfort og bidrar til \u00e5 fremme tilheling etter milde til alvorlige fot- og ankelskader. St\u00f8velen er utformet i et lettvektsmateriale, og den unike formst\u00f8pte ergonomiske rammen i st\u00f8velen bidrar til \u00e5 avlaste trykket p\u00e5 den skadde foten, ankelen eller leggen. St\u00f8velen er ogs\u00e5 utformet for \u00e5 avlaste trykket rundt malleolene.   St\u00f8velen passer b\u00e5de til venstre og h\u00f8yre.<\/strong><\/p>\n","protected":false},"featured_media":83408,"comment_status":"closed","ping_status":"closed","template":"","meta":{"_acf_changed":false},"product_brand":[],"product_cat":[2079,2080,2039,1937,2000,2038,1933,2035],"product_tag":[2264],"class_list":{"0":"post-83398","1":"product","2":"type-product","3":"status-publish","4":"has-post-thumbnail","6":"product_cat-akillesseneruptur-ruptur-av-akillessenen","7":"product_cat-brudd-i-underbenet-brudd-i-tibia","8":"product_cat-brudd-og-smerter-i-foten-benbrudd-i-foten","9":"product_cat-merkevarer","10":"product_cat-procare-no","11":"product_cat-procare-rullatorstoevler","12":"product_cat-skinner-og-stoetteskinner","13":"product_cat-walkerstoevler-og-tilbehoer","14":"product_tag-procare-no","16":"first","17":"instock","18":"taxable","19":"shipping-taxable","20":"purchasable","21":"product-type-variable"},"acf":[],"_links":{"self":[{"href":"https:\/\/fysiolab.dk\/no\/wp-json\/wp\/v2\/product\/83398","targetHints":{"allow":["GET"]}}],"collection":[{"href":"https:\/\/fysiolab.dk\/no\/wp-json\/wp\/v2\/product"}],"about":[{"href":"https:\/\/fysiolab.dk\/no\/wp-json\/wp\/v2\/types\/product"}],"replies":[{"embeddable":true,"href":"https:\/\/fysiolab.dk\/no\/wp-json\/wp\/v2\/comments?post=83398"}],"wp:featuredmedia":[{"embeddable":true,"href":"https:\/\/fysiolab.dk\/no\/wp-json\/wp\/v2\/media\/83408"}],"wp:attachment":[{"href":"https:\/\/fysiolab.dk\/no\/wp-json\/wp\/v2\/media?parent=83398"}],"wp:term":[{"taxonomy":"product_brand","embeddable":true,"href":"https:\/\/fysiolab.dk\/no\/wp-json\/wp\/v2\/product_brand?post=83398"},{"taxonomy":"product_cat","embeddable":true,"href":"https:\/\/fysiolab.dk\/no\/wp-json\/wp\/v2\/product_cat?post=83398"},{"taxonomy":"product_tag","embeddable":true,"href":"https:\/\/fysiolab.dk\/no\/wp-json\/wp\/v2\/product_tag?post=83398"}],"curies":[{"name":"wp","href":"https:\/\/api.w.org\/{rel}","templated":true}]}}