{"id":83414,"date":"2023-07-16T14:21:47","date_gmt":"2023-07-16T12:21:47","guid":{"rendered":"https:\/\/fysiolab.dk\/product\/aircast-haelstoette-airheel\/"},"modified":"2025-12-18T09:21:32","modified_gmt":"2025-12-18T08:21:32","slug":"aircast-haelstoette-airheel","status":"publish","type":"product","link":"https:\/\/fysiolab.dk\/no\/product\/aircast-haelstoette-airheel\/","title":{"rendered":"Aircast-h\u00e6lst\u00f8tte, AirHeel"},"content":{"rendered":"<p><b>AirHeel  <\/b><\/p>\n<p>AirHeel er spesielt utviklet for \u00e5 behandle plantar fasciitt, akillessenebetennelse og smerter i h\u00e6len. Den inneholder to sammenkoblede luftceller som er plassert under foten og p\u00e5 baksiden av h\u00e6len, noe som gir AirHeel pulserende kompresjon som reduserer hevelse og ubehag og forbedrer sirkulasjonen. Bandasjen er laget av et lett, pustende materiale. Skinnen er ogs\u00e5 enkel \u00e5 bruke og justerbar.   <\/p>\n<p><b>Egnet for:  <\/b><\/p>\n<p>plantar fasciitt; akillessenebetennelse; h\u00e6lsmerter<\/p>\n<p><strong>St\u00f8rrelsesguide  <\/strong><\/p>\n<p><strong>Sortert etter skost\u00f8rrelse<\/strong><\/p>\n<p><a href=\"https:\/\/dev.fysiolab.dk\/wp-content\/uploads\/2025\/05\/F1-3.png\"><img fetchpriority=\"high\" decoding=\"async\" class=\"alignnone size-medium wp-image-202393324\" src=\"https:\/\/dev.fysiolab.dk\/wp-content\/uploads\/2025\/05\/F1-3-300x169.png\" alt=\"\" width=\"300\" height=\"169\" title=\"\"><\/a><\/p>\n<p><strong>Sko st\u00f8rrelse Str<\/strong><\/p>\n<p><strong>u. 39 S<\/strong><\/p>\n<p><strong>39-42 M<\/strong><\/p>\n<p><strong>42+ L<\/strong><\/p>\n","protected":false},"excerpt":{"rendered":"<p><strong>AirCast Airheel-bandasjen anbefales ved smerter rundt akillessenen og plantar fasciitt. Bandasjen er utformet for \u00e5 gi pulserende kompresjon ved hvert skritt for \u00e5 redusere smerte og eliminere hevelse. <\/strong><\/p>\n","protected":false},"featured_media":83419,"comment_status":"closed","ping_status":"closed","template":"","meta":{"_acf_changed":false},"product_brand":[3092],"product_cat":[1992,1938,2203,1996,1937,1998,1933,1994,1993],"product_tag":[2614],"class_list":{"0":"post-83414","1":"product","2":"type-product","3":"status-publish","4":"has-post-thumbnail","6":"product_brand-aircast","7":"product_cat-ankelskinne","8":"product_cat-donjoy-no","9":"product_cat-donjoy-ankelstoette","10":"product_cat-haelspore-no","11":"product_cat-merkevarer","12":"product_cat-plantar-facitis-no-2","13":"product_cat-skinner-og-stoetteskinner","14":"product_cat-sko-og-saaler-no","15":"product_cat-smerter-i-akillessenen","16":"product_tag-aircast-no","18":"first","19":"instock","20":"taxable","21":"shipping-taxable","22":"purchasable","23":"product-type-variable"},"acf":[],"_links":{"self":[{"href":"https:\/\/fysiolab.dk\/no\/wp-json\/wp\/v2\/product\/83414","targetHints":{"allow":["GET"]}}],"collection":[{"href":"https:\/\/fysiolab.dk\/no\/wp-json\/wp\/v2\/product"}],"about":[{"href":"https:\/\/fysiolab.dk\/no\/wp-json\/wp\/v2\/types\/product"}],"replies":[{"embeddable":true,"href":"https:\/\/fysiolab.dk\/no\/wp-json\/wp\/v2\/comments?post=83414"}],"wp:featuredmedia":[{"embeddable":true,"href":"https:\/\/fysiolab.dk\/no\/wp-json\/wp\/v2\/media\/83419"}],"wp:attachment":[{"href":"https:\/\/fysiolab.dk\/no\/wp-json\/wp\/v2\/media?parent=83414"}],"wp:term":[{"taxonomy":"product_brand","embeddable":true,"href":"https:\/\/fysiolab.dk\/no\/wp-json\/wp\/v2\/product_brand?post=83414"},{"taxonomy":"product_cat","embeddable":true,"href":"https:\/\/fysiolab.dk\/no\/wp-json\/wp\/v2\/product_cat?post=83414"},{"taxonomy":"product_tag","embeddable":true,"href":"https:\/\/fysiolab.dk\/no\/wp-json\/wp\/v2\/product_tag?post=83414"}],"curies":[{"name":"wp","href":"https:\/\/api.w.org\/{rel}","templated":true}]}}