{"id":83415,"date":"2023-07-16T14:22:35","date_gmt":"2023-07-16T12:22:35","guid":{"rendered":"https:\/\/fysiolab.dk\/product\/donjoy-respiform-haandleddstoette\/"},"modified":"2025-12-18T09:21:31","modified_gmt":"2025-12-18T08:21:31","slug":"donjoy-respiform-haandleddstoette","status":"publish","type":"product","link":"https:\/\/fysiolab.dk\/no\/product\/donjoy-respiform-haandleddstoette\/","title":{"rendered":"DonJoy Respiform h\u00e5ndleddst\u00f8tte"},"content":{"rendered":"<p>DonJoy Respiform Wrist Support er en lett og pustende h\u00e5ndleddsst\u00f8tte. Den anbefales for lindring av belastninger og skader i h\u00e5ndleddet samt tendinopati. Den kan ogs\u00e5 brukes til \u00e5 immobilisere h\u00e5ndleddet f\u00f8r og etter en operasjon. Bandasjen er laget av Advanced Ozone-materiale som fremmer luftgjennomstr\u00f8mning, noe som gj\u00f8r den behagelig \u00e5 ha p\u00e5 hele dagen. Bandasjen er anatomisk utformet for \u00e5 forme seg etter h\u00e5ndleddet, og har justerbare stropper slik at du kan tilpasse den til h\u00e5nden og h\u00e5ndleddet ditt. Det er to aluminiumsskinner p\u00e5 begge sider av h\u00e5ndleddet for optimal beskyttelse og immobilisering.      Tilgjengelig i h\u00f8yre- og venstremodeller.<\/p>\n<p><strong>St\u00f8rrelsesguide<\/strong><\/p>\n<p><strong>M\u00e5l h\u00e5ndleddet der det er minst<\/strong><\/p>\n<p><a href=\"https:\/\/dev.fysiolab.dk\/wp-content\/uploads\/2025\/05\/H2.png\"><img fetchpriority=\"high\" decoding=\"async\" class=\"alignnone size-medium wp-image-202392805\" src=\"https:\/\/dev.fysiolab.dk\/wp-content\/uploads\/2025\/05\/H2-300x169.png\" alt=\"\" width=\"300\" height=\"169\" title=\"\"><\/a><\/p>\n<p><strong>Omkrets St\u00f8rrelse<\/strong><\/p>\n<p><strong>11-14 cm XS<\/strong><\/p>\n<p><strong>14-16 cm S<\/strong><\/p>\n<p><strong>16-19 cm M<\/strong><\/p>\n<p><strong>19-21 cm L<\/strong><\/p>\n<p><strong>21-24 cm XL<\/strong><\/p>\n<p><iframe title=\"Opm\u00e5lingsvejledning til h\u00e5ndled\" width=\"800\" height=\"450\" src=\"https:\/\/www.youtube.com\/embed\/uT1ZaBnbLiI?feature=oembed\" frameborder=\"0\" allow=\"accelerometer; autoplay; clipboard-write; encrypted-media; gyroscope; picture-in-picture; web-share\" referrerpolicy=\"strict-origin-when-cross-origin\" allowfullscreen><\/iframe><\/p>\n","protected":false},"excerpt":{"rendered":"<p><strong>DonJoy Respiform Wrist Support er en lett og pustende h\u00e5ndleddsst\u00f8tte. Den anbefales for lindring av belastninger og skader i h\u00e5ndleddet samt tendinopati. Den kan ogs\u00e5 brukes til \u00e5 immobilisere h\u00e5ndleddet f\u00f8r og etter en operasjon.   Tilgjengelig i h\u00f8yre- og venstremodeller.  <\/strong><\/p>\n","protected":false},"featured_media":83432,"comment_status":"closed","ping_status":"closed","template":"","meta":{"_acf_changed":false},"product_brand":[],"product_cat":[2071,2042,1938,2048,2043,2040,2068,1937,2073,2067,2070,1933],"product_tag":[2173],"class_list":{"0":"post-83415","1":"product","2":"type-product","3":"status-publish","4":"has-post-thumbnail","6":"product_cat-artrose-i-haandleddet","7":"product_cat-brudd-i-haandleddet","8":"product_cat-donjoy-no","9":"product_cat-donjoy-haandleddstoette","10":"product_cat-forstuing-og-overbelastning-av-haandleddet","11":"product_cat-haand-og-haandleddsskinne","12":"product_cat-karpaltunnelsyndrom-no","13":"product_cat-merkevarer","14":"product_cat-musearm-musehaand-no","15":"product_cat-senebetennelse","16":"product_cat-senebetennelse-i-haandleddet","17":"product_cat-skinner-og-stoetteskinner","18":"product_tag-donjoy-no","20":"first","21":"instock","22":"taxable","23":"shipping-taxable","24":"purchasable","25":"product-type-variable"},"acf":[],"_links":{"self":[{"href":"https:\/\/fysiolab.dk\/no\/wp-json\/wp\/v2\/product\/83415","targetHints":{"allow":["GET"]}}],"collection":[{"href":"https:\/\/fysiolab.dk\/no\/wp-json\/wp\/v2\/product"}],"about":[{"href":"https:\/\/fysiolab.dk\/no\/wp-json\/wp\/v2\/types\/product"}],"replies":[{"embeddable":true,"href":"https:\/\/fysiolab.dk\/no\/wp-json\/wp\/v2\/comments?post=83415"}],"wp:featuredmedia":[{"embeddable":true,"href":"https:\/\/fysiolab.dk\/no\/wp-json\/wp\/v2\/media\/83432"}],"wp:attachment":[{"href":"https:\/\/fysiolab.dk\/no\/wp-json\/wp\/v2\/media?parent=83415"}],"wp:term":[{"taxonomy":"product_brand","embeddable":true,"href":"https:\/\/fysiolab.dk\/no\/wp-json\/wp\/v2\/product_brand?post=83415"},{"taxonomy":"product_cat","embeddable":true,"href":"https:\/\/fysiolab.dk\/no\/wp-json\/wp\/v2\/product_cat?post=83415"},{"taxonomy":"product_tag","embeddable":true,"href":"https:\/\/fysiolab.dk\/no\/wp-json\/wp\/v2\/product_tag?post=83415"}],"curies":[{"name":"wp","href":"https:\/\/api.w.org\/{rel}","templated":true}]}}