{"id":83434,"date":"2023-07-16T14:22:12","date_gmt":"2023-07-16T12:22:12","guid":{"rendered":"https:\/\/fysiolab.dk\/product\/procare-buede-fingerskinner-i-aluminium\/"},"modified":"2026-03-11T17:45:41","modified_gmt":"2026-03-11T16:45:41","slug":"procare-buede-fingerskinner-i-aluminium","status":"publish","type":"product","link":"https:\/\/fysiolab.dk\/no\/product\/procare-buede-fingerskinner-i-aluminium\/","title":{"rendered":"ProCare buede fingerskinner i aluminium"},"content":{"rendered":"<p>Disse polstrede fingerskinnene er beregnet p\u00e5 immobilisering av brudd i fingerleddet. Den lette aluminiumsskinnen er buet slik at den passer til fingeren i halvb\u00f8yd stilling. Indikasjoner inkluderer dislokasjoner, falangeale og metakarpale frakturer. Polstret for \u00f8kt komfort.    Selges enkeltvis. Festes til fingeren med sportsteip eller annen teip <\/p>\n<p><strong>Skinnens lengde\/bredde<\/strong><\/p>\n<p><strong>3,5 x 2,2 cm Liten  <\/strong><\/p>\n<p><strong>7,5 x 2,2 cm Medium<\/strong><\/p>\n<p><strong>10 x 2,2 cm stor<\/strong><\/p>\n<p><strong>Str. Small anbefales for immobilisering av fingerens ytre ledd<\/strong><\/p>\n<p><strong>Str. Medium og Large anbefales avhengig av lengden p\u00e5 fingeren og hvilke ledd som m\u00e5 immobiliseres  <\/strong><\/p>\n<p>&nbsp;<\/p>\n<p>&nbsp;<\/p>\n","protected":false},"excerpt":{"rendered":"<p><strong>Disse polstrede fingerskinnene er beregnet p\u00e5 immobilisering av brudd i fingerleddet. Den lette aluminiumsdesignen er buet slik at den passer til fingeren i <\/strong> <strong>Semi-flektert stilling. Indikasjoner inkluderer dislokasjoner, falangeale og metakarpale frakturer.  Selges enkeltvis<\/strong><\/p>\n","protected":false},"featured_media":83440,"comment_status":"closed","ping_status":"closed","template":"","meta":{"_acf_changed":false},"product_brand":[3139],"product_cat":[2045,2041,2044,1937,2000,2201,1933,2046],"product_tag":[3085,2264],"class_list":{"0":"post-83434","1":"product","2":"type-product","3":"status-publish","4":"has-post-thumbnail","6":"product_brand-procare","7":"product_cat-brudd-i-finger","8":"product_cat-fingre-no","9":"product_cat-forstuet-finger","10":"product_cat-merkevarer","11":"product_cat-procare-no","12":"product_cat-procare-haandledds-og-fingerbandasjer","13":"product_cat-skinner-og-stoetteskinner","14":"product_cat-springfinger-no","15":"product_tag-buet","16":"product_tag-procare-no","18":"first","19":"instock","20":"taxable","21":"shipping-taxable","22":"purchasable","23":"product-type-variable"},"acf":[],"_links":{"self":[{"href":"https:\/\/fysiolab.dk\/no\/wp-json\/wp\/v2\/product\/83434","targetHints":{"allow":["GET"]}}],"collection":[{"href":"https:\/\/fysiolab.dk\/no\/wp-json\/wp\/v2\/product"}],"about":[{"href":"https:\/\/fysiolab.dk\/no\/wp-json\/wp\/v2\/types\/product"}],"replies":[{"embeddable":true,"href":"https:\/\/fysiolab.dk\/no\/wp-json\/wp\/v2\/comments?post=83434"}],"wp:featuredmedia":[{"embeddable":true,"href":"https:\/\/fysiolab.dk\/no\/wp-json\/wp\/v2\/media\/83440"}],"wp:attachment":[{"href":"https:\/\/fysiolab.dk\/no\/wp-json\/wp\/v2\/media?parent=83434"}],"wp:term":[{"taxonomy":"product_brand","embeddable":true,"href":"https:\/\/fysiolab.dk\/no\/wp-json\/wp\/v2\/product_brand?post=83434"},{"taxonomy":"product_cat","embeddable":true,"href":"https:\/\/fysiolab.dk\/no\/wp-json\/wp\/v2\/product_cat?post=83434"},{"taxonomy":"product_tag","embeddable":true,"href":"https:\/\/fysiolab.dk\/no\/wp-json\/wp\/v2\/product_tag?post=83434"}],"curies":[{"name":"wp","href":"https:\/\/api.w.org\/{rel}","templated":true}]}}