{"id":83443,"date":"2023-07-16T14:20:56","date_gmt":"2023-07-16T12:20:56","guid":{"rendered":"https:\/\/fysiolab.dk\/product\/bauerfeind-sport-kompresjonsknestoette\/"},"modified":"2025-12-18T09:21:33","modified_gmt":"2025-12-18T08:21:33","slug":"bauerfeind-sport-kompresjonsknestoette","status":"publish","type":"product","link":"https:\/\/fysiolab.dk\/no\/product\/bauerfeind-sport-kompresjonsknestoette\/","title":{"rendered":"Bauerfeind Sport kompresjonsknest\u00f8tte"},"content":{"rendered":"<p>Vi er glade for \u00e5 kunne presentere den splitter nye Sports Compression Knee Support fra Bauerfeind.<\/p>\n<p>N\u00e5 har du muligheten til \u00e5 f\u00e5 ultratynn, ultralett og superkomfortabel effektiv kompresjon rundt kneet n\u00e5r du driver med idrett.<\/p>\n<p>Sports Compression Knee Support med kompresjonsklasse 2-effekt:<\/p>\n<ul>\n<li>Motvirker hevelse rundt kneet under og etter idrettsaktivitet.<\/li>\n<li>Gir en f\u00f8lelse av stabilitet og trygghet hvis du mangler den lille forskjellen som gj\u00f8r at du kan yte ditt beste<\/li>\n<li>Forbedrer reaksjonsevnen og muskelaktiviteten under plutselige retningsendringer<\/li>\n<li>bidrar til \u00e5 forebygge idrettsrelaterte kneskader.<\/li>\n<\/ul>\n<p>Ta prestasjonen din til nye h\u00f8yder med den nye Sports Compression Knee Support. Profesjonelle toppidrettsut\u00f8vere stoler p\u00e5 Bauerfeinds produkter og teknologi. <\/p>\n<p><strong>St\u00f8rrelsesguide: (hvis du m\u00e5ler jevnt mellom to st\u00f8rrelser, anbefaler vi at du velger den minste)<\/strong><\/p>\n<p><strong>M\u00e5l omkretsen av kneet ved knesk\u00e5len mens du st\u00e5r med lett b\u00f8yd kne<\/strong><\/p>\n<p><a href=\"https:\/\/dev.fysiolab.dk\/wp-content\/uploads\/2025\/05\/K3.png\"><img fetchpriority=\"high\" decoding=\"async\" class=\"alignnone size-medium wp-image-202393478\" src=\"https:\/\/dev.fysiolab.dk\/wp-content\/uploads\/2025\/05\/K3-300x169.png\" alt=\"\" width=\"300\" height=\"169\" title=\"\"><\/a><\/p>\n<p><strong>Omkrets Str  <\/strong><\/p>\n<p><strong>29-32 cm S<\/strong><\/p>\n<p><strong>32-37 cm M<\/strong><\/p>\n<p><strong>37-42 cm L<\/strong><\/p>\n<p><strong>42-48 cm XL<\/strong><\/p>\n<p>&nbsp;<\/p>\n","protected":false},"excerpt":{"rendered":"<p><strong>Ta prestasjonen din til nye h\u00f8yder med den nye Sports Compression Knee Support. Profesjonelle toppidrettsut\u00f8vere stoler p\u00e5 Bauerfeinds produkter og teknologi. <\/strong><\/p>\n<p>https:\/\/www.youtube.com\/watch?v=00TC7Jtjqs8<\/p>\n","protected":false},"featured_media":83450,"comment_status":"closed","ping_status":"closed","template":"","meta":{"_acf_changed":false},"product_brand":[3090],"product_cat":[1981,2734,2354,1938,1977,2011,1978,2010,1937,1976,1933,2200],"product_tag":[2356],"class_list":{"0":"post-83443","1":"product","2":"type-product","3":"status-publish","4":"has-post-thumbnail","6":"product_brand-bauerfeind","7":"product_cat-artrose-menisk-bruskskade","8":"product_cat-bauerfeind-knestoette","9":"product_cat-bondetamp","10":"product_cat-donjoy-no","11":"product_cat-donjoy-knestoette","12":"product_cat-hopperkneet","13":"product_cat-knestoetter","14":"product_cat-loeperkne","15":"product_cat-merkevarer","16":"product_cat-overbelastning-no","17":"product_cat-skinner-og-stoetteskinner","18":"product_cat-uspesifikke-smerter-i-fremre-del-av-kneet","19":"product_tag-bondetamp","21":"first","22":"instock","23":"taxable","24":"shipping-taxable","25":"purchasable","26":"product-type-variable"},"acf":[],"_links":{"self":[{"href":"https:\/\/fysiolab.dk\/no\/wp-json\/wp\/v2\/product\/83443","targetHints":{"allow":["GET"]}}],"collection":[{"href":"https:\/\/fysiolab.dk\/no\/wp-json\/wp\/v2\/product"}],"about":[{"href":"https:\/\/fysiolab.dk\/no\/wp-json\/wp\/v2\/types\/product"}],"replies":[{"embeddable":true,"href":"https:\/\/fysiolab.dk\/no\/wp-json\/wp\/v2\/comments?post=83443"}],"wp:featuredmedia":[{"embeddable":true,"href":"https:\/\/fysiolab.dk\/no\/wp-json\/wp\/v2\/media\/83450"}],"wp:attachment":[{"href":"https:\/\/fysiolab.dk\/no\/wp-json\/wp\/v2\/media?parent=83443"}],"wp:term":[{"taxonomy":"product_brand","embeddable":true,"href":"https:\/\/fysiolab.dk\/no\/wp-json\/wp\/v2\/product_brand?post=83443"},{"taxonomy":"product_cat","embeddable":true,"href":"https:\/\/fysiolab.dk\/no\/wp-json\/wp\/v2\/product_cat?post=83443"},{"taxonomy":"product_tag","embeddable":true,"href":"https:\/\/fysiolab.dk\/no\/wp-json\/wp\/v2\/product_tag?post=83443"}],"curies":[{"name":"wp","href":"https:\/\/api.w.org\/{rel}","templated":true}]}}