{"id":83456,"date":"2023-07-16T14:20:32","date_gmt":"2023-07-16T12:20:32","guid":{"rendered":"https:\/\/fysiolab.dk\/product\/bauerfeind-kneskinne-secutec-oa\/"},"modified":"2025-12-18T09:21:33","modified_gmt":"2025-12-18T08:21:33","slug":"bauerfeind-kneskinne-secutec-oa","status":"publish","type":"product","link":"https:\/\/fysiolab.dk\/no\/product\/bauerfeind-kneskinne-secutec-oa\/","title":{"rendered":"Bauerfeind kneskinne, SecuTec OA"},"content":{"rendered":"<p><strong>NY KNESKINNE FOR SLITASJEGIKT FRA VERDENSKJENTE BAUERFEIND<\/strong><\/p>\n<p>Vi presenterer Bauerfeinds splitter nye h\u00f8yteknologiske kneskinne, SecuTec Genu OA, i et sl\u00e5ende og funksjonelt design med utmerket anatomisk passform.<\/p>\n<p>Enkel \u00e5 justere og tilpasse av en fagperson, og utrolig enkel \u00e5 ta p\u00e5 for brukeren med Quick-fit-spenner.<\/p>\n<p>Og vekten er nesten utrolig. Den veier nesten ingenting! <\/p>\n<p>&nbsp;<\/p>\n<p>SecuTec Genu OA avlaster effektivt det indre eller ytre indre leddkammeret ved slitasjegikt eller traumer, samt de respektive sideligamentene i kneet.<\/p>\n<p>De justerbare hengslene p\u00e5 hver side av kneet gir mulighet for opptil 25 graders lateral korreksjon. Dette inneb\u00e6rer en betydelig endring i trykkfordelingen i kneets indre skadede menisk, brusklag og periost. Det betyr ogs\u00e5 at skadede sideligamenter kan avlastes effektivt i tilhelingsfasen og beskyttes mot for stor belastning under funksjon\/trening etter tilheling.  <\/p>\n<p>&nbsp;<\/p>\n<p>Denne kneskinnen er unik n\u00e5r det gjelder \u00e5 stabilisere og beskytte de s\u00e5rbare vektb\u00e6rende strukturene og de tilh\u00f8rende leddb\u00e5ndene i kneleddet. Knest\u00f8tten fungerer ved \u00e5 kombinere det elastiske, ikke-elastiske materialet, de tynne og sv\u00e6rt stive skinnene og borrel\u00e5sstroppene, som alle stabiliserer kneleddet i et 4-punktssystem. <\/p>\n<p>B\u00f8yekontroll (fleksjon) og strekkontroll (ekstensjon) m\u00e5 begrenses hver for seg. (Fleksjon: 0\u00b0, 10\u00b0, 20\u00b0, 30\u00b0, 45\u00b0, 60\u00b0, 75\u00b0, 90\u00b0, 120\u00b0) (Ekstensjon: 10\u00b0, 20\u00b0, 30\u00b0, 45\u00b0) <\/p>\n<p>SecuTec Genu OA anbefales for f\u00f8lgende indikasjoner:<\/p>\n<p>- For behandling av moderat til alvorlig artrose (grad 3-4), der det ogs\u00e5 er \u00f8nskelig \u00e5 korrigere eventuelle feilstillinger og dermed avlaste de skadede omr\u00e5dene i kneleddet.<\/p>\n<p>- Instabilitet etter ruptur av fremre og\/eller bakre korsb\u00e5nd og hvor det er \u00f8nskelig med en korreksjon av leddstillingen mellom l\u00e5r og underben.<\/p>\n<p>- Etter operasjon p\u00e5 kollateralligamenter og\/eller korsb\u00e5nd og der du \u00f8nsker en mulighet til \u00e5 tilpasse leddstillingen<\/p>\n<p>- Alvorlige eller komplekse instabiliteter som krever regulering av kneleddets bevegelsesakse<\/p>\n<p>- For effektiv begrensning av kneleddets bevegelsesutslag hvis ekstreme stillinger ikke er hensiktsmessige (overstrekking eller overdreven knefleksjon).<\/p>\n<p><iframe title=\"Unboxing the Secutec OA\" width=\"800\" height=\"450\" src=\"https:\/\/www.youtube.com\/embed\/LmkcgtbfI0s?feature=oembed\" frameborder=\"0\" allow=\"accelerometer; autoplay; clipboard-write; encrypted-media; gyroscope; picture-in-picture; web-share\" referrerpolicy=\"strict-origin-when-cross-origin\" allowfullscreen><\/iframe><\/p>\n<p><img fetchpriority=\"high\" decoding=\"async\" class=\"alignnone wp-image-84669\" src=\"https:\/\/dev.fysiolab.dk\/wp-content\/uploads\/2025\/05\/secutec-OA-maaltagning.jpg\" alt=\"\" width=\"369\" height=\"284\" title=\"\"><\/p>\n<p><img decoding=\"async\" class=\"alignnone wp-image-84670\" src=\"https:\/\/dev.fysiolab.dk\/wp-content\/uploads\/2025\/05\/secutec-genu-OA-maalskema.jpg\" alt=\"\" width=\"362\" height=\"283\" title=\"\"><\/p>\n","protected":false},"excerpt":{"rendered":"<p><strong>Bauerfeind kneskinne for slitasjegikt i kneet. Skinnen kjennetegnes ved at den avlaster leddkammeret som er p\u00e5virket av artrose, skaper mer plass i leddet og gir bevegelsesfrihet. <\/strong><\/p>\n","protected":false},"featured_media":83474,"comment_status":"closed","ping_status":"closed","template":"","meta":{"_acf_changed":false},"product_brand":[],"product_cat":[2273,2689,2354,2148,1937,1933],"product_tag":[2356],"class_list":{"0":"post-83456","1":"product","2":"type-product","3":"status-publish","4":"has-post-thumbnail","6":"product_cat-artrose-menisk-bruskskade-no","7":"product_cat-bauerfeind-kneskinne","8":"product_cat-bondetamp","9":"product_cat-knestoetter-no","10":"product_cat-merkevarer","11":"product_cat-skinner-og-stoetteskinner","12":"product_tag-bondetamp","14":"first","15":"instock","16":"taxable","17":"shipping-taxable","18":"purchasable","19":"product-type-variable"},"acf":[],"_links":{"self":[{"href":"https:\/\/fysiolab.dk\/no\/wp-json\/wp\/v2\/product\/83456","targetHints":{"allow":["GET"]}}],"collection":[{"href":"https:\/\/fysiolab.dk\/no\/wp-json\/wp\/v2\/product"}],"about":[{"href":"https:\/\/fysiolab.dk\/no\/wp-json\/wp\/v2\/types\/product"}],"replies":[{"embeddable":true,"href":"https:\/\/fysiolab.dk\/no\/wp-json\/wp\/v2\/comments?post=83456"}],"wp:featuredmedia":[{"embeddable":true,"href":"https:\/\/fysiolab.dk\/no\/wp-json\/wp\/v2\/media\/83474"}],"wp:attachment":[{"href":"https:\/\/fysiolab.dk\/no\/wp-json\/wp\/v2\/media?parent=83456"}],"wp:term":[{"taxonomy":"product_brand","embeddable":true,"href":"https:\/\/fysiolab.dk\/no\/wp-json\/wp\/v2\/product_brand?post=83456"},{"taxonomy":"product_cat","embeddable":true,"href":"https:\/\/fysiolab.dk\/no\/wp-json\/wp\/v2\/product_cat?post=83456"},{"taxonomy":"product_tag","embeddable":true,"href":"https:\/\/fysiolab.dk\/no\/wp-json\/wp\/v2\/product_tag?post=83456"}],"curies":[{"name":"wp","href":"https:\/\/api.w.org\/{rel}","templated":true}]}}