{"id":83459,"date":"2023-07-16T14:20:57","date_gmt":"2023-07-16T12:20:57","guid":{"rendered":"https:\/\/fysiolab.dk\/product\/bauerfeind-knestoette-genutrain-8-med-silikonkant\/"},"modified":"2025-12-18T09:21:33","modified_gmt":"2025-12-18T08:21:33","slug":"bauerfeind-knestoette-genutrain-8-med-silikonkant","status":"publish","type":"product","link":"https:\/\/fysiolab.dk\/no\/product\/bauerfeind-knestoette-genutrain-8-med-silikonkant\/","title":{"rendered":"Bauerfeind knest\u00f8tte, Genutrain 8 med silikonkant"},"content":{"rendered":"<p>Genutrain med silikon er en knest\u00f8tte som stabiliserer leddet. Den optimaliserer den naturlige bevegeligheten i kneet. Denne modellen er utstyrt med silikon p\u00e5 den \u00f8vre kanten, noe som sikrer at knest\u00f8tten ikke glir ned under aktivitet. Vi anbefaler knest\u00f8tten ved f\u00f8lgende problemer:   <\/p>\n<ul>\n<li>Muskel- og seneskader<\/li>\n<li>Skader p\u00e5 leddb\u00e5nd<\/li>\n<li>Meniskskader (stabile)<\/li>\n<li>Kroniske og posttraumatiske irritasjonstilstander<\/li>\n<li>Etter ukompliserte leddfrakturer<\/li>\n<li>F\u00f8r og etter kneoperasjon<\/li>\n<li>Hevelse i og rundt kneleddet<\/li>\n<li>Bruskskader, slitasjegikt og leddgikt<\/li>\n<li>For \u00e5 forebygge nye kneskader<\/li>\n<li>F\u00f8lelse av ustabilt kneledd<\/li>\n<\/ul>\n<p><strong>St\u00f8rrelsesguide (se video lenger ned i teksten for m\u00e5leinstruksjoner)<\/strong><\/p>\n<p><strong>M\u00e5l l\u00e5romkretsen 14 cm over midten av kneet med en liten b\u00f8y i kneet<\/strong><\/p>\n<p><strong>M\u00e5l leggomkretsen 12 cm fra midten av kneet<\/strong><\/p>\n<p><a href=\"https:\/\/dev.fysiolab.dk\/wp-content\/uploads\/2025\/05\/a3-maaltagning.jpg\"><img fetchpriority=\"high\" decoding=\"async\" class=\"alignnone size-full wp-image-202391955\" src=\"https:\/\/dev.fysiolab.dk\/wp-content\/uploads\/2025\/05\/a3-maaltagning.jpg\" alt=\"\" width=\"225\" height=\"225\" title=\"\"><\/a><\/p>\n<p><strong>Omkrets l\u00e5r Omkrets legg St\u00f8rrelse.<\/strong><\/p>\n<p><strong>35-38 cm 25-28 cm 0<\/strong><\/p>\n<p><strong>38-41 cm 28-31 cm 1<\/strong><\/p>\n<p><strong>41-44 cm 31-34 cm 2<\/strong><\/p>\n<p><strong>44-47 cm 34-37 cm 3<\/strong><\/p>\n<p><strong>47-50 cm 37-40 cm 4<\/strong><\/p>\n<p><strong>50-53 cm 40-43 cm 5<\/strong><\/p>\n<p><strong>53-56 cm 43-46 cm 6<\/strong><\/p>\n<p><strong>56-59 cm 46-49 cm 7<\/strong><\/p>\n<p><iframe title=\"Opm\u00e5lingsvejledning til Bauerfeind kn\u00e6bandager\" width=\"800\" height=\"450\" src=\"https:\/\/www.youtube.com\/embed\/6065THzZgT0?feature=oembed\" frameborder=\"0\" allow=\"accelerometer; autoplay; clipboard-write; encrypted-media; gyroscope; picture-in-picture; web-share\" referrerpolicy=\"strict-origin-when-cross-origin\" allowfullscreen><\/iframe><\/p>\n<p>Du kan bruke knest\u00f8tten til fotball-h\u00e5ndball-tennis-padel-badminton-l\u00f8ping<\/p>\n<p><iframe title=\"Bauerfeind - GenuTrain 8th Generation\" width=\"800\" height=\"450\" src=\"https:\/\/www.youtube.com\/embed\/yuOrv-T19mM?feature=oembed\" frameborder=\"0\" allow=\"accelerometer; autoplay; clipboard-write; encrypted-media; gyroscope; picture-in-picture; web-share\" referrerpolicy=\"strict-origin-when-cross-origin\" allowfullscreen><\/iframe><\/p>\n<p>&nbsp;<\/p>\n<p>&nbsp;<\/p>\n","protected":false},"excerpt":{"rendered":"<p><strong>Bauerfeind GenuTrain med silikonkant gir optimal st\u00f8tte og kompresjon til kneet og muskulaturen, samtidig som den gir bevegelsesfrihet, slik at du fortsatt kan gj\u00f8re de tingene du elsker og drive med idrett med den p\u00e5<\/strong><\/p>\n","protected":false},"featured_media":83495,"comment_status":"closed","ping_status":"closed","template":"","meta":{"_acf_changed":false},"product_brand":[],"product_cat":[1981,2287,2354,1974,1978,1980,1975,1979,1937,1976,1933],"product_tag":[2356],"class_list":{"0":"post-83459","1":"product","2":"type-product","3":"status-publish","4":"has-post-thumbnail","6":"product_cat-artrose-menisk-bruskskade","7":"product_cat-bakerens-cyste","8":"product_cat-bondetamp","9":"product_cat-forstuet-kne","10":"product_cat-knestoetter","11":"product_cat-kollateral-ligamentskade","12":"product_cat-lett-ustabilitet-ustabil","13":"product_cat-menisk-no","14":"product_cat-merkevarer","15":"product_cat-overbelastning-no","16":"product_cat-skinner-og-stoetteskinner","17":"product_tag-bondetamp","19":"first","20":"instock","21":"taxable","22":"shipping-taxable","23":"purchasable","24":"product-type-variable"},"acf":[],"_links":{"self":[{"href":"https:\/\/fysiolab.dk\/no\/wp-json\/wp\/v2\/product\/83459","targetHints":{"allow":["GET"]}}],"collection":[{"href":"https:\/\/fysiolab.dk\/no\/wp-json\/wp\/v2\/product"}],"about":[{"href":"https:\/\/fysiolab.dk\/no\/wp-json\/wp\/v2\/types\/product"}],"replies":[{"embeddable":true,"href":"https:\/\/fysiolab.dk\/no\/wp-json\/wp\/v2\/comments?post=83459"}],"wp:featuredmedia":[{"embeddable":true,"href":"https:\/\/fysiolab.dk\/no\/wp-json\/wp\/v2\/media\/83495"}],"wp:attachment":[{"href":"https:\/\/fysiolab.dk\/no\/wp-json\/wp\/v2\/media?parent=83459"}],"wp:term":[{"taxonomy":"product_brand","embeddable":true,"href":"https:\/\/fysiolab.dk\/no\/wp-json\/wp\/v2\/product_brand?post=83459"},{"taxonomy":"product_cat","embeddable":true,"href":"https:\/\/fysiolab.dk\/no\/wp-json\/wp\/v2\/product_cat?post=83459"},{"taxonomy":"product_tag","embeddable":true,"href":"https:\/\/fysiolab.dk\/no\/wp-json\/wp\/v2\/product_tag?post=83459"}],"curies":[{"name":"wp","href":"https:\/\/api.w.org\/{rel}","templated":true}]}}