{"id":83477,"date":"2023-07-16T14:19:46","date_gmt":"2023-07-16T12:19:46","guid":{"rendered":"https:\/\/fysiolab.dk\/product\/bauerfeind-kneskinne-genutrain-oa\/"},"modified":"2025-12-18T09:21:33","modified_gmt":"2025-12-18T08:21:33","slug":"bauerfeind-kneskinne-genutrain-oa","status":"publish","type":"product","link":"https:\/\/fysiolab.dk\/no\/product\/bauerfeind-kneskinne-genutrain-oa\/","title":{"rendered":"Bauerfeind kneskinne, GenuTrain OA"},"content":{"rendered":"<p>Den nye innovative ortosen fra Bauerfeind er utviklet for den aktive artrosepasienten for daglig bruk og fysisk aktivitet.<\/p>\n<p>GenuTrain OA-kneshorts skiller seg ut fra mengden med en kombinasjon av fleksibel passform, h\u00f8y pusteevne og ikke minst taktil avlastning med smertelindrende effekt.<\/p>\n<p>Med sitt 3-punktssystem er ortosen utviklet for \u00e5 gi ekstra dynamikk i behandlingen av artrose, og den sitter sikkert selv ved raske bevegelser. Ortosen er designet med en fleksibel skinne, dobbel 8-stropp og vevd i et lett 3D-meshmateriale som gj\u00f8r den sv\u00e6rt pustende, samtidig som den optimaliserer sansemotorikken og fremmer naturlig bevegelse. I tillegg er det enkelt \u00e5 justere og dosere avlastningen av de mediale\/laterale leddkamrene ved hjelp av Boa-fit-systemets dreibare tilt.  <\/p>\n<p>Ved medial* artrose plasseres ortosens fleksible skinne p\u00e5 lateral side og motsatt side ved lateral** artrose.<\/p>\n<p align=\"right\">*innvendig\/midtre leddkammer<\/p>\n<p align=\"right\">**ytterside\/ytterste skj\u00f8tekammer<\/p>\n<p><b>Indikasjoner:  <\/b><\/p>\n<ul>\n<li>Medial eller lateral gonartrose<\/li>\n<li>Instabilitet (mediolateral)<\/li>\n<li>Brusk- og beinlesjon i ett kammer<\/li>\n<li>Tilstand etter bruskoperasjon eller bruskoppbygging med n\u00f8dvendig unilateral postoperativ avlastning<\/li>\n<li>Ensidige meniskskader<\/li>\n<li>Aseptisk bennekrose<\/li>\n<li>Disseksjon av osteokondrose<\/li>\n<li>Bone Bruise - ben\u00f8dem i den mediale femurkondylen\/tibiaplat\u00e5et.<\/li>\n<\/ul>\n<p>&nbsp;<\/p>\n<p><b>Fordeler og atferd  <\/b><\/p>\n<p>GenuTrain OA gj\u00f8r det mulig \u00e5 justere avlastningen av den smertefulle knesiden ved hjelp av det innovative avlastnings- og stabiliseringssystemet etter bandasjens 3-punktssystem. P\u00e5 denne m\u00e5ten kan pasienten enkelt dosere graden av avlastning etter behov ved hjelp av den roterende lukningen p\u00e5 Boa Fit-systemet - uten behov for ekstra borrel\u00e5slukninger. Dette gir mer aktivitet takket v\u00e6re minimert vekt og sikker posisjonering av kneet. Den trykkfrie b\u00f8yesonen p\u00e5 baksiden av kneet maksimerer komforten, og GenuTrain OA er behagelig \u00e5 ha p\u00e5 selv over lengre perioder. Det spesielle 3D-meshmaterialet stimulerer sansemotorikken og optimaliserer det naturlige bevegelsesm\u00f8nsteret. I tillegg er bandasjen brukervennlig og enkel \u00e5 ta av og p\u00e5 med de to stroppene \u00f8verst og nederst.     <\/p>\n<p><b>BAUERFEIND PLUS EIENDOMMER<\/b><\/p>\n<ul>\n<li>Enkel h\u00e5ndtering<\/li>\n<li>Hudvennlig og pustende<\/li>\n<li>Verkt\u00f8yfri tilpasning<\/li>\n<li>Behandlingsapp<\/li>\n<\/ul>\n<p>&nbsp;<\/p>\n<p><b>S\u00f8knad:<\/b><\/p>\n<p><i>H\u00f8yre side:<\/i> For medial avlastning; eller for lateral avlastning p\u00e5 venstre ben<\/p>\n<p><i>Venstre side:<\/i> For medial avlastning, eller for lateral avlastning p\u00e5 h\u00f8yre ben<\/p>\n<p>&nbsp;<\/p>\n<p><b>Bruksanvisning:<\/b><\/p>\n<p>- Tilpasning av skinnen til pasientens ben uten bruk av verkt\u00f8y<\/p>\n<p>- Enkel h\u00e5ndtering av Boa Fit-systemet: - \u00e5pne dreielukningen for \u00e5 l\u00f8sne stroppene og ta p\u00e5 eller av ortosen - lukk dreielukningen og vri den for \u00e5 justere smertelindringen.<\/p>\n<p>&nbsp;<\/p>\n<p><img fetchpriority=\"high\" decoding=\"async\" class=\"alignnone wp-image-84641\" src=\"https:\/\/dev.fysiolab.dk\/wp-content\/uploads\/2025\/05\/GenuTrain_OA_EN.jpeg\" alt=\"\" width=\"457\" height=\"258\" title=\"\"><\/p>\n","protected":false},"excerpt":{"rendered":"<p>Den nye innovative ortosen fra Bauerfeind er utviklet for den aktive artrosepasienten for daglig bruk og fysisk aktivitet. GenuTrain OA-kneshorts skiller seg ut fra mengden med en kombinasjon av fleksibel passform, h\u00f8y pusteevne og ikke minst taktil avlastning med smertelindrende effekt. Med sitt 3-punktssystem er ortosen utviklet for \u00e5 gi ekstra dynamikk i behandlingen av [&hellip;]<\/p>\n","protected":false},"featured_media":83518,"comment_status":"closed","ping_status":"closed","template":"","meta":{"_acf_changed":false},"product_brand":[],"product_cat":[2149,2273,2354,2151,2148,2274,1937,1933],"product_tag":[2356],"class_list":{"0":"post-83477","1":"product","2":"type-product","3":"status-publish","4":"has-post-thumbnail","6":"product_cat-alvorlig-ustabilitet-svaert-ustabil-no","7":"product_cat-artrose-menisk-bruskskade-no","8":"product_cat-bondetamp","9":"product_cat-immobiliserende-kneskinner","10":"product_cat-knestoetter-no","11":"product_cat-menisk-no-2","12":"product_cat-merkevarer","13":"product_cat-skinner-og-stoetteskinner","14":"product_tag-bondetamp","16":"first","17":"instock","18":"taxable","19":"shipping-taxable","20":"purchasable","21":"product-type-variable"},"acf":[],"_links":{"self":[{"href":"https:\/\/fysiolab.dk\/no\/wp-json\/wp\/v2\/product\/83477","targetHints":{"allow":["GET"]}}],"collection":[{"href":"https:\/\/fysiolab.dk\/no\/wp-json\/wp\/v2\/product"}],"about":[{"href":"https:\/\/fysiolab.dk\/no\/wp-json\/wp\/v2\/types\/product"}],"replies":[{"embeddable":true,"href":"https:\/\/fysiolab.dk\/no\/wp-json\/wp\/v2\/comments?post=83477"}],"wp:featuredmedia":[{"embeddable":true,"href":"https:\/\/fysiolab.dk\/no\/wp-json\/wp\/v2\/media\/83518"}],"wp:attachment":[{"href":"https:\/\/fysiolab.dk\/no\/wp-json\/wp\/v2\/media?parent=83477"}],"wp:term":[{"taxonomy":"product_brand","embeddable":true,"href":"https:\/\/fysiolab.dk\/no\/wp-json\/wp\/v2\/product_brand?post=83477"},{"taxonomy":"product_cat","embeddable":true,"href":"https:\/\/fysiolab.dk\/no\/wp-json\/wp\/v2\/product_cat?post=83477"},{"taxonomy":"product_tag","embeddable":true,"href":"https:\/\/fysiolab.dk\/no\/wp-json\/wp\/v2\/product_tag?post=83477"}],"curies":[{"name":"wp","href":"https:\/\/api.w.org\/{rel}","templated":true}]}}