{"id":83496,"date":"2023-07-16T14:20:57","date_gmt":"2023-07-16T12:20:57","guid":{"rendered":"https:\/\/fysiolab.dk\/product\/donjoy-flexion-extension-stop-kit\/"},"modified":"2025-12-18T09:21:33","modified_gmt":"2025-12-18T08:21:33","slug":"donjoy-flexion-extension-stop-kit","status":"publish","type":"product","link":"https:\/\/fysiolab.dk\/no\/product\/donjoy-flexion-extension-stop-kit\/","title":{"rendered":"DonJoy Flexion\/Extension Stop Kit"},"content":{"rendered":"<p>Flexjons- og ekstensjonsstoppsettet fra Don Joy brukes til \u00e5 justere bevegelsesomr\u00e5det i de hengslede knest\u00f8ttemodellene fra DonJoy. Settet inneholder: <\/p>\n<p><strong>0,20,30,40 grader forlengelsesstopp<\/strong><\/p>\n<p><strong>45,60,75,90 grader b\u00f8yestopp<\/strong><\/p>\n<p>Kan brukes til alle stive skinner og Playmaker II med firepunkt<\/p>\n","protected":false},"excerpt":{"rendered":"<p>Flexjons- og ekstensjonsstoppsettet fra Don Joy brukes til \u00e5 justere bevegelsesomr\u00e5det i de hengslede knest\u00f8ttemodellene fra DonJoy. Settet inneholder: <\/p>\n<p><strong>0,20,30,40 grader forlengelsesstopp<\/strong><\/p>\n<p><strong>45,60,75,90 grader b\u00f8yestopp<\/strong><\/p>\n","protected":false},"featured_media":83524,"comment_status":"closed","ping_status":"closed","template":"","meta":{"_acf_changed":false},"product_brand":[],"product_cat":[1938,2148,1937,1933,2165],"product_tag":[2173],"class_list":{"0":"post-83496","1":"product","2":"type-product","3":"status-publish","4":"has-post-thumbnail","6":"product_cat-donjoy-no","7":"product_cat-knestoetter-no","8":"product_cat-merkevarer","9":"product_cat-skinner-og-stoetteskinner","10":"product_cat-tilbehoer-ekstrautstyr-til-kneskinner","11":"product_tag-donjoy-no","13":"first","14":"instock","15":"taxable","16":"shipping-taxable","17":"purchasable","18":"product-type-simple"},"acf":[],"_links":{"self":[{"href":"https:\/\/fysiolab.dk\/no\/wp-json\/wp\/v2\/product\/83496","targetHints":{"allow":["GET"]}}],"collection":[{"href":"https:\/\/fysiolab.dk\/no\/wp-json\/wp\/v2\/product"}],"about":[{"href":"https:\/\/fysiolab.dk\/no\/wp-json\/wp\/v2\/types\/product"}],"replies":[{"embeddable":true,"href":"https:\/\/fysiolab.dk\/no\/wp-json\/wp\/v2\/comments?post=83496"}],"wp:featuredmedia":[{"embeddable":true,"href":"https:\/\/fysiolab.dk\/no\/wp-json\/wp\/v2\/media\/83524"}],"wp:attachment":[{"href":"https:\/\/fysiolab.dk\/no\/wp-json\/wp\/v2\/media?parent=83496"}],"wp:term":[{"taxonomy":"product_brand","embeddable":true,"href":"https:\/\/fysiolab.dk\/no\/wp-json\/wp\/v2\/product_brand?post=83496"},{"taxonomy":"product_cat","embeddable":true,"href":"https:\/\/fysiolab.dk\/no\/wp-json\/wp\/v2\/product_cat?post=83496"},{"taxonomy":"product_tag","embeddable":true,"href":"https:\/\/fysiolab.dk\/no\/wp-json\/wp\/v2\/product_tag?post=83496"}],"curies":[{"name":"wp","href":"https:\/\/api.w.org\/{rel}","templated":true}]}}