{"id":83523,"date":"2023-07-16T14:19:22","date_gmt":"2023-07-16T12:19:22","guid":{"rendered":"https:\/\/fysiolab.dk\/product\/donjoy-procare-chieftain-armslynge\/"},"modified":"2025-12-18T09:21:33","modified_gmt":"2025-12-18T08:21:33","slug":"donjoy-procare-chieftain-armslynge","status":"publish","type":"product","link":"https:\/\/fysiolab.dk\/no\/product\/donjoy-procare-chieftain-armslynge\/","title":{"rendered":"DonJoy Procare Chieftain armslynge"},"content":{"rendered":"<p>Perfekt armslynge fra ProCare for den \u00f8delagte armen. Tommelstropp forhindrer at h\u00e5nden faller ned. Laget av pustende Tietex-meshstoff med borrel\u00e5sfeste.  <\/p>\n<p><strong>St\u00f8rrelse: (Dybde\/lengde) Lengden m\u00e5les fra albue til h\u00e5ndledd<\/strong><\/p>\n<p><a href=\"https:\/\/dev.fysiolab.dk\/wp-content\/uploads\/2025\/05\/A3.png\"><img fetchpriority=\"high\" decoding=\"async\" class=\"alignnone size-medium wp-image-202393407\" src=\"https:\/\/dev.fysiolab.dk\/wp-content\/uploads\/2025\/05\/A3-300x169.png\" alt=\"\" width=\"300\" height=\"169\" title=\"\"><\/a><\/p>\n<p><strong>XS: 16,5 x 33 cm<\/strong><\/p>\n<p><strong>S: 18 x 40,5 cm<\/strong><\/p>\n<p><strong>M: 19 x 43 cm<\/strong><\/p>\n<p><strong>L: 20 x 49,5 cm<\/strong><\/p>\n<p><strong>XL: 21,5 x 54,5 cm<\/strong><\/p>\n","protected":false},"excerpt":{"rendered":"<p><strong>Skulderslynge anbefales for immobilisering av skulder, albue, h\u00e5nd og h\u00e5ndledd<\/strong><\/p>\n<p> https:\/\/www.youtube.com\/watch?v=S2CDYE3hwRE<\/p>\n","protected":false},"featured_media":83531,"comment_status":"closed","ping_status":"closed","template":"","meta":{"_acf_changed":false},"product_brand":[],"product_cat":[1932,2249,2250,2092,2123,2270,1938,2499,2269,2252,2251,1937,2000,2259,1933,2118],"product_tag":[2264],"class_list":{"0":"post-83523","1":"product","2":"type-product","3":"status-publish","4":"has-post-thumbnail","6":"product_cat-albue-no","7":"product_cat-avklemmingssyndrom","8":"product_cat-bicepsruptur-no","9":"product_cat-brudd-i-albuen","10":"product_cat-brudd-og-etter-operasjon-i-skulderen","11":"product_cat-brudd-paa-kragebeinet-kragebeinsbrudd","12":"product_cat-donjoy-no","13":"product_cat-donjoy-armslynge-no","14":"product_cat-forstuet-skulder","15":"product_cat-immobilisering-av-albuen","16":"product_cat-instabilitet-ustabil-skulder-skuldersmerter-no","17":"product_cat-merkevarer","18":"product_cat-procare-no","19":"product_cat-procare-armslynge-no","20":"product_cat-skinner-og-stoetteskinner","21":"product_cat-skulder-no","22":"product_tag-procare-no","24":"first","25":"instock","26":"taxable","27":"shipping-taxable","28":"purchasable","29":"product-type-variable"},"acf":[],"_links":{"self":[{"href":"https:\/\/fysiolab.dk\/no\/wp-json\/wp\/v2\/product\/83523","targetHints":{"allow":["GET"]}}],"collection":[{"href":"https:\/\/fysiolab.dk\/no\/wp-json\/wp\/v2\/product"}],"about":[{"href":"https:\/\/fysiolab.dk\/no\/wp-json\/wp\/v2\/types\/product"}],"replies":[{"embeddable":true,"href":"https:\/\/fysiolab.dk\/no\/wp-json\/wp\/v2\/comments?post=83523"}],"wp:featuredmedia":[{"embeddable":true,"href":"https:\/\/fysiolab.dk\/no\/wp-json\/wp\/v2\/media\/83531"}],"wp:attachment":[{"href":"https:\/\/fysiolab.dk\/no\/wp-json\/wp\/v2\/media?parent=83523"}],"wp:term":[{"taxonomy":"product_brand","embeddable":true,"href":"https:\/\/fysiolab.dk\/no\/wp-json\/wp\/v2\/product_brand?post=83523"},{"taxonomy":"product_cat","embeddable":true,"href":"https:\/\/fysiolab.dk\/no\/wp-json\/wp\/v2\/product_cat?post=83523"},{"taxonomy":"product_tag","embeddable":true,"href":"https:\/\/fysiolab.dk\/no\/wp-json\/wp\/v2\/product_tag?post=83523"}],"curies":[{"name":"wp","href":"https:\/\/api.w.org\/{rel}","templated":true}]}}