{"id":83532,"date":"2023-07-16T14:18:30","date_gmt":"2023-07-16T12:18:30","guid":{"rendered":"https:\/\/fysiolab.dk\/product\/bauerfeind-globotec-comfort-sport-run-saale\/"},"modified":"2025-12-18T09:21:34","modified_gmt":"2025-12-18T08:21:34","slug":"bauerfeind-globotec-comfort-sport-run-saale","status":"publish","type":"product","link":"https:\/\/fysiolab.dk\/no\/product\/bauerfeind-globotec-comfort-sport-run-saale\/","title":{"rendered":"Bauerfeind Globotec Comfort Sport Run, s\u00e5le"},"content":{"rendered":"<p>Inners\u00e5len fra tyske Bauerfeind er spesialdesignet for den aktive idrettsut\u00f8veren og er perfekt for idretter som involverer l\u00f8ping, retningsforandring og hopping. Den unike designen bidrar til \u00e5 st\u00f8tte fotbuen, avlaste leddene og lindre smerter i kn\u00e6r, rygg og hofter.  Bunnen av s\u00e5len er sklisikker. S\u00e5len kan v\u00e6re den rette l\u00f8sningen for deg som lider av smerter, \u00f8mhet eller tretthet i f\u00f8tter eller ben under fysisk aktivitet. S\u00e5len kan tilpasses ved oppvarming.  <\/p>\n<ul>\n<li>Gir st\u00f8tte rundt h\u00e6len og hamstringen<\/li>\n<li>Anbefales for bruk hvis du har en irritert h\u00e6lpute eller svangsenen<\/li>\n<li>Kan lindre smerter i f\u00f8tter, kn\u00e6r, rygg og hofter<\/li>\n<li>Individuelt tilpassbar ved hjelp av oppvarming<\/li>\n<li>Sklisikkert underlag<\/li>\n<\/ul>\n","protected":false},"excerpt":{"rendered":"<p><strong>Bauerfeind innleggss\u00e5ler er spesialdesignet for aktive idrettsut\u00f8vere og er perfekte for idretter som inneb\u00e6rer l\u00f8ping, retningsforandringer og hopping.<\/strong><\/p>\n","protected":false},"featured_media":81895,"comment_status":"closed","ping_status":"closed","template":"","meta":{"_acf_changed":false},"product_brand":[],"product_cat":[2589,2354,2057,2588,2056,1948,1937,1998,2003,1933,1994,1999],"product_tag":[2356],"class_list":{"0":"post-83532","1":"product","2":"type-product","3":"status-publish","4":"has-post-thumbnail","6":"product_cat-bauerfeind-saaler-no","7":"product_cat-bondetamp","8":"product_cat-flatfot","9":"product_cat-innersaaler","10":"product_cat-innsunket-forfot-no","11":"product_cat-klinikk","12":"product_cat-merkevarer","13":"product_cat-plantar-facitis-no-2","14":"product_cat-saaler-og-fotpleie","15":"product_cat-skinner-og-stoetteskinner","16":"product_cat-sko-og-saaler-no","17":"product_cat-stoetabsorberende-fottoey","18":"product_tag-bondetamp","20":"first","21":"instock","22":"taxable","23":"shipping-taxable","24":"purchasable","25":"product-type-variable"},"acf":[],"_links":{"self":[{"href":"https:\/\/fysiolab.dk\/no\/wp-json\/wp\/v2\/product\/83532","targetHints":{"allow":["GET"]}}],"collection":[{"href":"https:\/\/fysiolab.dk\/no\/wp-json\/wp\/v2\/product"}],"about":[{"href":"https:\/\/fysiolab.dk\/no\/wp-json\/wp\/v2\/types\/product"}],"replies":[{"embeddable":true,"href":"https:\/\/fysiolab.dk\/no\/wp-json\/wp\/v2\/comments?post=83532"}],"wp:featuredmedia":[{"embeddable":true,"href":"https:\/\/fysiolab.dk\/no\/wp-json\/wp\/v2\/media\/81895"}],"wp:attachment":[{"href":"https:\/\/fysiolab.dk\/no\/wp-json\/wp\/v2\/media?parent=83532"}],"wp:term":[{"taxonomy":"product_brand","embeddable":true,"href":"https:\/\/fysiolab.dk\/no\/wp-json\/wp\/v2\/product_brand?post=83532"},{"taxonomy":"product_cat","embeddable":true,"href":"https:\/\/fysiolab.dk\/no\/wp-json\/wp\/v2\/product_cat?post=83532"},{"taxonomy":"product_tag","embeddable":true,"href":"https:\/\/fysiolab.dk\/no\/wp-json\/wp\/v2\/product_tag?post=83532"}],"curies":[{"name":"wp","href":"https:\/\/api.w.org\/{rel}","templated":true}]}}