{"id":83562,"date":"2023-07-16T14:17:39","date_gmt":"2023-07-16T12:17:39","guid":{"rendered":"https:\/\/fysiolab.dk\/product\/bauerfeind-saale-globotec-comfort-sport-fotball\/"},"modified":"2025-12-18T09:21:34","modified_gmt":"2025-12-18T08:21:34","slug":"bauerfeind-saale-globotec-comfort-sport-fotball","status":"publish","type":"product","link":"https:\/\/fysiolab.dk\/no\/product\/bauerfeind-saale-globotec-comfort-sport-fotball\/","title":{"rendered":"Bauerfeind s\u00e5le Globotec Comfort Sport Fotball"},"content":{"rendered":"<p>Denne innleggss\u00e5len er et godt valg hvis du er p\u00e5 utkikk etter s\u00e5ler til fotballskoene dine. S\u00e5len er lett, har en stabiliserende effekt p\u00e5 hele foten og \u00f8ker komforten i fotballst\u00f8vlene dine. S\u00e5len har et PE-lag p\u00e5 overflaten som gj\u00f8r den sv\u00e6rt st\u00f8tdempende og sikrer f\u00f8ttene dine gjennom hele kampen. S\u00e5len kan formes etter behov. Alt du trenger \u00e5 gj\u00f8re er \u00e5 varme opp s\u00e5len til 110 \u00b0C.    <\/p>\n<p>Vi anbefaler innleggss\u00e5len hvis du opplever noen av f\u00f8lgende problemer i forbindelse med fotball:<\/p>\n<ul>\n<li>S\u00e5r h\u00e6lpute<\/li>\n<li>h\u00e6lspore<\/li>\n<li>\u00d8mme f\u00f8tter i forbindelse med fotball<\/li>\n<li>Irritert akillessene<\/li>\n<li>\u00d8mhet i forfoten<\/li>\n<\/ul>\n<p>S\u00e5len kan ogs\u00e5 brukes til sportssko der skomodellen er smal og trang<\/p>\n<p><strong>Tilpasning av s\u00e5len:<\/strong><\/p>\n<ul>\n<li><strong>20-30 sekunder ved 110 \u00b0C, og s\u00e5len kan formes litt\/delvis<\/strong><\/li>\n<li><strong>1- 2 minutter ved 110 \u00b0C, og s\u00e5len kan st\u00f8pes helt ferdig<\/strong><\/li>\n<li><strong>Etterp\u00e5 kan du slipe eventuelle kanter etter behov<\/strong><\/li>\n<\/ul>\n","protected":false},"excerpt":{"rendered":"<p><strong>Denne innleggss\u00e5len er et godt valg hvis du er p\u00e5 utkikk etter s\u00e5ler til fotballst\u00f8vlene dine. S\u00e5len er lett, har en stabiliserende effekt p\u00e5 hele foten og \u00f8ker komforten i fotballst\u00f8vlene dine. <\/strong><\/p>\n","protected":false},"featured_media":81906,"comment_status":"closed","ping_status":"closed","template":"","meta":{"_acf_changed":false},"product_brand":[],"product_cat":[2589,2354,2057,2588,2056,1948,1937,1998,2003,1933,1994,1999],"product_tag":[2356],"class_list":{"0":"post-83562","1":"product","2":"type-product","3":"status-publish","4":"has-post-thumbnail","6":"product_cat-bauerfeind-saaler-no","7":"product_cat-bondetamp","8":"product_cat-flatfot","9":"product_cat-innersaaler","10":"product_cat-innsunket-forfot-no","11":"product_cat-klinikk","12":"product_cat-merkevarer","13":"product_cat-plantar-facitis-no-2","14":"product_cat-saaler-og-fotpleie","15":"product_cat-skinner-og-stoetteskinner","16":"product_cat-sko-og-saaler-no","17":"product_cat-stoetabsorberende-fottoey","18":"product_tag-bondetamp","20":"first","21":"instock","22":"taxable","23":"shipping-taxable","24":"purchasable","25":"product-type-variable"},"acf":[],"_links":{"self":[{"href":"https:\/\/fysiolab.dk\/no\/wp-json\/wp\/v2\/product\/83562","targetHints":{"allow":["GET"]}}],"collection":[{"href":"https:\/\/fysiolab.dk\/no\/wp-json\/wp\/v2\/product"}],"about":[{"href":"https:\/\/fysiolab.dk\/no\/wp-json\/wp\/v2\/types\/product"}],"replies":[{"embeddable":true,"href":"https:\/\/fysiolab.dk\/no\/wp-json\/wp\/v2\/comments?post=83562"}],"wp:featuredmedia":[{"embeddable":true,"href":"https:\/\/fysiolab.dk\/no\/wp-json\/wp\/v2\/media\/81906"}],"wp:attachment":[{"href":"https:\/\/fysiolab.dk\/no\/wp-json\/wp\/v2\/media?parent=83562"}],"wp:term":[{"taxonomy":"product_brand","embeddable":true,"href":"https:\/\/fysiolab.dk\/no\/wp-json\/wp\/v2\/product_brand?post=83562"},{"taxonomy":"product_cat","embeddable":true,"href":"https:\/\/fysiolab.dk\/no\/wp-json\/wp\/v2\/product_cat?post=83562"},{"taxonomy":"product_tag","embeddable":true,"href":"https:\/\/fysiolab.dk\/no\/wp-json\/wp\/v2\/product_tag?post=83562"}],"curies":[{"name":"wp","href":"https:\/\/api.w.org\/{rel}","templated":true}]}}