{"id":83563,"date":"2023-07-16T14:12:48","date_gmt":"2023-07-16T12:12:48","guid":{"rendered":"https:\/\/fysiolab.dk\/product\/bauerfeind-saale-ergopad-redux-hallux\/"},"modified":"2025-12-18T09:21:35","modified_gmt":"2025-12-18T08:21:35","slug":"bauerfeind-saale-ergopad-redux-hallux","status":"publish","type":"product","link":"https:\/\/fysiolab.dk\/no\/product\/bauerfeind-saale-ergopad-redux-hallux\/","title":{"rendered":"Bauerfeind s\u00e5le Ergopad Redux Hallux"},"content":{"rendered":"<p>Lider du av en vond fotvorte, smerter eller stivhet i leddene i storet\u00e5en? Da er den medisinske innleggss\u00e5len fra Bauerfeind det riktige valget for deg. Ergopad Redux Hallux innleggss\u00e5le settes inn i det daglige fott\u00f8yet ditt. S\u00e5len er hard og stiv i storet\u00e5leddet og p\u00e5 forsiden av foten. Dette vil redusere trykket i omr\u00e5det rundt fotballen. Resultatet er at du vil oppleve mindre smerte. Den opprinnelige s\u00e5len p\u00e5 fott\u00f8yet ditt fjernes, og Ergopad Redux Hallux-s\u00e5len settes inn i stedet. Du vil n\u00e5 oppleve mindre smerte og \u00f8mhet i storet\u00e5en, og en mer aktiv hverdag er n\u00e5 mulig. Du kan kj\u00f8pe s\u00e5len med forsterkninger p\u00e5 h\u00f8yre, venstre eller begge sider. Valget er opp til deg og dine behov. Vi leverer l\u00f8sningen og st\u00e5r alltid klare med hjelp og veiledning.          <\/p>\n","protected":false},"excerpt":{"rendered":"<p><strong>S\u00e5len fra Bauerfeind er av topp kvalitet. Anbefales for de som har smerter fra storet\u00e5ens basis og hallux valgus <\/strong><\/p>\n","protected":false},"featured_media":81875,"comment_status":"closed","ping_status":"closed","template":"","meta":{"_acf_changed":false},"product_brand":[],"product_cat":[1992,2589,2354,2057,2516,1996,2588,2056,2054,1948,1937,1998,1997,2003,1933,1994,1999],"product_tag":[2356],"class_list":{"0":"post-83563","1":"product","2":"type-product","3":"status-publish","4":"has-post-thumbnail","6":"product_cat-ankelskinne","7":"product_cat-bauerfeind-saaler-no","8":"product_cat-bondetamp","9":"product_cat-flatfot","10":"product_cat-flatfot-no","11":"product_cat-haelspore-no","12":"product_cat-innersaaler","13":"product_cat-innsunket-forfot-no","14":"product_cat-innsunket-forfot","15":"product_cat-klinikk","16":"product_cat-merkevarer","17":"product_cat-plantar-facitis-no-2","18":"product_cat-plantar-facitis-no","19":"product_cat-saaler-og-fotpleie","20":"product_cat-skinner-og-stoetteskinner","21":"product_cat-sko-og-saaler-no","22":"product_cat-stoetabsorberende-fottoey","23":"product_tag-bondetamp","25":"first","26":"instock","27":"taxable","28":"shipping-taxable","29":"purchasable","30":"product-type-variable"},"acf":[],"_links":{"self":[{"href":"https:\/\/fysiolab.dk\/no\/wp-json\/wp\/v2\/product\/83563","targetHints":{"allow":["GET"]}}],"collection":[{"href":"https:\/\/fysiolab.dk\/no\/wp-json\/wp\/v2\/product"}],"about":[{"href":"https:\/\/fysiolab.dk\/no\/wp-json\/wp\/v2\/types\/product"}],"replies":[{"embeddable":true,"href":"https:\/\/fysiolab.dk\/no\/wp-json\/wp\/v2\/comments?post=83563"}],"wp:featuredmedia":[{"embeddable":true,"href":"https:\/\/fysiolab.dk\/no\/wp-json\/wp\/v2\/media\/81875"}],"wp:attachment":[{"href":"https:\/\/fysiolab.dk\/no\/wp-json\/wp\/v2\/media?parent=83563"}],"wp:term":[{"taxonomy":"product_brand","embeddable":true,"href":"https:\/\/fysiolab.dk\/no\/wp-json\/wp\/v2\/product_brand?post=83563"},{"taxonomy":"product_cat","embeddable":true,"href":"https:\/\/fysiolab.dk\/no\/wp-json\/wp\/v2\/product_cat?post=83563"},{"taxonomy":"product_tag","embeddable":true,"href":"https:\/\/fysiolab.dk\/no\/wp-json\/wp\/v2\/product_tag?post=83563"}],"curies":[{"name":"wp","href":"https:\/\/api.w.org\/{rel}","templated":true}]}}