{"id":83675,"date":"2023-07-16T14:14:47","date_gmt":"2023-07-16T12:14:47","guid":{"rendered":"https:\/\/fysiolab.dk\/product\/bauerfeind-saale-globotec-comfort-for-slitne-foetter\/"},"modified":"2025-12-18T09:21:35","modified_gmt":"2025-12-18T08:21:35","slug":"bauerfeind-saale-globotec-comfort-for-slitne-foetter","status":"publish","type":"product","link":"https:\/\/fysiolab.dk\/no\/product\/bauerfeind-saale-globotec-comfort-for-slitne-foetter\/","title":{"rendered":"Bauerfeind-s\u00e5le Globotec Comfort for slitne f\u00f8tter"},"content":{"rendered":"<p>Bauerfeind Globotec har ikke f\u00e5tt kallenavnet \"for trette f\u00f8tter\" for ingenting. S\u00e5len er utformet slik at den l\u00f8fter fotbuen og bidrar til \u00e5 avlaste fotknoklene og de sm\u00e5 musklene mellom dem. S\u00e5len har ogs\u00e5 en positiv effekt p\u00e5 kn\u00e6r, hofter og korsrygg. S\u00e5len anbefales ved plattfot, irritasjon i svangsenen og n\u00e5r du \u00f8nsker \u00e5 avlaste f\u00f8ttene n\u00e5r du g\u00e5r og st\u00e5r.   <\/p>\n","protected":false},"excerpt":{"rendered":"<p><strong>Bauerfeind Globotec har ikke f\u00e5tt kallenavnet \"for trette f\u00f8tter\" for ingenting. S\u00e5len er designet for \u00e5 l\u00f8fte fotbuen og bidra til \u00e5 avlaste trykket p\u00e5 fotknoklene og de sm\u00e5 musklene mellom dem.   <\/strong><\/p>\n","protected":false},"featured_media":83709,"comment_status":"closed","ping_status":"closed","template":"","meta":{"_acf_changed":false},"product_brand":[],"product_cat":[1992,2589,2354,2516,2057,1996,2588,2056,2054,1948,1937,1998,1997,2003,1933,1994,2055,1995,1999],"product_tag":[2356],"class_list":{"0":"post-83675","1":"product","2":"type-product","3":"status-publish","4":"has-post-thumbnail","6":"product_cat-ankelskinne","7":"product_cat-bauerfeind-saaler-no","8":"product_cat-bondetamp","9":"product_cat-flatfot-no","10":"product_cat-flatfot","11":"product_cat-haelspore-no","12":"product_cat-innersaaler","13":"product_cat-innsunket-forfot-no","14":"product_cat-innsunket-forfot","15":"product_cat-klinikk","16":"product_cat-merkevarer","17":"product_cat-plantar-facitis-no-2","18":"product_cat-plantar-facitis-no","19":"product_cat-saaler-og-fotpleie","20":"product_cat-skinner-og-stoetteskinner","21":"product_cat-sko-og-saaler-no","22":"product_cat-smerter-i-fotbuen","23":"product_cat-smerter-i-haelen","24":"product_cat-stoetabsorberende-fottoey","25":"product_tag-bondetamp","27":"first","28":"instock","29":"taxable","30":"shipping-taxable","31":"purchasable","32":"product-type-variable"},"acf":[],"_links":{"self":[{"href":"https:\/\/fysiolab.dk\/no\/wp-json\/wp\/v2\/product\/83675","targetHints":{"allow":["GET"]}}],"collection":[{"href":"https:\/\/fysiolab.dk\/no\/wp-json\/wp\/v2\/product"}],"about":[{"href":"https:\/\/fysiolab.dk\/no\/wp-json\/wp\/v2\/types\/product"}],"replies":[{"embeddable":true,"href":"https:\/\/fysiolab.dk\/no\/wp-json\/wp\/v2\/comments?post=83675"}],"wp:featuredmedia":[{"embeddable":true,"href":"https:\/\/fysiolab.dk\/no\/wp-json\/wp\/v2\/media\/83709"}],"wp:attachment":[{"href":"https:\/\/fysiolab.dk\/no\/wp-json\/wp\/v2\/media?parent=83675"}],"wp:term":[{"taxonomy":"product_brand","embeddable":true,"href":"https:\/\/fysiolab.dk\/no\/wp-json\/wp\/v2\/product_brand?post=83675"},{"taxonomy":"product_cat","embeddable":true,"href":"https:\/\/fysiolab.dk\/no\/wp-json\/wp\/v2\/product_cat?post=83675"},{"taxonomy":"product_tag","embeddable":true,"href":"https:\/\/fysiolab.dk\/no\/wp-json\/wp\/v2\/product_tag?post=83675"}],"curies":[{"name":"wp","href":"https:\/\/api.w.org\/{rel}","templated":true}]}}