{"id":83682,"date":"2023-07-16T14:12:47","date_gmt":"2023-07-16T12:12:47","guid":{"rendered":"https:\/\/fysiolab.dk\/product\/don-joy-krykker-barn-eller-voksen\/"},"modified":"2025-12-18T09:21:36","modified_gmt":"2025-12-18T08:21:36","slug":"don-joy-krykker-barn-eller-voksen","status":"publish","type":"product","link":"https:\/\/fysiolab.dk\/no\/product\/don-joy-krykker-barn-eller-voksen\/","title":{"rendered":"Don Joy krykker, barn eller voksen"},"content":{"rendered":"<p>Voksne: Don Joy krykker til bruk etter operasjon eller skade. Krykkene er justerbare (h\u00e5ndtak til gulv) fra 74-96 cm, med 2 cm intervaller, og har en belastningskapasitet p\u00e5 150 kg. Husk \u00e5 kontrollere at metallpinnen har g\u00e5tt gjennom begge r\u00f8rene p\u00e5 krykken f\u00f8r bruk. H\u00e5ndtaket er laget av polypropylen.<\/p>\n<p> Barn: Krykker fra Don Joy som brukes etter operasjon eller skade. Krykkene er justerbare (h\u00e5ndtak til gulv) fra 55-77 cm og har en belastningskapasitet p\u00e5 100 kg.<\/p>\n<p> Selges enkeltvis eller i par og finnes til b\u00e5de barn og voksne.<\/p>\n<p><strong>Merk. Fargen p\u00e5 krykkene til barn kan variere.<\/strong><\/p>\n","protected":false},"excerpt":{"rendered":"<p>Voksen- eller barnekrykke med justerbar h\u00f8yde.<\/p>\n","protected":false},"featured_media":83713,"comment_status":"closed","ping_status":"closed","template":"","meta":{"_acf_changed":false},"product_brand":[],"product_cat":[2079,2262,2074,1992,2101,2080,2039,2104,2105,1938,2266,2106,2145,1977,1942,1974,2107,2503,2050,1978,1937,2617,2032,1941,1933,1994,2081,2035],"product_tag":[2173],"class_list":{"0":"post-83682","1":"product","2":"type-product","3":"status-publish","4":"has-post-thumbnail","6":"product_cat-akillesseneruptur-ruptur-av-akillessenen","7":"product_cat-akutte-smerter-i-ankelen","8":"product_cat-ankelforstuing","9":"product_cat-ankelskinne","10":"product_cat-beskyttelse-av-gips","11":"product_cat-brudd-i-underbenet-brudd-i-tibia","12":"product_cat-brudd-og-smerter-i-foten-benbrudd-i-foten","13":"product_cat-brukket-ben-gipset-benbeskyttelse-donjoy-protection-cover","14":"product_cat-brukket-ben-barn-gipset-beskyttelsesben-for-barn","15":"product_cat-donjoy-no","16":"product_cat-donjoy-ankelskinne-no","17":"product_cat-donjoy-gipsbeskyttelse-no","18":"product_cat-donjoy-kneskinne","19":"product_cat-donjoy-knestoette","20":"product_cat-foerstehjelp","21":"product_cat-forstuet-kne","22":"product_cat-fraktur-og-etter-kneoperasjon-postoperativ","23":"product_cat-gaardsplass","24":"product_cat-gaastoevel-for-barn-brutt-skinneben-brudd-og-fotsmerter-hos-barn","25":"product_cat-knestoetter","26":"product_cat-merkevarer","27":"product_cat-postoperativ","28":"product_cat-postoperativt-fottoey","29":"product_cat-rekonvalesens-og-sportspleie","30":"product_cat-skinner-og-stoetteskinner","31":"product_cat-sko-og-saaler-no","32":"product_cat-tilbehoer","33":"product_cat-walkerstoevler-og-tilbehoer","34":"product_tag-donjoy-no","36":"first","37":"instock","38":"taxable","39":"shipping-taxable","40":"purchasable","41":"product-type-variable"},"acf":[],"_links":{"self":[{"href":"https:\/\/fysiolab.dk\/no\/wp-json\/wp\/v2\/product\/83682","targetHints":{"allow":["GET"]}}],"collection":[{"href":"https:\/\/fysiolab.dk\/no\/wp-json\/wp\/v2\/product"}],"about":[{"href":"https:\/\/fysiolab.dk\/no\/wp-json\/wp\/v2\/types\/product"}],"replies":[{"embeddable":true,"href":"https:\/\/fysiolab.dk\/no\/wp-json\/wp\/v2\/comments?post=83682"}],"wp:featuredmedia":[{"embeddable":true,"href":"https:\/\/fysiolab.dk\/no\/wp-json\/wp\/v2\/media\/83713"}],"wp:attachment":[{"href":"https:\/\/fysiolab.dk\/no\/wp-json\/wp\/v2\/media?parent=83682"}],"wp:term":[{"taxonomy":"product_brand","embeddable":true,"href":"https:\/\/fysiolab.dk\/no\/wp-json\/wp\/v2\/product_brand?post=83682"},{"taxonomy":"product_cat","embeddable":true,"href":"https:\/\/fysiolab.dk\/no\/wp-json\/wp\/v2\/product_cat?post=83682"},{"taxonomy":"product_tag","embeddable":true,"href":"https:\/\/fysiolab.dk\/no\/wp-json\/wp\/v2\/product_tag?post=83682"}],"curies":[{"name":"wp","href":"https:\/\/api.w.org\/{rel}","templated":true}]}}