{"id":83724,"date":"2023-07-16T14:11:12","date_gmt":"2023-07-16T12:11:12","guid":{"rendered":"https:\/\/fysiolab.dk\/product\/donjoy-kneskinne-oa-reaction-knee\/"},"modified":"2025-12-18T09:21:36","modified_gmt":"2025-12-18T08:21:36","slug":"donjoy-kneskinne-oa-reaction-knee","status":"publish","type":"product","link":"https:\/\/fysiolab.dk\/no\/product\/donjoy-kneskinne-oa-reaction-knee\/","title":{"rendered":"DonJoy kneskinne, OA Reaction Knee"},"content":{"rendered":"<p><b>OA Reaksjon kne<\/b><\/p>\n<p><b><\/b>Don Joy-knest\u00f8tten kan hjelpe deg med \u00e5 holde deg komfortabel og aktiv til tross for artrose<\/p>\n<p>OA Reaction Knee er det perfekte valget for mild til moderat unikompartmental artrose. Knest\u00f8tten er konstruert i henhold til en patentert silikonkonstruksjon fra Donjoy, som sikrer god stabilitet for kneet samtidig som det ber\u00f8rte leddkammeret avlastes gjennom aluminiumsst\u00f8tten. <\/p>\n<p><b>Funksjoner og egenskaper  <\/b><\/p>\n<p>- Det perfekte valget for et kompromiss mellom den myke og den stive ortosen.<\/p>\n<p>- Justerer varus\/valgus-belastning (opptil 6 grader)<\/p>\n<p>- Tynn og fleksibel design som kan b\u00e6res komfortabelt under kl\u00e6rne.<\/p>\n<p>- Patentert silikonkonstruksjon stabiliserer og avlaster trykket p\u00e5 knesk\u00e5len<\/p>\n<p><b>St\u00f8rrelse<\/b><\/p>\n<p>L\u00e5rets omkrets m\u00e5les 15 cm over midten av patella (knesk\u00e5len)<\/p>\n<p>XS = 33-39 cm<\/p>\n<p>S = 39-47 cm<\/p>\n<p>M = 47-53 cm<\/p>\n<p>L = 53-60 cm<\/p>\n<p>XL = 60-67 cm<\/p>\n<p>XXL = 67-75 cm<\/p>\n<p>XXXL = 75-81 cm<\/p>\n<p>Medial = innvendig<\/p>\n<p>Lateral = utsiden<\/p>\n<p>Type skinne velges etter hvilket leddkammer som skal avlastes.<\/p>\n","protected":false},"excerpt":{"rendered":"<p>OA Reaksjon kne Don Joy-knest\u00f8tten kan hjelpe deg med \u00e5 holde deg komfortabel og aktiv til tross for artrose OA Reaction Knee er det perfekte valget for mild til moderat unikompartmental artrose. Knest\u00f8tten er konstruert i henhold til en patentert silikonkonstruksjon fra Donjoy, som sikrer god stabilitet for kneet samtidig som det ber\u00f8rte leddkammeret avlastes [&hellip;]<\/p>\n","protected":false},"featured_media":83787,"comment_status":"closed","ping_status":"closed","template":"","meta":{"_acf_changed":false},"product_brand":[],"product_cat":[2273,1938,2145,1977,2148,1937,1970,1933],"product_tag":[2173],"class_list":{"0":"post-83724","1":"product","2":"type-product","3":"status-publish","4":"has-post-thumbnail","6":"product_cat-artrose-menisk-bruskskade-no","7":"product_cat-donjoy-no","8":"product_cat-donjoy-kneskinne","9":"product_cat-donjoy-knestoette","10":"product_cat-knestoetter-no","11":"product_cat-merkevarer","12":"product_cat-padel-no","13":"product_cat-skinner-og-stoetteskinner","14":"product_tag-donjoy-no","16":"first","17":"instock","18":"taxable","19":"shipping-taxable","20":"purchasable","21":"product-type-variable"},"acf":[],"_links":{"self":[{"href":"https:\/\/fysiolab.dk\/no\/wp-json\/wp\/v2\/product\/83724","targetHints":{"allow":["GET"]}}],"collection":[{"href":"https:\/\/fysiolab.dk\/no\/wp-json\/wp\/v2\/product"}],"about":[{"href":"https:\/\/fysiolab.dk\/no\/wp-json\/wp\/v2\/types\/product"}],"replies":[{"embeddable":true,"href":"https:\/\/fysiolab.dk\/no\/wp-json\/wp\/v2\/comments?post=83724"}],"wp:featuredmedia":[{"embeddable":true,"href":"https:\/\/fysiolab.dk\/no\/wp-json\/wp\/v2\/media\/83787"}],"wp:attachment":[{"href":"https:\/\/fysiolab.dk\/no\/wp-json\/wp\/v2\/media?parent=83724"}],"wp:term":[{"taxonomy":"product_brand","embeddable":true,"href":"https:\/\/fysiolab.dk\/no\/wp-json\/wp\/v2\/product_brand?post=83724"},{"taxonomy":"product_cat","embeddable":true,"href":"https:\/\/fysiolab.dk\/no\/wp-json\/wp\/v2\/product_cat?post=83724"},{"taxonomy":"product_tag","embeddable":true,"href":"https:\/\/fysiolab.dk\/no\/wp-json\/wp\/v2\/product_tag?post=83724"}],"curies":[{"name":"wp","href":"https:\/\/api.w.org\/{rel}","templated":true}]}}