{"id":83780,"date":"2023-07-16T14:08:23","date_gmt":"2023-07-16T12:08:23","guid":{"rendered":"https:\/\/fysiolab.dk\/product\/bauerfeind-kneskinne-secutec-genu\/"},"modified":"2025-12-18T09:21:37","modified_gmt":"2025-12-18T08:21:37","slug":"bauerfeind-kneskinne-secutec-genu","status":"publish","type":"product","link":"https:\/\/fysiolab.dk\/no\/product\/bauerfeind-kneskinne-secutec-genu\/","title":{"rendered":"Bauerfeind kneskinne, SecuTec Genu"},"content":{"rendered":"<p>Denne skinnen, SecuTec Genu fra tyske Bauerfeind, er unik n\u00e5r det gjelder \u00e5 stabilisere og beskytte de s\u00e5rbare strukturene i kneleddet. Kneskinnen fungerer ved \u00e5 kombinere det strekkfaste, uelastiske materialet, leddskinnene og borrel\u00e5sstroppene, som alle stabiliserer kneleddet i et 4-punktssystem. Leddene kan justeres tredimensjonalt slik at kneleddet ikke p\u00e5virkes av skadelige vridningsbelastninger.  <\/p>\n<p>Denne h\u00f8yteknologiske kneskinnen er anatomisk formet for utmerket passform og komfort.<\/p>\n<p>SecuTec Genu anbefales for f\u00f8lgende indikasjoner:<\/p>\n<p>- Instabilitet etter ruptur av fremre og\/eller bakre korsb\u00e5nd<\/p>\n<p>- Etter operasjon p\u00e5 kollateralligamenter og\/eller korsb\u00e5nd<\/p>\n<p>- Alvorlige eller komplekse ustabiliteter<\/p>\n<p>- For effektiv begrensning av kneleddets bevegelsesutslag<\/p>\n<p>- Konservativ og postoperativ behandling etter patellafraktur<\/p>\n<p><b>Indikasjoner:  <\/b><\/p>\n<p>Instabilitet etter ruptur av fremre og\/eller bakre korsb\u00e5nd (ACL\/PCL)<\/p>\n<p>Etter ligamentkirurgi p\u00e5 indre og\/eller ytre ligamenter (MCL\/LCL)<\/p>\n<p>Kompleks instabilitet (traumatisk, degenerativ)<\/p>\n<p>For \u00e5 begrense bevegelsesutslaget i kneleddet (f.eks. etter kollateralligamentskader eller etter sting eller meniskproteser)<\/p>\n<p>Konservativ og postoperativ behandling etter patellafraktur<\/p>\n<p><b>Kjennetegn:<\/b><\/p>\n<p>SecuTec\u00ae Genu er ekstremt lett.<\/p>\n<p>Den slanke aluminiumsrammen er anatomisk formet og ligger flatt og tett inntil huden.<\/p>\n<p>Den spesielle rammekonstruksjonen sikrer en enkel og s\u00f8ml\u00f8s tilpasning til bengeometrien, samtidig som leddniv\u00e5et opprettholdes.<\/p>\n<p>Den spesialbehandlede aluminiumslegeringen gj\u00f8r rammen ekstremt lett, stabil og formbar.<\/p>\n<p>Ortosen kan plasseres p\u00e5 benet forfra.<\/p>\n<p>N\u00e5r ortosen er festet p\u00e5 benet, kan de fysiologiske leddene enkelt begrenses avhengig av behandlingen. 4-punktsfikseringen s\u00f8rger for at det toaksiale leddet er ekstremt stabilt. <\/p>\n<p>De smussbeskyttede og slitesterke skj\u00f8tene har et mykt 0\u00b0-stopp.<\/p>\n<p>Den pustende og hudvennlige polstringen er belagt med et sklisikkert materiale og er enkel \u00e5 ta av og p\u00e5 for rengj\u00f8ring.<\/p>\n<p>Kondylputer av ulik tykkelse brukes for \u00e5 tilpasse seg den individuelle kneleddsbredden (hevelsesforhold).<\/p>\n<p>Den bevegelige kondylputen forhindrer hudirritasjon.<\/p>\n<p>For \u00e5 tilpasse stroppen til benets geometri kan stroppemalene brettes ut i to posisjoner og vendes sidelengs.<\/p>\n<p>Den nedre, distale og leddete stroppf\u00f8reren kan justeres i h\u00f8yden slik at den passer til sengens form.<\/p>\n<p>Den proksimale stroppen b\u00f8r flyttes ventralt ved behandling av PCL. Ved behandling av en kompleks instabilitet b\u00f8r det legges til en ekstra stropp. <\/p>\n<p>Fleksjon og ekstensjon m\u00e5 begrenses hver for seg. (Fleksjon: 0\u00b0, 10\u00b0, 20\u00b0, 30\u00b0, 45\u00b0, 60\u00b0, 75\u00b0, 90\u00b0, 120\u00b0) (Ekstensjon: 10\u00b0, 20\u00b0, 30\u00b0, 45\u00b0) <\/p>\n","protected":false},"excerpt":{"rendered":"<p><strong>Bauerfeinds ledende 4-punkts kneskinne sikrer korsb\u00e5ndet og andre viktige strukturer i kneet. Knest\u00f8tten er anatomisk utformet slik at den sitter tett p\u00e5 kneet og benet for optimal st\u00f8tte og bevegelsesfrihet.   <\/strong><\/p>\n<p>https:\/\/www.youtube.com\/watch?v=BCxDG81lf3o<\/p>\n","protected":false},"featured_media":83819,"comment_status":"closed","ping_status":"closed","template":"","meta":{"_acf_changed":false},"product_brand":[],"product_cat":[2149,2689,2354,2159,2148,2274,1937,2160,1933],"product_tag":[2356],"class_list":{"0":"post-83780","1":"product","2":"type-product","3":"status-publish","4":"has-post-thumbnail","6":"product_cat-alvorlig-ustabilitet-svaert-ustabil-no","7":"product_cat-bauerfeind-kneskinne","8":"product_cat-bondetamp","9":"product_cat-fremre-korsbaandskade-acl","10":"product_cat-knestoetter-no","11":"product_cat-menisk-no-2","12":"product_cat-merkevarer","13":"product_cat-skade-paa-bakre-korsbaand-pcl","14":"product_cat-skinner-og-stoetteskinner","15":"product_tag-bondetamp","17":"first","18":"instock","19":"taxable","20":"shipping-taxable","21":"purchasable","22":"product-type-variable"},"acf":[],"_links":{"self":[{"href":"https:\/\/fysiolab.dk\/no\/wp-json\/wp\/v2\/product\/83780","targetHints":{"allow":["GET"]}}],"collection":[{"href":"https:\/\/fysiolab.dk\/no\/wp-json\/wp\/v2\/product"}],"about":[{"href":"https:\/\/fysiolab.dk\/no\/wp-json\/wp\/v2\/types\/product"}],"replies":[{"embeddable":true,"href":"https:\/\/fysiolab.dk\/no\/wp-json\/wp\/v2\/comments?post=83780"}],"wp:featuredmedia":[{"embeddable":true,"href":"https:\/\/fysiolab.dk\/no\/wp-json\/wp\/v2\/media\/83819"}],"wp:attachment":[{"href":"https:\/\/fysiolab.dk\/no\/wp-json\/wp\/v2\/media?parent=83780"}],"wp:term":[{"taxonomy":"product_brand","embeddable":true,"href":"https:\/\/fysiolab.dk\/no\/wp-json\/wp\/v2\/product_brand?post=83780"},{"taxonomy":"product_cat","embeddable":true,"href":"https:\/\/fysiolab.dk\/no\/wp-json\/wp\/v2\/product_cat?post=83780"},{"taxonomy":"product_tag","embeddable":true,"href":"https:\/\/fysiolab.dk\/no\/wp-json\/wp\/v2\/product_tag?post=83780"}],"curies":[{"name":"wp","href":"https:\/\/api.w.org\/{rel}","templated":true}]}}