{"id":83789,"date":"2023-07-16T14:11:11","date_gmt":"2023-07-16T12:11:11","guid":{"rendered":"https:\/\/fysiolab.dk\/product\/bauerfeind-sports-knestropp\/"},"modified":"2025-12-18T09:21:36","modified_gmt":"2025-12-18T08:21:36","slug":"bauerfeind-sports-knestropp","status":"publish","type":"product","link":"https:\/\/fysiolab.dk\/no\/product\/bauerfeind-sports-knestropp\/","title":{"rendered":"Bauerfeind Sports knestropp"},"content":{"rendered":"<p><b>  BAUERFEIND SPORTS KNESTROPP  <\/b><\/p>\n<p>Knestropp for \u00e5 lindre smerter og ubehag p\u00e5 forsiden av kneet<\/p>\n<p><b>Funksjoner og egenskaper<\/b><\/p>\n<p>- inneholder en spesiell pute med fire trykkpunkter for \u00e5 avlaste patellasenen.<\/p>\n<p>- Spenne for individuell justering av avlastningstrykket<\/p>\n<p>- Anatomisk passform for maksimal st\u00f8tte og bevegelsesfrihet<\/p>\n<p>- Lett og luftig stoff som er slitesterkt.<\/p>\n<p>Henvender seg til idrettsut\u00f8vere og personer som l\u00f8per eller hopper mye. Knestroppen reduserer belastningen p\u00e5 patellasenen. En spesiell pute med trykkpunkter st\u00f8tter og stimulerer senen. Barn i vekst som lider av Osgood Schlatter-kn\u00e6r kan ha nytte av \u00e5 bruke stroppen.     <strong>Tilgjengelig i svart og bl\u00e5tt<\/strong><\/p>\n<p><b>St\u00f8rrelsesguide<\/b><\/p>\n<p><strong>M\u00e5l omkretsen av kneet rett under knesk\u00e5len<\/strong><\/p>\n<p><a href=\"https:\/\/dev.fysiolab.dk\/wp-content\/uploads\/2025\/05\/K3-1.png\"><img fetchpriority=\"high\" decoding=\"async\" class=\"alignnone size-medium wp-image-202393482\" src=\"https:\/\/dev.fysiolab.dk\/wp-content\/uploads\/2025\/05\/K3-1-300x169.png\" alt=\"\" width=\"300\" height=\"169\" title=\"\"><\/a><\/p>\n<p><strong>Omkrets Str<\/strong><\/p>\n<p><strong>29-32 cm S<\/strong><\/p>\n<p><strong>32-37 cm M<\/strong><\/p>\n<p><strong>37-42 cm L<\/strong><\/p>\n<p><strong>42-48 cm XL<\/strong><\/p>\n","protected":false},"excerpt":{"rendered":"<p><strong>Bauerfeind Sports Knee Support er en liten og smart bandasje som gir kompresjon og st\u00f8tte over det \u00f8mme punktet p\u00e5 knesk\u00e5len for\u00e5rsaket av tilstander som Osgood schlatter, jumpers knee, runner&#8217;s knee og patella tendinopathies<\/strong><\/p>\n<p> https:\/\/www.youtube.com\/watch?v=00TC7Jtjqs8<\/p>\n","protected":false},"featured_media":83830,"comment_status":"closed","ping_status":"closed","template":"","meta":{"_acf_changed":false},"product_brand":[3090],"product_cat":[2734,2354,2011,1978,1937,2009,1933,2200],"product_tag":[2356],"class_list":{"0":"post-83789","1":"product","2":"type-product","3":"status-publish","4":"has-post-thumbnail","6":"product_brand-bauerfeind","7":"product_cat-bauerfeind-knestoette","8":"product_cat-bondetamp","9":"product_cat-hopperkneet","10":"product_cat-knestoetter","11":"product_cat-merkevarer","12":"product_cat-osgood-snakk","13":"product_cat-skinner-og-stoetteskinner","14":"product_cat-uspesifikke-smerter-i-fremre-del-av-kneet","15":"product_tag-bondetamp","17":"first","18":"instock","19":"taxable","20":"shipping-taxable","21":"purchasable","22":"product-type-variable"},"acf":[],"_links":{"self":[{"href":"https:\/\/fysiolab.dk\/no\/wp-json\/wp\/v2\/product\/83789","targetHints":{"allow":["GET"]}}],"collection":[{"href":"https:\/\/fysiolab.dk\/no\/wp-json\/wp\/v2\/product"}],"about":[{"href":"https:\/\/fysiolab.dk\/no\/wp-json\/wp\/v2\/types\/product"}],"replies":[{"embeddable":true,"href":"https:\/\/fysiolab.dk\/no\/wp-json\/wp\/v2\/comments?post=83789"}],"wp:featuredmedia":[{"embeddable":true,"href":"https:\/\/fysiolab.dk\/no\/wp-json\/wp\/v2\/media\/83830"}],"wp:attachment":[{"href":"https:\/\/fysiolab.dk\/no\/wp-json\/wp\/v2\/media?parent=83789"}],"wp:term":[{"taxonomy":"product_brand","embeddable":true,"href":"https:\/\/fysiolab.dk\/no\/wp-json\/wp\/v2\/product_brand?post=83789"},{"taxonomy":"product_cat","embeddable":true,"href":"https:\/\/fysiolab.dk\/no\/wp-json\/wp\/v2\/product_cat?post=83789"},{"taxonomy":"product_tag","embeddable":true,"href":"https:\/\/fysiolab.dk\/no\/wp-json\/wp\/v2\/product_tag?post=83789"}],"curies":[{"name":"wp","href":"https:\/\/api.w.org\/{rel}","templated":true}]}}