{"id":83835,"date":"2023-07-16T14:08:22","date_gmt":"2023-07-16T12:08:22","guid":{"rendered":"https:\/\/fysiolab.dk\/product\/bauerfeind-tommelskinne-rhizoloc\/"},"modified":"2025-12-18T09:21:38","modified_gmt":"2025-12-18T08:21:38","slug":"bauerfeind-tommelskinne-rhizoloc","status":"publish","type":"product","link":"https:\/\/fysiolab.dk\/no\/product\/bauerfeind-tommelskinne-rhizoloc\/","title":{"rendered":"Bauerfeind tommelskinne, RhizoLoc"},"content":{"rendered":"<p><b>Bauerfeind RhizoLoc<\/b><\/p>\n<p>RhizoLoc er en lett stabiliseringsskinne som stabiliserer tommelens rotledd og grunnledd, samtidig som du kan begrense bevegelsen i tommelens grunnledd ved hjelp av en borrel\u00e5slomme.<\/p>\n<p>Den har h\u00f8y stabilitet takket v\u00e6re individuelt formbare aluminiumsbraketter.<\/p>\n<p>Tommelskinnen er utstyrt med borrel\u00e5slukninger som er enkle \u00e5 \u00e5pne, noe som gj\u00f8r det enkelt \u00e5 ta p\u00e5 og av ortosen med \u00e9n h\u00e5nd.<\/p>\n<p><strong>RhizoLoc anbefales for f\u00f8lgende indikasjoner:<\/strong><\/p>\n<p>- etter operasjonen<\/p>\n<p>- Etter traumer<\/p>\n<p>- for slitasjegikt i tommelen<\/p>\n<p>- Kollateralligamentskader i tommelens grunnledd, f.eks. skitommel<\/p>\n<p>- Langvarige irritasjoner (senebetennelse, leddsmerter osv.)<\/p>\n<p><b>Indikasjoner:  <\/b><\/p>\n<p>Slitasjegikt i tommelen<\/p>\n<p>Ski trommel<\/p>\n<p><b>Kjennetegn:  <\/b><\/p>\n<p>RhizoLoc\u00ae er en stabiliserende ortose.<\/p>\n<p>H\u00f8y stabilitet takket v\u00e6re individuelt formbare aluminiumsfester.<\/p>\n<p>Mulighet for \u00e5 justere bevegelsesomr\u00e5det i tommelens grunnledd via borrel\u00e5slomme.<\/p>\n<p>Borrel\u00e5sfestet gj\u00f8r den enkel \u00e5 h\u00e5ndtere og lett \u00e5 ta av og p\u00e5.<\/p>\n<p>Materialer som puster og luftporer s\u00f8rger for luftsirkulasjon.<\/p>\n<p><b>Virkem\u00e5te:  <\/b><\/p>\n<p>Stabilisering av tommelens rotledd og grunnledd.<\/p>\n<p>Mulighet for \u00e5 begrense bevegelsen i tommelens grunnledd.<\/p>\n<p><strong>St\u00f8rrelsesguide (se video for instruksjoner lenger ned i teksten)<\/strong><\/p>\n<p><strong>M\u00e5l omkretsen av h\u00e5ndleddet og tommelen ved grunnleddet<\/strong><\/p>\n<p><a href=\"https:\/\/dev.fysiolab.dk\/wp-content\/uploads\/2025\/05\/csm_measurement_rhizoloc_6b724e9d2c-2.jpg\"><img decoding=\"async\" class=\"alignnone wp-image-202394215\" src=\"https:\/\/dev.fysiolab.dk\/wp-content\/uploads\/2025\/05\/csm_measurement_rhizoloc_6b724e9d2c-2-300x230.jpg\" alt=\"\" width=\"248\" height=\"190\" title=\"\"><\/a><\/p>\n<p><strong>Omkrets h\u00e5ndledd Omkrets tommel St\u00f8rrelse  <\/strong><\/p>\n<p><strong>12,5-16 cm 5-7 cm 1<\/strong><\/p>\n<p><strong>16-20 cm 6,5-9 cm 2<\/strong><\/p>\n<p><iframe title=\"Opm\u00e5lingsvejledning til Bauerfeind RhizoLoc\" width=\"800\" height=\"450\" src=\"https:\/\/www.youtube.com\/embed\/R_SFW978tiE?feature=oembed\" frameborder=\"0\" allow=\"accelerometer; autoplay; clipboard-write; encrypted-media; gyroscope; picture-in-picture; web-share\" referrerpolicy=\"strict-origin-when-cross-origin\" allowfullscreen><\/iframe><\/p>\n","protected":false},"excerpt":{"rendered":"<p><strong>RhizoLoc er en lett, stabiliserende skinne for smerter i tommel og tommelens grunnledd. Skinnen har formbare aluminiumsskinner som gj\u00f8r at du kan tilpasse den til h\u00e5nden og tommelen din <\/strong><\/p>\n","protected":false},"featured_media":83847,"comment_status":"closed","ping_status":"closed","template":"","meta":{"_acf_changed":false},"product_brand":[],"product_cat":[2748,2749,2354,2041,1937,2063,2064,1933,2061,2065],"product_tag":[2356],"class_list":{"0":"post-83835","1":"product","2":"type-product","3":"status-publish","4":"has-post-thumbnail","6":"product_cat-bauerfeind-fingerbandasje","7":"product_cat-bauerfeind-tommelbandasje","8":"product_cat-bondetamp","9":"product_cat-fingre-no","10":"product_cat-merkevarer","11":"product_cat-rhizartrose-no","12":"product_cat-skiloeperens-tommel","13":"product_cat-skinner-og-stoetteskinner","14":"product_cat-slitasjegikt-i-tommelen","15":"product_cat-smerter-i-tommelens-rotledd","16":"product_tag-bondetamp","18":"first","19":"instock","20":"taxable","21":"shipping-taxable","22":"purchasable","23":"product-type-variable"},"acf":[],"_links":{"self":[{"href":"https:\/\/fysiolab.dk\/no\/wp-json\/wp\/v2\/product\/83835","targetHints":{"allow":["GET"]}}],"collection":[{"href":"https:\/\/fysiolab.dk\/no\/wp-json\/wp\/v2\/product"}],"about":[{"href":"https:\/\/fysiolab.dk\/no\/wp-json\/wp\/v2\/types\/product"}],"replies":[{"embeddable":true,"href":"https:\/\/fysiolab.dk\/no\/wp-json\/wp\/v2\/comments?post=83835"}],"wp:featuredmedia":[{"embeddable":true,"href":"https:\/\/fysiolab.dk\/no\/wp-json\/wp\/v2\/media\/83847"}],"wp:attachment":[{"href":"https:\/\/fysiolab.dk\/no\/wp-json\/wp\/v2\/media?parent=83835"}],"wp:term":[{"taxonomy":"product_brand","embeddable":true,"href":"https:\/\/fysiolab.dk\/no\/wp-json\/wp\/v2\/product_brand?post=83835"},{"taxonomy":"product_cat","embeddable":true,"href":"https:\/\/fysiolab.dk\/no\/wp-json\/wp\/v2\/product_cat?post=83835"},{"taxonomy":"product_tag","embeddable":true,"href":"https:\/\/fysiolab.dk\/no\/wp-json\/wp\/v2\/product_tag?post=83835"}],"curies":[{"name":"wp","href":"https:\/\/api.w.org\/{rel}","templated":true}]}}