{"id":83836,"date":"2023-07-16T14:11:11","date_gmt":"2023-07-16T12:11:11","guid":{"rendered":"https:\/\/fysiolab.dk\/product\/bauerfeind-saale-ergopad-ski-skate\/"},"modified":"2025-12-18T09:21:36","modified_gmt":"2025-12-18T08:21:36","slug":"bauerfeind-saale-ergopad-ski-skate","status":"publish","type":"product","link":"https:\/\/fysiolab.dk\/no\/product\/bauerfeind-saale-ergopad-ski-skate\/","title":{"rendered":"Bauerfeind s\u00e5le Ergopad Ski &amp; Skate"},"content":{"rendered":"<p>Inners\u00e5len er utviklet spesielt for bruk med ski og snowboard. Hvis du st\u00e5r p\u00e5 sk\u00f8yter, anbefales innleggss\u00e5len ogs\u00e5. H\u00e6lkoppen i inners\u00e5len gir avlastning for akillessenen n\u00e5r du kj\u00f8rer i bakker og l\u00f8yper. Du vil oppleve statiske belastninger n\u00e5r du st\u00e5r p\u00e5 ski eller snowboard, og s\u00e5len hjelper deg med \u00e5 stabilisere og bevege deg p\u00e5 de riktige stedene. S\u00e5len kan tilpasses under oppvarmingen slik at den passer perfekt i skist\u00f8velen eller sk\u00f8ytene dine.    <\/p>\n<p>Funksjoner og egenskaper<\/p>\n<p>-Termoregulerende lag som beskytter mot kulde<\/p>\n<p>- Beskyttelse av forfoten og h\u00e6len n\u00e5r du treffer bakken. S\u00e5len st\u00f8tter fotbuen samtidig som den naturlige bevegeligheten til f\u00f8ttene opprettholdes. <\/p>\n<p>- H\u00e6lpute som styrer og stabiliserer foten under bevegelse<\/p>\n<p>- Sensomotoriske plaster for \u00e5 stimulere de stabiliserende fotmusklene<\/p>\n<p>- Antibakteriell og lukthemmende.<\/p>\n<p>Sportsinners\u00e5len s\u00f8rger for perfekt komfort og st\u00f8tte under bevegelse. Den fleksible og innovative designen st\u00f8tter fotens naturlige fleksibilitet. <\/p>\n<p><b>St\u00f8rrelse<\/b><\/p>\n<p>Skost\u00f8rrelse<\/p>\n<p>Tilpasning<\/p>\n<p>Delvis formbar ved 90 \u00b0C - s\u00e5len varmes opp i 20-30 sekunder<\/p>\n<p>Fullstendig formbar ved 90 \u00b0C - s\u00e5len varmes opp i 1-2 minutter<\/p>\n<p>&nbsp;<\/p>\n","protected":false},"excerpt":{"rendered":"<p>Inners\u00e5len er utviklet spesielt for bruk med ski og snowboard. Hvis du st\u00e5r p\u00e5 sk\u00f8yter, anbefales innleggss\u00e5len ogs\u00e5. H\u00e6lkoppen i inners\u00e5len gir avlastning for akillessenen n\u00e5r du kj\u00f8rer i bakker og l\u00f8yper. Du vil oppleve statiske belastninger n\u00e5r du st\u00e5r p\u00e5 ski eller snowboard, og s\u00e5len hjelper deg med \u00e5 stabilisere og bevege deg p\u00e5 [&hellip;]<\/p>\n","protected":false},"featured_media":83843,"comment_status":"closed","ping_status":"closed","template":"","meta":{"_acf_changed":false},"product_brand":[3090],"product_cat":[2589,2354,2057,2588,2056,1937,1998,1933,1994,2016],"product_tag":[2356],"class_list":{"0":"post-83836","1":"product","2":"type-product","3":"status-publish","4":"has-post-thumbnail","6":"product_brand-bauerfeind","7":"product_cat-bauerfeind-saaler-no","8":"product_cat-bondetamp","9":"product_cat-flatfot","10":"product_cat-innersaaler","11":"product_cat-innsunket-forfot-no","12":"product_cat-merkevarer","13":"product_cat-plantar-facitis-no-2","14":"product_cat-skinner-og-stoetteskinner","15":"product_cat-sko-og-saaler-no","16":"product_cat-uttak","17":"product_tag-bondetamp","19":"first","20":"instock","21":"sale","22":"taxable","23":"shipping-taxable","24":"purchasable","25":"product-type-variable"},"acf":[],"_links":{"self":[{"href":"https:\/\/fysiolab.dk\/no\/wp-json\/wp\/v2\/product\/83836","targetHints":{"allow":["GET"]}}],"collection":[{"href":"https:\/\/fysiolab.dk\/no\/wp-json\/wp\/v2\/product"}],"about":[{"href":"https:\/\/fysiolab.dk\/no\/wp-json\/wp\/v2\/types\/product"}],"replies":[{"embeddable":true,"href":"https:\/\/fysiolab.dk\/no\/wp-json\/wp\/v2\/comments?post=83836"}],"wp:featuredmedia":[{"embeddable":true,"href":"https:\/\/fysiolab.dk\/no\/wp-json\/wp\/v2\/media\/83843"}],"wp:attachment":[{"href":"https:\/\/fysiolab.dk\/no\/wp-json\/wp\/v2\/media?parent=83836"}],"wp:term":[{"taxonomy":"product_brand","embeddable":true,"href":"https:\/\/fysiolab.dk\/no\/wp-json\/wp\/v2\/product_brand?post=83836"},{"taxonomy":"product_cat","embeddable":true,"href":"https:\/\/fysiolab.dk\/no\/wp-json\/wp\/v2\/product_cat?post=83836"},{"taxonomy":"product_tag","embeddable":true,"href":"https:\/\/fysiolab.dk\/no\/wp-json\/wp\/v2\/product_tag?post=83836"}],"curies":[{"name":"wp","href":"https:\/\/api.w.org\/{rel}","templated":true}]}}