{"id":83853,"date":"2023-07-16T14:07:34","date_gmt":"2023-07-16T12:07:34","guid":{"rendered":"https:\/\/fysiolab.dk\/product\/bauerfeind-haandleddsskinne-manuloc\/"},"modified":"2025-12-18T09:21:38","modified_gmt":"2025-12-18T08:21:38","slug":"bauerfeind-haandleddsskinne-manuloc","status":"publish","type":"product","link":"https:\/\/fysiolab.dk\/no\/product\/bauerfeind-haandleddsskinne-manuloc\/","title":{"rendered":"Bauerfeind h\u00e5ndleddsskinne, ManuLoc"},"content":{"rendered":"<p><b>ManuLoc  <\/b><\/p>\n<p>H\u00e5ndleddsskinnen forhindrer feilstilling av h\u00e5ndleddet ved hjelp av anatomisk formede aluminiumstag.<\/p>\n<p>Skinnen er utstyrt med en anatomisk formet metakarpal stang som stabiliserer h\u00e5ndleddet i en god posisjon. Utformingen muliggj\u00f8r en funksjonell gripebevegelse og opprettholder bevegeligheten. <\/p>\n<p>Laget av pustende og fukttransporterende materialer uten s\u00f8mmer for h\u00f8y komfort.<\/p>\n<p>De store borrel\u00e5slukkingene gj\u00f8r det enkelt og raskt \u00e5 ta av og p\u00e5.<\/p>\n<p><strong>Ortosen passer til b\u00e5de h\u00f8yre og venstre h\u00e5ndledd.  <\/strong><\/p>\n<p><strong>St\u00f8rrelsesguide  <\/strong><\/p>\n<p><strong>M\u00e5l omkretsen p\u00e5 h\u00e5ndleddet (se bildet for st\u00f8rrelser)<\/strong><\/p>\n<p><b>ManuLoc anbefales for f\u00f8lgende indikasjoner:  <\/b><\/p>\n<p>- Irritasjon og smerter f\u00f8r og etter operasjonen<\/p>\n<p>- For ligamentbeskyttelse etter traumer og ukompliserte brudd som et bedre alternativ til plaster<\/p>\n<p>- Mild form for karpaltunnelsyndrom<\/p>\n<p>- Tendovaginitt (tendovaginitt)<\/p>\n<p><b>Indikasjoner:  <\/b><\/p>\n<p>- Postoperative irritasjoner<\/p>\n<p>- Posttraumatisk<\/p>\n<p>- Karpaltunnelsyndrom<\/p>\n<p><b>Kjennetegn:<\/b><\/p>\n<p>- ManuLoc\u00ae er en ortose for stabilisering av h\u00e5ndleddet.<\/p>\n<p>- Anatomisk formet metakarpal stang stabiliserer h\u00e5ndleddet i funksjonell posisjon.<\/p>\n<p>- Konstruksjonen av metakarpalen muliggj\u00f8r en funksjonell gripebevegelse, samtidig som bevegeligheten bevares.<\/p>\n<p>- Pustende, fukttransporterende materialer og h\u00f8y kvalitet (ingen s\u00f8mmer) sikrer h\u00f8y b\u00e6rekomfort.<\/p>\n<p>- Store borrel\u00e5slukninger gj\u00f8r det enkelt \u00e5 ta ortosen av og p\u00e5.<\/p>\n<p><b>Virkem\u00e5te:  <\/b><\/p>\n<p>- De integrerte aluminiumsstagene er anatomisk formet og sikrer h\u00e5ndleddet.<\/p>\n<p>- Ortosen forhindrer feilstilling av distale og proksimale h\u00e5ndledd.<\/p>\n<p>- Sideavstivere begrenser bevegelsen radialt og ulnart.<\/p>\n<p><a href=\"https:\/\/dev.fysiolab.dk\/wp-content\/uploads\/2025\/05\/csm_measurement_manutrain_90d07730c6-2.jpg\"><img fetchpriority=\"high\" decoding=\"async\" class=\"alignnone size-medium wp-image-202391963\" src=\"https:\/\/dev.fysiolab.dk\/wp-content\/uploads\/2025\/05\/csm_measurement_manutrain_90d07730c6-2-300x230.jpg\" alt=\"\" width=\"300\" height=\"230\" title=\"\"><\/a><\/p>\n<p><a href=\"https:\/\/dev.fysiolab.dk\/wp-content\/uploads\/2025\/05\/csm_sizingtable_manuloc_dk_cm_712716d4cb.jpg\"><img decoding=\"async\" class=\"alignnone wp-image-202391968\" src=\"https:\/\/dev.fysiolab.dk\/wp-content\/uploads\/2025\/05\/csm_sizingtable_manuloc_dk_cm_712716d4cb-300x150.jpg\" alt=\"\" width=\"474\" height=\"237\" title=\"\"><\/a><\/p>\n","protected":false},"excerpt":{"rendered":"<p><strong>ManuLoc h\u00e5ndleddsskinne forhindrer skjevstilling av h\u00e5ndleddet med anatomisk formede aluminiumsstag<\/strong>.<\/p>\n<p> https:\/\/www.youtube.com\/watch?v=uT1ZaBnbLiI<\/p>\n","protected":false},"featured_media":83866,"comment_status":"closed","ping_status":"closed","template":"","meta":{"_acf_changed":false},"product_brand":[],"product_cat":[2071,2751,2750,2354,2042,2043,2040,1937,2067,2070,1933],"product_tag":[2356],"class_list":{"0":"post-83853","1":"product","2":"type-product","3":"status-publish","4":"has-post-thumbnail","6":"product_cat-artrose-i-haandleddet","7":"product_cat-bauerfeind-haandleddsskinne","8":"product_cat-bauerfeind-haandleddstoette","9":"product_cat-bondetamp","10":"product_cat-brudd-i-haandleddet","11":"product_cat-forstuing-og-overbelastning-av-haandleddet","12":"product_cat-haand-og-haandleddsskinne","13":"product_cat-merkevarer","14":"product_cat-senebetennelse","15":"product_cat-senebetennelse-i-haandleddet","16":"product_cat-skinner-og-stoetteskinner","17":"product_tag-bondetamp","19":"first","20":"instock","21":"taxable","22":"shipping-taxable","23":"purchasable","24":"product-type-variable"},"acf":[],"_links":{"self":[{"href":"https:\/\/fysiolab.dk\/no\/wp-json\/wp\/v2\/product\/83853","targetHints":{"allow":["GET"]}}],"collection":[{"href":"https:\/\/fysiolab.dk\/no\/wp-json\/wp\/v2\/product"}],"about":[{"href":"https:\/\/fysiolab.dk\/no\/wp-json\/wp\/v2\/types\/product"}],"replies":[{"embeddable":true,"href":"https:\/\/fysiolab.dk\/no\/wp-json\/wp\/v2\/comments?post=83853"}],"wp:featuredmedia":[{"embeddable":true,"href":"https:\/\/fysiolab.dk\/no\/wp-json\/wp\/v2\/media\/83866"}],"wp:attachment":[{"href":"https:\/\/fysiolab.dk\/no\/wp-json\/wp\/v2\/media?parent=83853"}],"wp:term":[{"taxonomy":"product_brand","embeddable":true,"href":"https:\/\/fysiolab.dk\/no\/wp-json\/wp\/v2\/product_brand?post=83853"},{"taxonomy":"product_cat","embeddable":true,"href":"https:\/\/fysiolab.dk\/no\/wp-json\/wp\/v2\/product_cat?post=83853"},{"taxonomy":"product_tag","embeddable":true,"href":"https:\/\/fysiolab.dk\/no\/wp-json\/wp\/v2\/product_tag?post=83853"}],"curies":[{"name":"wp","href":"https:\/\/api.w.org\/{rel}","templated":true}]}}