{"id":83869,"date":"2023-07-16T14:11:10","date_gmt":"2023-07-16T12:11:10","guid":{"rendered":"https:\/\/fysiolab.dk\/product\/bauerfeind-sports-albuefall\/"},"modified":"2025-12-18T09:21:37","modified_gmt":"2025-12-18T08:21:37","slug":"bauerfeind-sports-albuefall","status":"publish","type":"product","link":"https:\/\/fysiolab.dk\/no\/product\/bauerfeind-sports-albuefall\/","title":{"rendered":"Bauerfeind Sports albuefall"},"content":{"rendered":"<p><b>  BAUERFEIND SPORTS ALBUESTROPP<\/b><\/p>\n<p>Albuestropp for \u00e5 avlaste trykk og smerter i albuen - Lider du av tennis-\/padel tennis- eller golfalbue? Da er Sports Elbow Strap den perfekte l\u00f8sningen for deg. Den er utviklet for sportslige aktiviteter og inneholder en spesiell 5-punkts pute som gir m\u00e5lrettet trykk for \u00e5 redusere belastningen p\u00e5 muskler og sener i underarmen. Et produkt av topp kvalitet med lang holdbarhet - slik at du kan fortsette din aktive hverdag.    - <strong>Universell st\u00f8rrelse som tilpasser seg den enkelte med BOA-lukking som ogs\u00e5 gir presis og \u00f8nsket kompresjon<\/strong><\/p>\n<p><b>Funksjoner og egenskaper<\/b><\/p>\n<p>- 5-punkts pute med borrel\u00e5sspenne for muskel- og fasciastimulering<\/p>\n<p>- Justerbart lukkesystem for millimeterpresis justering av spennen. Systemet fungerer ved hjelp av en roterende funksjon <\/p>\n<p>- Anatomisk passform for maksimal st\u00f8tte og bevegelsesfrihet.<\/p>\n<p>- Universell st\u00f8rrelse som tilpasser seg den enkelte med BOA-lukking som ogs\u00e5 gir presis og \u00f8nsket kompresjon<\/p>\n<p>-Passer b\u00e5de h\u00f8yre og venstre arm<\/p>\n<p>Bandasjen gir et m\u00e5lrettet trykk for \u00e5 redusere belastningen p\u00e5 underarmsmuskulaturen. Kan lindre irritasjon, smerte og betennelse i forbindelse med tennis- og golfalbue. <\/p>\n","protected":false},"excerpt":{"rendered":"<p><strong>Bauerfeind Sports albuebandasje er utviklet for deg som lider av tennis-\/golfalbue. Bandasjen er universal i st\u00f8rrelse og tilpasses den enkelte med den smarte BOA-lukkingen som ogs\u00e5 s\u00f8rger for presis kompresjon mot det smertefulle omr\u00e5det.  - Universell st\u00f8rrelse som tilpasser seg den enkelte med BOA-lukking som ogs\u00e5 gir presis og \u00f8nsket kompresjon<\/strong><\/p>\n","protected":false},"featured_media":83871,"comment_status":"closed","ping_status":"closed","template":"","meta":{"_acf_changed":false},"product_brand":[3090],"product_cat":[1932,2753,2354,1935,1937,1970,1933,1934],"product_tag":[2356],"class_list":{"0":"post-83869","1":"product","2":"type-product","3":"status-publish","4":"has-post-thumbnail","6":"product_brand-bauerfeind","7":"product_cat-albue-no","8":"product_cat-bauerfeind-albuestoette","9":"product_cat-bondetamp","10":"product_cat-golfalbue-no","11":"product_cat-merkevarer","12":"product_cat-padel-no","13":"product_cat-skinner-og-stoetteskinner","14":"product_cat-tennisalbue-no","15":"product_tag-bondetamp","17":"first","18":"instock","19":"taxable","20":"shipping-taxable","21":"purchasable","22":"product-type-simple"},"acf":[],"_links":{"self":[{"href":"https:\/\/fysiolab.dk\/no\/wp-json\/wp\/v2\/product\/83869","targetHints":{"allow":["GET"]}}],"collection":[{"href":"https:\/\/fysiolab.dk\/no\/wp-json\/wp\/v2\/product"}],"about":[{"href":"https:\/\/fysiolab.dk\/no\/wp-json\/wp\/v2\/types\/product"}],"replies":[{"embeddable":true,"href":"https:\/\/fysiolab.dk\/no\/wp-json\/wp\/v2\/comments?post=83869"}],"wp:featuredmedia":[{"embeddable":true,"href":"https:\/\/fysiolab.dk\/no\/wp-json\/wp\/v2\/media\/83871"}],"wp:attachment":[{"href":"https:\/\/fysiolab.dk\/no\/wp-json\/wp\/v2\/media?parent=83869"}],"wp:term":[{"taxonomy":"product_brand","embeddable":true,"href":"https:\/\/fysiolab.dk\/no\/wp-json\/wp\/v2\/product_brand?post=83869"},{"taxonomy":"product_cat","embeddable":true,"href":"https:\/\/fysiolab.dk\/no\/wp-json\/wp\/v2\/product_cat?post=83869"},{"taxonomy":"product_tag","embeddable":true,"href":"https:\/\/fysiolab.dk\/no\/wp-json\/wp\/v2\/product_tag?post=83869"}],"curies":[{"name":"wp","href":"https:\/\/api.w.org\/{rel}","templated":true}]}}