{"id":83870,"date":"2023-07-16T14:07:11","date_gmt":"2023-07-16T12:07:11","guid":{"rendered":"https:\/\/fysiolab.dk\/product\/bauerfeind-ryggstoette-lumboloc\/"},"modified":"2025-12-18T09:21:38","modified_gmt":"2025-12-18T08:21:38","slug":"bauerfeind-ryggstoette-lumboloc","status":"publish","type":"product","link":"https:\/\/fysiolab.dk\/no\/product\/bauerfeind-ryggstoette-lumboloc\/","title":{"rendered":"Bauerfeind ryggst\u00f8tte, LumboLoc"},"content":{"rendered":"<p><b>LumboLoc  <\/b><\/p>\n<p>Ryggst\u00f8tten er utstyrt med fire integrerte korsettstag som st\u00f8tter den anatomisk korrekte holdningen rundt korsryggen.<\/p>\n<p>Bandasjen kan enkelt tilpasses for \u00e5 sikre h\u00f8y b\u00e6rekomfort og justerbar kompresjon i bukomr\u00e5det.<\/p>\n<p>Ryggst\u00f8tten er for personer med smerter og utilstrekkelig muskelstyrke i korsryggen.<\/p>\n<p><b>Indikasjoner:  <\/b><\/p>\n<p>- LHS-syndromet<\/p>\n<p>- Degenerasjon\/muskelsvikt HS (moderat)<\/p>\n<p>Fasettsyndrom<\/p>\n<p><b>Kjennetegn:  <\/b><\/p>\n<p>- Den anatomisk formede strikken s\u00f8rger for individuell tilpasning og h\u00f8y komfort.<\/p>\n<p>- Praktiske stropper gj\u00f8r det enkelt \u00e5 ta p\u00e5 ortosen uten store anstrengelser.<\/p>\n<p><b>Virkem\u00e5te:<\/b><\/p>\n<p>- Den stabiliserende ortosen avlaster ryggen gjennom individuelt justerbar kompresjon av mageomr\u00e5det.<\/p>\n<p>- Korsettstagene er plassert dorsalt og har en anatomisk form som st\u00f8tter en anatomisk korrekt holdning i korsryggen og gj\u00f8r det enkelt \u00e5 tilpasse korsettet.<\/p>\n<p><strong>St\u00f8rrelsesguide  <\/strong><\/p>\n<p><strong>Omkretsen m\u00e5les rundt korsryggen<\/strong><\/p>\n<p><strong> <a href=\"https:\/\/dev.fysiolab.dk\/wp-content\/uploads\/2025\/05\/csm_measurement_lumbotrain_746f50c570-1.jpg\"><img decoding=\"async\" class=\"alignnone wp-image-202391839\" src=\"https:\/\/dev.fysiolab.dk\/wp-content\/uploads\/2025\/05\/csm_measurement_lumbotrain_746f50c570-1-300x230.jpg\" alt=\"\" width=\"173\" height=\"133\" title=\"\"><\/a><\/strong><\/p>\n<p><strong>Omkrets Str<\/strong><\/p>\n<p><strong>70-80 cm 1<\/strong><\/p>\n<p><strong>80-90 cm 2<\/strong><\/p>\n<p><strong>90-100 cm 3<\/strong><\/p>\n<p><strong>100-110 cm 4<\/strong><\/p>\n<p><strong>110-120 cm 5<\/strong><\/p>\n<p><strong>120-130 cm 6<\/strong><\/p>\n<p>&nbsp;<\/p>\n","protected":false},"excerpt":{"rendered":"<p><strong>LumboLoc ryggbandasje anbefales ved akutte og kroniske korsryggsmerter. Bandasjen er utformet for \u00e5 gi st\u00f8tte og kompresjon for \u00e5 beskytte ryggvirvlene bedre mot f.eks. foroverb\u00f8yning og muskelaktivering. <\/strong><\/p>\n<p>https:\/\/www.youtube.com\/watch?v=_c2mbw5K7uY<\/p>\n","protected":false},"featured_media":83880,"comment_status":"closed","ping_status":"closed","template":"","meta":{"_acf_changed":false},"product_brand":[],"product_cat":[2188,2189,2755,2754,2354,2191,2192,1937,2190,2184,1933,2186,2187],"product_tag":[2356],"class_list":{"0":"post-83870","1":"product","2":"type-product","3":"status-publish","4":"has-post-thumbnail","6":"product_cat-anstrengt-rygg","7":"product_cat-artrose-i-ryggen","8":"product_cat-bauerfeind-korsryggbelte","9":"product_cat-bauerfeind-ryggstoette","10":"product_cat-bondetamp","11":"product_cat-brudd-i-ryggen-brudd-i-ryggraden","12":"product_cat-isjias-iskias","13":"product_cat-merkevarer","14":"product_cat-osteoporose-benskjoerhet-i-ryggen","15":"product_cat-rygg-og-korsrygg","16":"product_cat-skinner-og-stoetteskinner","17":"product_cat-skiveprolaps","18":"product_cat-smerter-i-nedre-del-av-ryggen","19":"product_tag-bondetamp","21":"first","22":"instock","23":"taxable","24":"shipping-taxable","25":"purchasable","26":"product-type-variable"},"acf":[],"_links":{"self":[{"href":"https:\/\/fysiolab.dk\/no\/wp-json\/wp\/v2\/product\/83870","targetHints":{"allow":["GET"]}}],"collection":[{"href":"https:\/\/fysiolab.dk\/no\/wp-json\/wp\/v2\/product"}],"about":[{"href":"https:\/\/fysiolab.dk\/no\/wp-json\/wp\/v2\/types\/product"}],"replies":[{"embeddable":true,"href":"https:\/\/fysiolab.dk\/no\/wp-json\/wp\/v2\/comments?post=83870"}],"wp:featuredmedia":[{"embeddable":true,"href":"https:\/\/fysiolab.dk\/no\/wp-json\/wp\/v2\/media\/83880"}],"wp:attachment":[{"href":"https:\/\/fysiolab.dk\/no\/wp-json\/wp\/v2\/media?parent=83870"}],"wp:term":[{"taxonomy":"product_brand","embeddable":true,"href":"https:\/\/fysiolab.dk\/no\/wp-json\/wp\/v2\/product_brand?post=83870"},{"taxonomy":"product_cat","embeddable":true,"href":"https:\/\/fysiolab.dk\/no\/wp-json\/wp\/v2\/product_cat?post=83870"},{"taxonomy":"product_tag","embeddable":true,"href":"https:\/\/fysiolab.dk\/no\/wp-json\/wp\/v2\/product_tag?post=83870"}],"curies":[{"name":"wp","href":"https:\/\/api.w.org\/{rel}","templated":true}]}}